{"id":640,"date":"2022-12-14T08:41:36","date_gmt":"2022-12-14T08:41:36","guid":{"rendered":"https:\/\/rubberflex.fr\/?page_id=640"},"modified":"2023-01-11T10:26:55","modified_gmt":"2023-01-11T10:26:55","slug":"fb","status":"publish","type":"page","link":"https:\/\/rubberflex.fr\/?page_id=640","title":{"rendered":"FB"},"content":{"rendered":"\t\t<div data-elementor-type=\"wp-page\" data-elementor-id=\"640\" class=\"elementor elementor-640\">\n\t\t\t\t\t\t<section class=\"elementor-section elementor-top-section elementor-element elementor-element-d07b498 elementor-section-boxed elementor-section-height-default elementor-section-height-default\" data-id=\"d07b498\" data-element_type=\"section\">\n\t\t\t\t\t\t<div class=\"elementor-container elementor-column-gap-default\">\n\t\t\t\t\t<div class=\"elementor-column elementor-col-50 elementor-top-column elementor-element elementor-element-d40efdc\" data-id=\"d40efdc\" data-element_type=\"column\" data-settings=\"{&quot;background_background&quot;:&quot;classic&quot;}\">\n\t\t\t<div class=\"elementor-widget-wrap elementor-element-populated\">\n\t\t\t\t\t\t<div class=\"elementor-element elementor-element-d6fb233 elementor-widget elementor-widget-image\" data-id=\"d6fb233\" data-element_type=\"widget\" data-widget_type=\"image.default\">\n\t\t\t\t<div class=\"elementor-widget-container\">\n\t\t\t\t\t\t\t\t\t\t\t\t\t\t\t<img fetchpriority=\"high\" decoding=\"async\" width=\"600\" height=\"600\" src=\"https:\/\/rubberflex.fr\/wp-content\/uploads\/2022\/11\/document-3-avec-membrane-FB.jpg\" class=\"attachment-large size-large wp-image-172\" alt=\"\" srcset=\"https:\/\/rubberflex.fr\/wp-content\/uploads\/2022\/11\/document-3-avec-membrane-FB.jpg 600w, https:\/\/rubberflex.fr\/wp-content\/uploads\/2022\/11\/document-3-avec-membrane-FB-300x300.jpg 300w, https:\/\/rubberflex.fr\/wp-content\/uploads\/2022\/11\/document-3-avec-membrane-FB-150x150.jpg 150w\" sizes=\"(max-width: 600px) 100vw, 600px\" \/>\t\t\t\t\t\t\t\t\t\t\t\t\t\t\t<\/div>\n\t\t\t\t<\/div>\n\t\t\t\t\t<\/div>\n\t\t<\/div>\n\t\t\t\t<div class=\"elementor-column elementor-col-50 elementor-top-column elementor-element elementor-element-b08c428\" data-id=\"b08c428\" data-element_type=\"column\" data-settings=\"{&quot;background_background&quot;:&quot;classic&quot;}\">\n\t\t\t<div class=\"elementor-widget-wrap elementor-element-populated\">\n\t\t\t\t\t\t<div class=\"elementor-element elementor-element-8221a79 elementor-widget elementor-widget-text-editor\" data-id=\"8221a79\" data-element_type=\"widget\" data-widget_type=\"text-editor.default\">\n\t\t\t\t<div class=\"elementor-widget-container\">\n\t\t\t\t\t\t\t\t\t<h1>Sintofoil FB<\/h1>\t\t\t\t\t\t\t\t<\/div>\n\t\t\t\t<\/div>\n\t\t\t\t<div class=\"elementor-element elementor-element-8be429f elementor-widget elementor-widget-text-editor\" data-id=\"8be429f\" data-element_type=\"widget\" data-widget_type=\"text-editor.default\">\n\t\t\t\t<div class=\"elementor-widget-container\">\n\t\t\t\t\t\t\t\t\t<h2>Description<\/h2>\t\t\t\t\t\t\t\t<\/div>\n\t\t\t\t<\/div>\n\t\t\t\t<div class=\"elementor-element elementor-element-59e41e5 elementor-widget elementor-widget-text-editor\" data-id=\"59e41e5\" data-element_type=\"widget\" data-widget_type=\"text-editor.default\">\n\t\t\t\t<div class=\"elementor-widget-container\">\n\t\t\t\t\t\t\t\t\t<ul><li>Membrane \u00e0 base de TPO\/FPA (Flexible Polypropyl\u00e8ne Alloy) produite par extrusion de granules obtenus par m\u00e9lange de caoutchouc \u00e9thyl\u00e8ne propyl\u00e8ne et de polypropyl\u00e8ne. Les granules sont charg\u00e9s d&rsquo;additifs divers selon le type de membrane.<\/li><li>Un g\u00e9otextile polyester de 300g est appliqu\u00e9 en surface, une bande de soudure non garnie \u00e9tant laiss\u00e9e en bordure de la feuille.<\/li><li><span style=\"color: #008000;\"><strong>Certification DTA CSTB fix\u00e9 m\u00e9caniquement et sous protection lourde.<\/strong><\/span><\/li><\/ul>\t\t\t\t\t\t\t\t<\/div>\n\t\t\t\t<\/div>\n\t\t\t\t\t<\/div>\n\t\t<\/div>\n\t\t\t\t\t<\/div>\n\t\t<\/section>\n\t\t\t\t<section class=\"elementor-section elementor-top-section elementor-element elementor-element-9b00941 elementor-section-boxed elementor-section-height-default elementor-section-height-default\" data-id=\"9b00941\" data-element_type=\"section\">\n\t\t\t\t\t\t<div class=\"elementor-container elementor-column-gap-default\">\n\t\t\t\t\t<div class=\"elementor-column elementor-col-100 elementor-top-column elementor-element elementor-element-e336064\" data-id=\"e336064\" data-element_type=\"column\" data-settings=\"{&quot;background_background&quot;:&quot;classic&quot;}\">\n\t\t\t<div class=\"elementor-widget-wrap elementor-element-populated\">\n\t\t\t\t\t\t<div class=\"elementor-element elementor-element-f21982e elementor-widget elementor-widget-text-editor\" data-id=\"f21982e\" data-element_type=\"widget\" data-widget_type=\"text-editor.default\">\n\t\t\t\t<div class=\"elementor-widget-container\">\n\t\t\t\t\t\t\t\t\t<h2><strong>Caract\u00e9ristiques :<\/strong><\/h2>\t\t\t\t\t\t\t\t<\/div>\n\t\t\t\t<\/div>\n\t\t\t\t<div class=\"elementor-element elementor-element-b0ea21d elementor-widget elementor-widget-image\" data-id=\"b0ea21d\" data-element_type=\"widget\" data-widget_type=\"image.default\">\n\t\t\t\t<div class=\"elementor-widget-container\">\n\t\t\t\t\t\t\t\t\t\t\t\t\t\t\t<img decoding=\"async\" width=\"647\" height=\"566\" src=\"https:\/\/rubberflex.fr\/wp-content\/uploads\/2022\/12\/tableau-FB.png\" class=\"attachment-large size-large wp-image-689\" alt=\"\" srcset=\"https:\/\/rubberflex.fr\/wp-content\/uploads\/2022\/12\/tableau-FB.png 647w, https:\/\/rubberflex.fr\/wp-content\/uploads\/2022\/12\/tableau-FB-300x262.png 300w\" sizes=\"(max-width: 647px) 100vw, 647px\" \/>\t\t\t\t\t\t\t\t\t\t\t\t\t\t\t<\/div>\n\t\t\t\t<\/div>\n\t\t\t\t<div class=\"elementor-element elementor-element-2c3f922 elementor-widget elementor-widget-text-editor\" data-id=\"2c3f922\" data-element_type=\"widget\" data-widget_type=\"text-editor.default\">\n\t\t\t\t<div class=\"elementor-widget-container\">\n\t\t\t\t\t\t\t\t\t<h2><strong>Domaines d&rsquo;application :<\/strong><\/h2>\n<ul>\n<li>Toitures-terrasses non accessibles sur divers supports : b\u00e9ton, t\u00f4le d\u2019acier nervur\u00e9e, bois et panneaux d\u00e9riv\u00e9s du bois.<\/li>\n<li>En partie courante sous protection lourde et fix\u00e9e m\u00e9caniquement.<\/li>\n<li>Adapt\u00e9e en cas de r\u00e9novation.<\/li>\n<li>Convient particuli\u00e8rement au syst\u00e8me de pose en adh\u00e9rence, mise en \u0153uvre avec la colle FB.<\/li>\n<\/ul>\n<div>\n<div>\n<h2><strong>Mise en \u0153uvre :<\/strong><\/h2>\n<ul>\n<li>Les membranes Sintofoil sont install\u00e9es conform\u00e9ment aux avis techniques et au Plan d&rsquo;Assurance Qualit\u00e9 Rubberflex.<\/li>\n<li>Les syst\u00e8mes d\u2019\u00e9tanch\u00e9it\u00e9 utilisant les membranes Sintofoil sont mis en \u0153uvre par des applicateurs entra\u00een\u00e9s et agr\u00e9\u00e9s par le D\u00e9partement Technique de Imper Italia \/ Rubberflex.<\/li>\n<\/ul>\n<\/div>\n<div>&nbsp;<\/div>\n<\/div>\t\t\t\t\t\t\t\t<\/div>\n\t\t\t\t<\/div>\n\t\t\t\t\t<\/div>\n\t\t<\/div>\n\t\t\t\t\t<\/div>\n\t\t<\/section>\n\t\t\t\t<\/div>\n\t\t","protected":false},"excerpt":{"rendered":"<p>Sintofoil FB Description Membrane \u00e0 base de TPO\/FPA (Flexible Polypropyl\u00e8ne Alloy) produite par extrusion de granules obtenus par m\u00e9lange de caoutchouc \u00e9thyl\u00e8ne propyl\u00e8ne et de polypropyl\u00e8ne. Les granules sont charg\u00e9s d&rsquo;additifs divers selon le type de membrane. Un g\u00e9otextile polyester de 300g est appliqu\u00e9 en surface, une bande de soudure non garnie \u00e9tant laiss\u00e9e en [&hellip;]<\/p>\n","protected":false},"author":2,"featured_media":0,"parent":0,"menu_order":0,"comment_status":"closed","ping_status":"closed","template":"","meta":{"_monsterinsights_skip_tracking":false,"_monsterinsights_sitenote_active":false,"_monsterinsights_sitenote_note":"","_monsterinsights_sitenote_category":0,"ocean_post_layout":"","ocean_both_sidebars_style":"","ocean_both_sidebars_content_width":0,"ocean_both_sidebars_sidebars_width":0,"ocean_sidebar":"0","ocean_second_sidebar":"0","ocean_disable_margins":"enable","ocean_add_body_class":"","ocean_shortcode_before_top_bar":"","ocean_shortcode_after_top_bar":"","ocean_shortcode_before_header":"","ocean_shortcode_after_header":"","ocean_has_shortcode":"","ocean_shortcode_after_title":"","ocean_shortcode_before_footer_widgets":"","ocean_shortcode_after_footer_widgets":"","ocean_shortcode_before_footer_bottom":"","ocean_shortcode_after_footer_bottom":"","ocean_display_top_bar":"default","ocean_display_header":"default","ocean_header_style":"","ocean_center_header_left_menu":"0","ocean_custom_header_template":"0","ocean_custom_logo":0,"ocean_custom_retina_logo":0,"ocean_custom_logo_max_width":0,"ocean_custom_logo_tablet_max_width":0,"ocean_custom_logo_mobile_max_width":0,"ocean_custom_logo_max_height":0,"ocean_custom_logo_tablet_max_height":0,"ocean_custom_logo_mobile_max_height":0,"ocean_header_custom_menu":"0","ocean_menu_typo_font_family":"0","ocean_menu_typo_font_subset":"","ocean_menu_typo_font_size":0,"ocean_menu_typo_font_size_tablet":0,"ocean_menu_typo_font_size_mobile":0,"ocean_menu_typo_font_size_unit":"px","ocean_menu_typo_font_weight":"","ocean_menu_typo_font_weight_tablet":"","ocean_menu_typo_font_weight_mobile":"","ocean_menu_typo_transform":"","ocean_menu_typo_transform_tablet":"","ocean_menu_typo_transform_mobile":"","ocean_menu_typo_line_height":0,"ocean_menu_typo_line_height_tablet":0,"ocean_menu_typo_line_height_mobile":0,"ocean_menu_typo_line_height_unit":"","ocean_menu_typo_spacing":0,"ocean_menu_typo_spacing_tablet":0,"ocean_menu_typo_spacing_mobile":0,"ocean_menu_typo_spacing_unit":"","ocean_menu_link_color":"","ocean_menu_link_color_hover":"","ocean_menu_link_color_active":"","ocean_menu_link_background":"","ocean_menu_link_hover_background":"","ocean_menu_link_active_background":"","ocean_menu_social_links_bg":"","ocean_menu_social_hover_links_bg":"","ocean_menu_social_links_color":"","ocean_menu_social_hover_links_color":"","ocean_disable_title":"default","ocean_disable_heading":"default","ocean_post_title":"","ocean_post_subheading":"","ocean_post_title_style":"","ocean_post_title_background_color":"","ocean_post_title_background":0,"ocean_post_title_bg_image_position":"","ocean_post_title_bg_image_attachment":"","ocean_post_title_bg_image_repeat":"","ocean_post_title_bg_image_size":"","ocean_post_title_height":0,"ocean_post_title_bg_overlay":0.5,"ocean_post_title_bg_overlay_color":"","ocean_disable_breadcrumbs":"default","ocean_breadcrumbs_color":"","ocean_breadcrumbs_separator_color":"","ocean_breadcrumbs_links_color":"","ocean_breadcrumbs_links_hover_color":"","ocean_display_footer_widgets":"default","ocean_display_footer_bottom":"default","ocean_custom_footer_template":"0","footnotes":""},"class_list":["post-640","page","type-page","status-publish","hentry","entry"],"yoast_head":"<!-- This site is optimized with the Yoast SEO plugin v26.3 - https:\/\/yoast.com\/wordpress\/plugins\/seo\/ -->\n<title>FB - Rubberflex<\/title>\n<meta name=\"robots\" content=\"index, follow, max-snippet:-1, max-image-preview:large, max-video-preview:-1\" \/>\n<link rel=\"canonical\" href=\"https:\/\/rubberflex.fr\/?page_id=640\" \/>\n<meta property=\"og:locale\" content=\"fr_FR\" \/>\n<meta property=\"og:type\" content=\"article\" \/>\n<meta property=\"og:title\" content=\"FB - Rubberflex\" \/>\n<meta property=\"og:description\" content=\"Sintofoil FB Description Membrane \u00e0 base de TPO\/FPA (Flexible Polypropyl\u00e8ne Alloy) produite par extrusion de granules obtenus par m\u00e9lange de caoutchouc \u00e9thyl\u00e8ne propyl\u00e8ne et de polypropyl\u00e8ne. Les granules sont charg\u00e9s d&rsquo;additifs divers selon le type de membrane. Un g\u00e9otextile polyester de 300g est appliqu\u00e9 en surface, une bande de soudure non garnie \u00e9tant laiss\u00e9e en [&hellip;]\" \/>\n<meta property=\"og:url\" content=\"https:\/\/rubberflex.fr\/?page_id=640\" \/>\n<meta property=\"og:site_name\" content=\"Rubberflex\" \/>\n<meta property=\"article:modified_time\" content=\"2023-01-11T10:26:55+00:00\" \/>\n<meta property=\"og:image\" content=\"https:\/\/rubberflex.fr\/wp-content\/uploads\/2022\/11\/document-3-avec-membrane-FB.jpg\" \/>\n<meta name=\"twitter:card\" content=\"summary_large_image\" \/>\n<meta name=\"twitter:label1\" content=\"Dur\u00e9e de lecture estim\u00e9e\" \/>\n\t<meta name=\"twitter:data1\" content=\"2 minutes\" \/>\n<script type=\"application\/ld+json\" class=\"yoast-schema-graph\">{\"@context\":\"https:\/\/schema.org\",\"@graph\":[{\"@type\":\"WebPage\",\"@id\":\"https:\/\/rubberflex.fr\/?page_id=640\",\"url\":\"https:\/\/rubberflex.fr\/?page_id=640\",\"name\":\"FB - Rubberflex\",\"isPartOf\":{\"@id\":\"https:\/\/rubberflex.fr\/#website\"},\"primaryImageOfPage\":{\"@id\":\"https:\/\/rubberflex.fr\/?page_id=640#primaryimage\"},\"image\":{\"@id\":\"https:\/\/rubberflex.fr\/?page_id=640#primaryimage\"},\"thumbnailUrl\":\"https:\/\/rubberflex.fr\/wp-content\/uploads\/2022\/11\/document-3-avec-membrane-FB.jpg\",\"datePublished\":\"2022-12-14T08:41:36+00:00\",\"dateModified\":\"2023-01-11T10:26:55+00:00\",\"breadcrumb\":{\"@id\":\"https:\/\/rubberflex.fr\/?page_id=640#breadcrumb\"},\"inLanguage\":\"fr-FR\",\"potentialAction\":[{\"@type\":\"ReadAction\",\"target\":[\"https:\/\/rubberflex.fr\/?page_id=640\"]}]},{\"@type\":\"ImageObject\",\"inLanguage\":\"fr-FR\",\"@id\":\"https:\/\/rubberflex.fr\/?page_id=640#primaryimage\",\"url\":\"https:\/\/rubberflex.fr\/wp-content\/uploads\/2022\/11\/document-3-avec-membrane-FB.jpg\",\"contentUrl\":\"https:\/\/rubberflex.fr\/wp-content\/uploads\/2022\/11\/document-3-avec-membrane-FB.jpg\",\"width\":600,\"height\":600},{\"@type\":\"BreadcrumbList\",\"@id\":\"https:\/\/rubberflex.fr\/?page_id=640#breadcrumb\",\"itemListElement\":[{\"@type\":\"ListItem\",\"position\":1,\"name\":\"Accueil\",\"item\":\"https:\/\/rubberflex.fr\/\"},{\"@type\":\"ListItem\",\"position\":2,\"name\":\"FB\"}]},{\"@type\":\"WebSite\",\"@id\":\"https:\/\/rubberflex.fr\/#website\",\"url\":\"https:\/\/rubberflex.fr\/\",\"name\":\"Rubberflex\",\"description\":\"\",\"publisher\":{\"@id\":\"https:\/\/rubberflex.fr\/#organization\"},\"potentialAction\":[{\"@type\":\"SearchAction\",\"target\":{\"@type\":\"EntryPoint\",\"urlTemplate\":\"https:\/\/rubberflex.fr\/?s={search_term_string}\"},\"query-input\":{\"@type\":\"PropertyValueSpecification\",\"valueRequired\":true,\"valueName\":\"search_term_string\"}}],\"inLanguage\":\"fr-FR\"},{\"@type\":\"Organization\",\"@id\":\"https:\/\/rubberflex.fr\/#organization\",\"name\":\"Rubberflex\",\"url\":\"https:\/\/rubberflex.fr\/\",\"logo\":{\"@type\":\"ImageObject\",\"inLanguage\":\"fr-FR\",\"@id\":\"https:\/\/rubberflex.fr\/#\/schema\/logo\/image\/\",\"url\":\"https:\/\/rubberflex.fr\/wp-content\/uploads\/2022\/11\/cropped-logo-rubberflex-1.png\",\"contentUrl\":\"https:\/\/rubberflex.fr\/wp-content\/uploads\/2022\/11\/cropped-logo-rubberflex-1.png\",\"width\":582,\"height\":174,\"caption\":\"Rubberflex\"},\"image\":{\"@id\":\"https:\/\/rubberflex.fr\/#\/schema\/logo\/image\/\"}}]}<\/script>\n<!-- \/ Yoast SEO plugin. -->","yoast_head_json":{"title":"FB - Rubberflex","robots":{"index":"index","follow":"follow","max-snippet":"max-snippet:-1","max-image-preview":"max-image-preview:large","max-video-preview":"max-video-preview:-1"},"canonical":"https:\/\/rubberflex.fr\/?page_id=640","og_locale":"fr_FR","og_type":"article","og_title":"FB - Rubberflex","og_description":"Sintofoil FB Description Membrane \u00e0 base de TPO\/FPA (Flexible Polypropyl\u00e8ne Alloy) produite par extrusion de granules obtenus par m\u00e9lange de caoutchouc \u00e9thyl\u00e8ne propyl\u00e8ne et de polypropyl\u00e8ne. Les granules sont charg\u00e9s d&rsquo;additifs divers selon le type de membrane. Un g\u00e9otextile polyester de 300g est appliqu\u00e9 en surface, une bande de soudure non garnie \u00e9tant laiss\u00e9e en [&hellip;]","og_url":"https:\/\/rubberflex.fr\/?page_id=640","og_site_name":"Rubberflex","article_modified_time":"2023-01-11T10:26:55+00:00","og_image":[{"url":"https:\/\/rubberflex.fr\/wp-content\/uploads\/2022\/11\/document-3-avec-membrane-FB.jpg","type":"","width":"","height":""}],"twitter_card":"summary_large_image","twitter_misc":{"Dur\u00e9e de lecture estim\u00e9e":"2 minutes"},"schema":{"@context":"https:\/\/schema.org","@graph":[{"@type":"WebPage","@id":"https:\/\/rubberflex.fr\/?page_id=640","url":"https:\/\/rubberflex.fr\/?page_id=640","name":"FB - Rubberflex","isPartOf":{"@id":"https:\/\/rubberflex.fr\/#website"},"primaryImageOfPage":{"@id":"https:\/\/rubberflex.fr\/?page_id=640#primaryimage"},"image":{"@id":"https:\/\/rubberflex.fr\/?page_id=640#primaryimage"},"thumbnailUrl":"https:\/\/rubberflex.fr\/wp-content\/uploads\/2022\/11\/document-3-avec-membrane-FB.jpg","datePublished":"2022-12-14T08:41:36+00:00","dateModified":"2023-01-11T10:26:55+00:00","breadcrumb":{"@id":"https:\/\/rubberflex.fr\/?page_id=640#breadcrumb"},"inLanguage":"fr-FR","potentialAction":[{"@type":"ReadAction","target":["https:\/\/rubberflex.fr\/?page_id=640"]}]},{"@type":"ImageObject","inLanguage":"fr-FR","@id":"https:\/\/rubberflex.fr\/?page_id=640#primaryimage","url":"https:\/\/rubberflex.fr\/wp-content\/uploads\/2022\/11\/document-3-avec-membrane-FB.jpg","contentUrl":"https:\/\/rubberflex.fr\/wp-content\/uploads\/2022\/11\/document-3-avec-membrane-FB.jpg","width":600,"height":600},{"@type":"BreadcrumbList","@id":"https:\/\/rubberflex.fr\/?page_id=640#breadcrumb","itemListElement":[{"@type":"ListItem","position":1,"name":"Accueil","item":"https:\/\/rubberflex.fr\/"},{"@type":"ListItem","position":2,"name":"FB"}]},{"@type":"WebSite","@id":"https:\/\/rubberflex.fr\/#website","url":"https:\/\/rubberflex.fr\/","name":"Rubberflex","description":"","publisher":{"@id":"https:\/\/rubberflex.fr\/#organization"},"potentialAction":[{"@type":"SearchAction","target":{"@type":"EntryPoint","urlTemplate":"https:\/\/rubberflex.fr\/?s={search_term_string}"},"query-input":{"@type":"PropertyValueSpecification","valueRequired":true,"valueName":"search_term_string"}}],"inLanguage":"fr-FR"},{"@type":"Organization","@id":"https:\/\/rubberflex.fr\/#organization","name":"Rubberflex","url":"https:\/\/rubberflex.fr\/","logo":{"@type":"ImageObject","inLanguage":"fr-FR","@id":"https:\/\/rubberflex.fr\/#\/schema\/logo\/image\/","url":"https:\/\/rubberflex.fr\/wp-content\/uploads\/2022\/11\/cropped-logo-rubberflex-1.png","contentUrl":"https:\/\/rubberflex.fr\/wp-content\/uploads\/2022\/11\/cropped-logo-rubberflex-1.png","width":582,"height":174,"caption":"Rubberflex"},"image":{"@id":"https:\/\/rubberflex.fr\/#\/schema\/logo\/image\/"}}]}},"_links":{"self":[{"href":"https:\/\/rubberflex.fr\/index.php?rest_route=\/wp\/v2\/pages\/640","targetHints":{"allow":["GET"]}}],"collection":[{"href":"https:\/\/rubberflex.fr\/index.php?rest_route=\/wp\/v2\/pages"}],"about":[{"href":"https:\/\/rubberflex.fr\/index.php?rest_route=\/wp\/v2\/types\/page"}],"author":[{"embeddable":true,"href":"https:\/\/rubberflex.fr\/index.php?rest_route=\/wp\/v2\/users\/2"}],"replies":[{"embeddable":true,"href":"https:\/\/rubberflex.fr\/index.php?rest_route=%2Fwp%2Fv2%2Fcomments&post=640"}],"version-history":[{"count":10,"href":"https:\/\/rubberflex.fr\/index.php?rest_route=\/wp\/v2\/pages\/640\/revisions"}],"predecessor-version":[{"id":995,"href":"https:\/\/rubberflex.fr\/index.php?rest_route=\/wp\/v2\/pages\/640\/revisions\/995"}],"wp:attachment":[{"href":"https:\/\/rubberflex.fr\/index.php?rest_route=%2Fwp%2Fv2%2Fmedia&parent=640"}],"curies":[{"name":"wp","href":"https:\/\/api.w.org\/{rel}","templated":true}]}}