{"id":527,"date":"2022-12-09T10:29:18","date_gmt":"2022-12-09T10:29:18","guid":{"rendered":"https:\/\/rubberflex.fr\/?page_id=527"},"modified":"2022-12-14T08:11:11","modified_gmt":"2022-12-14T08:11:11","slug":"passage-de-canalisation","status":"publish","type":"page","link":"https:\/\/rubberflex.fr\/?page_id=527","title":{"rendered":"Passage de canalisation"},"content":{"rendered":"\t\t<div data-elementor-type=\"wp-page\" data-elementor-id=\"527\" class=\"elementor elementor-527\">\n\t\t\t\t\t\t<section class=\"elementor-section elementor-top-section elementor-element elementor-element-f632cd0 elementor-section-boxed elementor-section-height-default elementor-section-height-default\" data-id=\"f632cd0\" data-element_type=\"section\">\n\t\t\t\t\t\t<div class=\"elementor-container elementor-column-gap-default\">\n\t\t\t\t\t<div class=\"elementor-column elementor-col-50 elementor-top-column elementor-element elementor-element-781930e\" data-id=\"781930e\" data-element_type=\"column\" data-settings=\"{&quot;background_background&quot;:&quot;classic&quot;}\">\n\t\t\t<div class=\"elementor-widget-wrap elementor-element-populated\">\n\t\t\t\t\t\t<div class=\"elementor-element elementor-element-0cec26b elementor-widget elementor-widget-image\" data-id=\"0cec26b\" data-element_type=\"widget\" data-widget_type=\"image.default\">\n\t\t\t\t<div class=\"elementor-widget-container\">\n\t\t\t\t\t\t\t\t\t\t\t\t\t\t\t<img decoding=\"async\" width=\"138\" height=\"182\" src=\"https:\/\/rubberflex.fr\/wp-content\/uploads\/2022\/12\/pipe-seal.png\" class=\"attachment-large size-large wp-image-622\" alt=\"\" \/>\t\t\t\t\t\t\t\t\t\t\t\t\t\t\t<\/div>\n\t\t\t\t<\/div>\n\t\t\t\t\t<\/div>\n\t\t<\/div>\n\t\t\t\t<div class=\"elementor-column elementor-col-50 elementor-top-column elementor-element elementor-element-fd2f301\" data-id=\"fd2f301\" data-element_type=\"column\" data-settings=\"{&quot;background_background&quot;:&quot;classic&quot;}\">\n\t\t\t<div class=\"elementor-widget-wrap elementor-element-populated\">\n\t\t\t\t\t\t<div class=\"elementor-element elementor-element-8d5bb39 elementor-widget elementor-widget-text-editor\" data-id=\"8d5bb39\" data-element_type=\"widget\" data-widget_type=\"text-editor.default\">\n\t\t\t\t<div class=\"elementor-widget-container\">\n\t\t\t\t\t\t\t\t\t<h1>Passage de canalisation<\/h1>\t\t\t\t\t\t\t\t<\/div>\n\t\t\t\t<\/div>\n\t\t\t\t<div class=\"elementor-element elementor-element-9df4442 elementor-widget elementor-widget-text-editor\" data-id=\"9df4442\" data-element_type=\"widget\" data-widget_type=\"text-editor.default\">\n\t\t\t\t<div class=\"elementor-widget-container\">\n\t\t\t\t\t\t\t\t\t<h2>Description<\/h2>\t\t\t\t\t\t\t\t<\/div>\n\t\t\t\t<\/div>\n\t\t\t\t<div class=\"elementor-element elementor-element-3c9c5f8 elementor-widget elementor-widget-text-editor\" data-id=\"3c9c5f8\" data-element_type=\"widget\" data-widget_type=\"text-editor.default\">\n\t\t\t\t<div class=\"elementor-widget-container\">\n\t\t\t\t\t\t\t\t\t<ul><li>Articles pr\u00e9fabriqu\u00e9s obtenus par moulage par injection de granules TPO\/FPA.<\/li><\/ul>\t\t\t\t\t\t\t\t<\/div>\n\t\t\t\t<\/div>\n\t\t\t\t\t<\/div>\n\t\t<\/div>\n\t\t\t\t\t<\/div>\n\t\t<\/section>\n\t\t\t\t<section class=\"elementor-section elementor-top-section elementor-element elementor-element-10f5bdf elementor-section-boxed elementor-section-height-default elementor-section-height-default\" data-id=\"10f5bdf\" data-element_type=\"section\">\n\t\t\t\t\t\t<div class=\"elementor-container elementor-column-gap-default\">\n\t\t\t\t\t<div class=\"elementor-column elementor-col-100 elementor-top-column elementor-element elementor-element-55d0c24\" data-id=\"55d0c24\" data-element_type=\"column\" data-settings=\"{&quot;background_background&quot;:&quot;classic&quot;}\">\n\t\t\t<div class=\"elementor-widget-wrap elementor-element-populated\">\n\t\t\t\t\t\t<div class=\"elementor-element elementor-element-4be583c elementor-widget elementor-widget-text-editor\" data-id=\"4be583c\" data-element_type=\"widget\" data-widget_type=\"text-editor.default\">\n\t\t\t\t<div class=\"elementor-widget-container\">\n\t\t\t\t\t\t\t\t\t<h2><strong>Dimensions :<\/strong><\/h2><ul><li>20-50 \/ 34-90 \/ 75-125 (mm).<\/li><\/ul><h2>Coloris :<\/h2><ul><li>Gris. \u00a0\u00a0\u00a0\u00a0\u00a0\u00a0\u00a0\u00a0 <\/li><\/ul><h2>Emballage :<\/h2><ul><li>disponible \u00e0 l&rsquo;unit\u00e9.<\/li><\/ul><h2>Mise en oeuvre :<\/h2><ul><li>Se r\u00e9f\u00e9rer aux sp\u00e9cifications et d\u00e9tails Rubberflex.<\/li><\/ul>\t\t\t\t\t\t\t\t<\/div>\n\t\t\t\t<\/div>\n\t\t\t\t\t<\/div>\n\t\t<\/div>\n\t\t\t\t\t<\/div>\n\t\t<\/section>\n\t\t\t\t<\/div>\n\t\t","protected":false},"excerpt":{"rendered":"<p>Passage de canalisation Description Articles pr\u00e9fabriqu\u00e9s obtenus par moulage par injection de granules TPO\/FPA. Dimensions : 20-50 \/ 34-90 \/ 75-125 (mm). Coloris : Gris. \u00a0\u00a0\u00a0\u00a0\u00a0\u00a0\u00a0\u00a0 Emballage : disponible \u00e0 l&rsquo;unit\u00e9. Mise en oeuvre : Se r\u00e9f\u00e9rer aux sp\u00e9cifications et d\u00e9tails Rubberflex.<\/p>\n","protected":false},"author":2,"featured_media":0,"parent":0,"menu_order":0,"comment_status":"closed","ping_status":"closed","template":"","meta":{"_monsterinsights_skip_tracking":false,"_monsterinsights_sitenote_active":false,"_monsterinsights_sitenote_note":"","_monsterinsights_sitenote_category":0,"ocean_post_layout":"","ocean_both_sidebars_style":"","ocean_both_sidebars_content_width":0,"ocean_both_sidebars_sidebars_width":0,"ocean_sidebar":"0","ocean_second_sidebar":"0","ocean_disable_margins":"enable","ocean_add_body_class":"","ocean_shortcode_before_top_bar":"","ocean_shortcode_after_top_bar":"","ocean_shortcode_before_header":"","ocean_shortcode_after_header":"","ocean_has_shortcode":"","ocean_shortcode_after_title":"","ocean_shortcode_before_footer_widgets":"","ocean_shortcode_after_footer_widgets":"","ocean_shortcode_before_footer_bottom":"","ocean_shortcode_after_footer_bottom":"","ocean_display_top_bar":"default","ocean_display_header":"default","ocean_header_style":"","ocean_center_header_left_menu":"0","ocean_custom_header_template":"0","ocean_custom_logo":0,"ocean_custom_retina_logo":0,"ocean_custom_logo_max_width":0,"ocean_custom_logo_tablet_max_width":0,"ocean_custom_logo_mobile_max_width":0,"ocean_custom_logo_max_height":0,"ocean_custom_logo_tablet_max_height":0,"ocean_custom_logo_mobile_max_height":0,"ocean_header_custom_menu":"0","ocean_menu_typo_font_family":"0","ocean_menu_typo_font_subset":"","ocean_menu_typo_font_size":0,"ocean_menu_typo_font_size_tablet":0,"ocean_menu_typo_font_size_mobile":0,"ocean_menu_typo_font_size_unit":"px","ocean_menu_typo_font_weight":"","ocean_menu_typo_font_weight_tablet":"","ocean_menu_typo_font_weight_mobile":"","ocean_menu_typo_transform":"","ocean_menu_typo_transform_tablet":"","ocean_menu_typo_transform_mobile":"","ocean_menu_typo_line_height":0,"ocean_menu_typo_line_height_tablet":0,"ocean_menu_typo_line_height_mobile":0,"ocean_menu_typo_line_height_unit":"","ocean_menu_typo_spacing":0,"ocean_menu_typo_spacing_tablet":0,"ocean_menu_typo_spacing_mobile":0,"ocean_menu_typo_spacing_unit":"","ocean_menu_link_color":"","ocean_menu_link_color_hover":"","ocean_menu_link_color_active":"","ocean_menu_link_background":"","ocean_menu_link_hover_background":"","ocean_menu_link_active_background":"","ocean_menu_social_links_bg":"","ocean_menu_social_hover_links_bg":"","ocean_menu_social_links_color":"","ocean_menu_social_hover_links_color":"","ocean_disable_title":"default","ocean_disable_heading":"default","ocean_post_title":"","ocean_post_subheading":"","ocean_post_title_style":"","ocean_post_title_background_color":"","ocean_post_title_background":0,"ocean_post_title_bg_image_position":"","ocean_post_title_bg_image_attachment":"","ocean_post_title_bg_image_repeat":"","ocean_post_title_bg_image_size":"","ocean_post_title_height":0,"ocean_post_title_bg_overlay":0.5,"ocean_post_title_bg_overlay_color":"","ocean_disable_breadcrumbs":"default","ocean_breadcrumbs_color":"","ocean_breadcrumbs_separator_color":"","ocean_breadcrumbs_links_color":"","ocean_breadcrumbs_links_hover_color":"","ocean_display_footer_widgets":"default","ocean_display_footer_bottom":"default","ocean_custom_footer_template":"0","footnotes":""},"class_list":["post-527","page","type-page","status-publish","hentry","entry"],"yoast_head":"<!-- This site is optimized with the Yoast SEO plugin v26.3 - https:\/\/yoast.com\/wordpress\/plugins\/seo\/ -->\n<title>Passage de canalisation - Rubberflex<\/title>\n<meta name=\"robots\" content=\"index, follow, max-snippet:-1, max-image-preview:large, max-video-preview:-1\" \/>\n<link rel=\"canonical\" href=\"https:\/\/rubberflex.fr\/?page_id=527\" \/>\n<meta property=\"og:locale\" content=\"fr_FR\" \/>\n<meta property=\"og:type\" content=\"article\" \/>\n<meta property=\"og:title\" content=\"Passage de canalisation - Rubberflex\" \/>\n<meta property=\"og:description\" content=\"Passage de canalisation Description Articles pr\u00e9fabriqu\u00e9s obtenus par moulage par injection de granules TPO\/FPA. Dimensions : 20-50 \/ 34-90 \/ 75-125 (mm). Coloris : Gris. \u00a0\u00a0\u00a0\u00a0\u00a0\u00a0\u00a0\u00a0 Emballage : disponible \u00e0 l&rsquo;unit\u00e9. Mise en oeuvre : Se r\u00e9f\u00e9rer aux sp\u00e9cifications et d\u00e9tails Rubberflex.\" \/>\n<meta property=\"og:url\" content=\"https:\/\/rubberflex.fr\/?page_id=527\" \/>\n<meta property=\"og:site_name\" content=\"Rubberflex\" \/>\n<meta property=\"article:modified_time\" content=\"2022-12-14T08:11:11+00:00\" \/>\n<meta property=\"og:image\" content=\"https:\/\/rubberflex.fr\/wp-content\/uploads\/2022\/12\/pipe-seal.png\" \/>\n<meta name=\"twitter:card\" content=\"summary_large_image\" \/>\n<meta name=\"twitter:label1\" content=\"Dur\u00e9e de lecture estim\u00e9e\" \/>\n\t<meta name=\"twitter:data1\" content=\"1 minute\" \/>\n<script type=\"application\/ld+json\" class=\"yoast-schema-graph\">{\"@context\":\"https:\/\/schema.org\",\"@graph\":[{\"@type\":\"WebPage\",\"@id\":\"https:\/\/rubberflex.fr\/?page_id=527\",\"url\":\"https:\/\/rubberflex.fr\/?page_id=527\",\"name\":\"Passage de canalisation - Rubberflex\",\"isPartOf\":{\"@id\":\"https:\/\/rubberflex.fr\/#website\"},\"primaryImageOfPage\":{\"@id\":\"https:\/\/rubberflex.fr\/?page_id=527#primaryimage\"},\"image\":{\"@id\":\"https:\/\/rubberflex.fr\/?page_id=527#primaryimage\"},\"thumbnailUrl\":\"https:\/\/rubberflex.fr\/wp-content\/uploads\/2022\/12\/pipe-seal.png\",\"datePublished\":\"2022-12-09T10:29:18+00:00\",\"dateModified\":\"2022-12-14T08:11:11+00:00\",\"breadcrumb\":{\"@id\":\"https:\/\/rubberflex.fr\/?page_id=527#breadcrumb\"},\"inLanguage\":\"fr-FR\",\"potentialAction\":[{\"@type\":\"ReadAction\",\"target\":[\"https:\/\/rubberflex.fr\/?page_id=527\"]}]},{\"@type\":\"ImageObject\",\"inLanguage\":\"fr-FR\",\"@id\":\"https:\/\/rubberflex.fr\/?page_id=527#primaryimage\",\"url\":\"https:\/\/rubberflex.fr\/wp-content\/uploads\/2022\/12\/pipe-seal.png\",\"contentUrl\":\"https:\/\/rubberflex.fr\/wp-content\/uploads\/2022\/12\/pipe-seal.png\",\"width\":138,\"height\":182},{\"@type\":\"BreadcrumbList\",\"@id\":\"https:\/\/rubberflex.fr\/?page_id=527#breadcrumb\",\"itemListElement\":[{\"@type\":\"ListItem\",\"position\":1,\"name\":\"Accueil\",\"item\":\"https:\/\/rubberflex.fr\/\"},{\"@type\":\"ListItem\",\"position\":2,\"name\":\"Passage de canalisation\"}]},{\"@type\":\"WebSite\",\"@id\":\"https:\/\/rubberflex.fr\/#website\",\"url\":\"https:\/\/rubberflex.fr\/\",\"name\":\"Rubberflex\",\"description\":\"\",\"publisher\":{\"@id\":\"https:\/\/rubberflex.fr\/#organization\"},\"potentialAction\":[{\"@type\":\"SearchAction\",\"target\":{\"@type\":\"EntryPoint\",\"urlTemplate\":\"https:\/\/rubberflex.fr\/?s={search_term_string}\"},\"query-input\":{\"@type\":\"PropertyValueSpecification\",\"valueRequired\":true,\"valueName\":\"search_term_string\"}}],\"inLanguage\":\"fr-FR\"},{\"@type\":\"Organization\",\"@id\":\"https:\/\/rubberflex.fr\/#organization\",\"name\":\"Rubberflex\",\"url\":\"https:\/\/rubberflex.fr\/\",\"logo\":{\"@type\":\"ImageObject\",\"inLanguage\":\"fr-FR\",\"@id\":\"https:\/\/rubberflex.fr\/#\/schema\/logo\/image\/\",\"url\":\"https:\/\/rubberflex.fr\/wp-content\/uploads\/2022\/11\/cropped-logo-rubberflex-1.png\",\"contentUrl\":\"https:\/\/rubberflex.fr\/wp-content\/uploads\/2022\/11\/cropped-logo-rubberflex-1.png\",\"width\":582,\"height\":174,\"caption\":\"Rubberflex\"},\"image\":{\"@id\":\"https:\/\/rubberflex.fr\/#\/schema\/logo\/image\/\"}}]}<\/script>\n<!-- \/ Yoast SEO plugin. -->","yoast_head_json":{"title":"Passage de canalisation - Rubberflex","robots":{"index":"index","follow":"follow","max-snippet":"max-snippet:-1","max-image-preview":"max-image-preview:large","max-video-preview":"max-video-preview:-1"},"canonical":"https:\/\/rubberflex.fr\/?page_id=527","og_locale":"fr_FR","og_type":"article","og_title":"Passage de canalisation - Rubberflex","og_description":"Passage de canalisation Description Articles pr\u00e9fabriqu\u00e9s obtenus par moulage par injection de granules TPO\/FPA. Dimensions : 20-50 \/ 34-90 \/ 75-125 (mm). Coloris : Gris. \u00a0\u00a0\u00a0\u00a0\u00a0\u00a0\u00a0\u00a0 Emballage : disponible \u00e0 l&rsquo;unit\u00e9. Mise en oeuvre : Se r\u00e9f\u00e9rer aux sp\u00e9cifications et d\u00e9tails Rubberflex.","og_url":"https:\/\/rubberflex.fr\/?page_id=527","og_site_name":"Rubberflex","article_modified_time":"2022-12-14T08:11:11+00:00","og_image":[{"url":"https:\/\/rubberflex.fr\/wp-content\/uploads\/2022\/12\/pipe-seal.png","type":"","width":"","height":""}],"twitter_card":"summary_large_image","twitter_misc":{"Dur\u00e9e de lecture estim\u00e9e":"1 minute"},"schema":{"@context":"https:\/\/schema.org","@graph":[{"@type":"WebPage","@id":"https:\/\/rubberflex.fr\/?page_id=527","url":"https:\/\/rubberflex.fr\/?page_id=527","name":"Passage de canalisation - Rubberflex","isPartOf":{"@id":"https:\/\/rubberflex.fr\/#website"},"primaryImageOfPage":{"@id":"https:\/\/rubberflex.fr\/?page_id=527#primaryimage"},"image":{"@id":"https:\/\/rubberflex.fr\/?page_id=527#primaryimage"},"thumbnailUrl":"https:\/\/rubberflex.fr\/wp-content\/uploads\/2022\/12\/pipe-seal.png","datePublished":"2022-12-09T10:29:18+00:00","dateModified":"2022-12-14T08:11:11+00:00","breadcrumb":{"@id":"https:\/\/rubberflex.fr\/?page_id=527#breadcrumb"},"inLanguage":"fr-FR","potentialAction":[{"@type":"ReadAction","target":["https:\/\/rubberflex.fr\/?page_id=527"]}]},{"@type":"ImageObject","inLanguage":"fr-FR","@id":"https:\/\/rubberflex.fr\/?page_id=527#primaryimage","url":"https:\/\/rubberflex.fr\/wp-content\/uploads\/2022\/12\/pipe-seal.png","contentUrl":"https:\/\/rubberflex.fr\/wp-content\/uploads\/2022\/12\/pipe-seal.png","width":138,"height":182},{"@type":"BreadcrumbList","@id":"https:\/\/rubberflex.fr\/?page_id=527#breadcrumb","itemListElement":[{"@type":"ListItem","position":1,"name":"Accueil","item":"https:\/\/rubberflex.fr\/"},{"@type":"ListItem","position":2,"name":"Passage de canalisation"}]},{"@type":"WebSite","@id":"https:\/\/rubberflex.fr\/#website","url":"https:\/\/rubberflex.fr\/","name":"Rubberflex","description":"","publisher":{"@id":"https:\/\/rubberflex.fr\/#organization"},"potentialAction":[{"@type":"SearchAction","target":{"@type":"EntryPoint","urlTemplate":"https:\/\/rubberflex.fr\/?s={search_term_string}"},"query-input":{"@type":"PropertyValueSpecification","valueRequired":true,"valueName":"search_term_string"}}],"inLanguage":"fr-FR"},{"@type":"Organization","@id":"https:\/\/rubberflex.fr\/#organization","name":"Rubberflex","url":"https:\/\/rubberflex.fr\/","logo":{"@type":"ImageObject","inLanguage":"fr-FR","@id":"https:\/\/rubberflex.fr\/#\/schema\/logo\/image\/","url":"https:\/\/rubberflex.fr\/wp-content\/uploads\/2022\/11\/cropped-logo-rubberflex-1.png","contentUrl":"https:\/\/rubberflex.fr\/wp-content\/uploads\/2022\/11\/cropped-logo-rubberflex-1.png","width":582,"height":174,"caption":"Rubberflex"},"image":{"@id":"https:\/\/rubberflex.fr\/#\/schema\/logo\/image\/"}}]}},"_links":{"self":[{"href":"https:\/\/rubberflex.fr\/index.php?rest_route=\/wp\/v2\/pages\/527","targetHints":{"allow":["GET"]}}],"collection":[{"href":"https:\/\/rubberflex.fr\/index.php?rest_route=\/wp\/v2\/pages"}],"about":[{"href":"https:\/\/rubberflex.fr\/index.php?rest_route=\/wp\/v2\/types\/page"}],"author":[{"embeddable":true,"href":"https:\/\/rubberflex.fr\/index.php?rest_route=\/wp\/v2\/users\/2"}],"replies":[{"embeddable":true,"href":"https:\/\/rubberflex.fr\/index.php?rest_route=%2Fwp%2Fv2%2Fcomments&post=527"}],"version-history":[{"count":5,"href":"https:\/\/rubberflex.fr\/index.php?rest_route=\/wp\/v2\/pages\/527\/revisions"}],"predecessor-version":[{"id":805,"href":"https:\/\/rubberflex.fr\/index.php?rest_route=\/wp\/v2\/pages\/527\/revisions\/805"}],"wp:attachment":[{"href":"https:\/\/rubberflex.fr\/index.php?rest_route=%2Fwp%2Fv2%2Fmedia&parent=527"}],"curies":[{"name":"wp","href":"https:\/\/api.w.org\/{rel}","templated":true}]}}