{"id":494,"date":"2022-12-09T09:11:02","date_gmt":"2022-12-09T09:11:02","guid":{"rendered":"https:\/\/rubberflex.fr\/?page_id=494"},"modified":"2023-01-11T10:27:34","modified_gmt":"2023-01-11T10:27:34","slug":"colle-flashing","status":"publish","type":"page","link":"https:\/\/rubberflex.fr\/?page_id=494","title":{"rendered":"Colle flashing"},"content":{"rendered":"\t\t<div data-elementor-type=\"wp-page\" data-elementor-id=\"494\" class=\"elementor elementor-494\">\n\t\t\t\t\t\t<section class=\"elementor-section elementor-top-section elementor-element elementor-element-c07e54d elementor-section-boxed elementor-section-height-default elementor-section-height-default\" data-id=\"c07e54d\" data-element_type=\"section\">\n\t\t\t\t\t\t<div class=\"elementor-container elementor-column-gap-default\">\n\t\t\t\t\t<div class=\"elementor-column elementor-col-50 elementor-top-column elementor-element elementor-element-ae8e364\" data-id=\"ae8e364\" data-element_type=\"column\" data-settings=\"{&quot;background_background&quot;:&quot;classic&quot;}\">\n\t\t\t<div class=\"elementor-widget-wrap elementor-element-populated\">\n\t\t\t\t\t\t<div class=\"elementor-element elementor-element-2dd52b9 elementor-widget elementor-widget-image\" data-id=\"2dd52b9\" data-element_type=\"widget\" data-widget_type=\"image.default\">\n\t\t\t\t<div class=\"elementor-widget-container\">\n\t\t\t\t\t\t\t\t\t\t\t\t\t\t\t<img fetchpriority=\"high\" decoding=\"async\" width=\"315\" height=\"457\" src=\"https:\/\/rubberflex.fr\/wp-content\/uploads\/2022\/12\/colle.png\" class=\"attachment-large size-large wp-image-196\" alt=\"\" srcset=\"https:\/\/rubberflex.fr\/wp-content\/uploads\/2022\/12\/colle.png 315w, https:\/\/rubberflex.fr\/wp-content\/uploads\/2022\/12\/colle-207x300.png 207w\" sizes=\"(max-width: 315px) 100vw, 315px\" \/>\t\t\t\t\t\t\t\t\t\t\t\t\t\t\t<\/div>\n\t\t\t\t<\/div>\n\t\t\t\t\t<\/div>\n\t\t<\/div>\n\t\t\t\t<div class=\"elementor-column elementor-col-50 elementor-top-column elementor-element elementor-element-75d2cd9\" data-id=\"75d2cd9\" data-element_type=\"column\" data-settings=\"{&quot;background_background&quot;:&quot;classic&quot;}\">\n\t\t\t<div class=\"elementor-widget-wrap elementor-element-populated\">\n\t\t\t\t\t\t<div class=\"elementor-element elementor-element-8be79f4 elementor-widget elementor-widget-text-editor\" data-id=\"8be79f4\" data-element_type=\"widget\" data-widget_type=\"text-editor.default\">\n\t\t\t\t<div class=\"elementor-widget-container\">\n\t\t\t\t\t\t\t\t\t<h1>Colle flashing<\/h1>\t\t\t\t\t\t\t\t<\/div>\n\t\t\t\t<\/div>\n\t\t\t\t<div class=\"elementor-element elementor-element-9e355f9 elementor-widget elementor-widget-text-editor\" data-id=\"9e355f9\" data-element_type=\"widget\" data-widget_type=\"text-editor.default\">\n\t\t\t\t<div class=\"elementor-widget-container\">\n\t\t\t\t\t\t\t\t\t<h2>Description<\/h2>\t\t\t\t\t\t\t\t<\/div>\n\t\t\t\t<\/div>\n\t\t\t\t<div class=\"elementor-element elementor-element-51f862b elementor-widget elementor-widget-text-editor\" data-id=\"51f862b\" data-element_type=\"widget\" data-widget_type=\"text-editor.default\">\n\t\t\t\t<div class=\"elementor-widget-container\">\n\t\t\t\t\t\t\t\t\t<ul><li>Colle de contact \u00e0 base d&rsquo;\u00e9lastom\u00e8res utilis\u00e9e pour l&rsquo;adh\u00e9sion des membranes Sintofoil ST, RG et RL sur b\u00e9ton, ma\u00e7onnerie, bois, m\u00e9tal et autres supports ad\u00e9quats.<\/li><\/ul>\t\t\t\t\t\t\t\t<\/div>\n\t\t\t\t<\/div>\n\t\t\t\t\t<\/div>\n\t\t<\/div>\n\t\t\t\t\t<\/div>\n\t\t<\/section>\n\t\t\t\t<section class=\"elementor-section elementor-top-section elementor-element elementor-element-e791edf elementor-section-boxed elementor-section-height-default elementor-section-height-default\" data-id=\"e791edf\" data-element_type=\"section\">\n\t\t\t\t\t\t<div class=\"elementor-container elementor-column-gap-default\">\n\t\t\t\t\t<div class=\"elementor-column elementor-col-100 elementor-top-column elementor-element elementor-element-0234f6d\" data-id=\"0234f6d\" data-element_type=\"column\" data-settings=\"{&quot;background_background&quot;:&quot;classic&quot;}\">\n\t\t\t<div class=\"elementor-widget-wrap elementor-element-populated\">\n\t\t\t\t\t\t<div class=\"elementor-element elementor-element-2bb77b6 elementor-widget elementor-widget-text-editor\" data-id=\"2bb77b6\" data-element_type=\"widget\" data-widget_type=\"text-editor.default\">\n\t\t\t\t<div class=\"elementor-widget-container\">\n\t\t\t\t\t\t\t\t\t<h2>Conditionnement :<\/h2>\n<ul>\n<li>Bidon de 20kg<\/li>\n<\/ul>\n<h2>Mise en oeuvre :<\/h2>\n<ul>\n<li>Entreposer dans un endroit sec et frais. Utiliser \u00e0 l&rsquo;ext\u00e9rieur ou en milieu ventil\u00e9.<\/li>\n<li>M\u00e9langer avant l&#8217;emploi.<\/li>\n<li>Appliquer la colle sur le support et la membrane, en une couche mince et r\u00e9guli\u00e8re, au rouleau ou au pinceau, en \u00e9vitant les d\u00e9p\u00f4ts. Laisser s\u00e9cher. Apr\u00e8s v\u00e9rification au doigt (contr\u00f4le \u00ab\u00a0touch push\u00a0\u00bb), mettre la membrane en contact et maroufler.<\/li>\n<li>Ne pas diluer.<\/li>\n<li>Se r\u00e9f\u00e9rer aux sp\u00e9cifications et d\u00e9tails Rubberflex.<\/li>\n<\/ul>\n<h2>Rendement :<\/h2>\n<ul>\n<li>+\/- 400g\/<span class=\"LrzXr kno-fv wHYlTd z8gr9e\">m<sup>2<\/sup><\/span><\/li>\n<\/ul>\n<h2>S\u00e9curit\u00e9 :<\/h2>\n<ul>\n<li>Eviter le contact avec la peau. Nettoyer \u00e0 l&rsquo;eau savonneuse.<\/li>\n<li>En cas de contact avec les yeux, rincer abondamment et consulter un m\u00e9decin.<\/li>\n<li>Eviter de boire, manger et fumer pendant la mise en oeuvre.<\/li>\n<li>Ne pas inhaler. Consulter un m\u00e9decin en cas de sympt\u00f4mes d&rsquo;inhalation.<\/li>\n<li>Incendie : \u00e9teindre \u00e0 l&rsquo;eau ou \u00e0 la mousse carbonique.<\/li>\n<li>Se r\u00e9f\u00e9rer \u00e0 la fiche de s\u00e9curit\u00e9 et hygi\u00e8ne CE.<\/li>\n<\/ul>\t\t\t\t\t\t\t\t<\/div>\n\t\t\t\t<\/div>\n\t\t\t\t\t<\/div>\n\t\t<\/div>\n\t\t\t\t\t<\/div>\n\t\t<\/section>\n\t\t\t\t<\/div>\n\t\t","protected":false},"excerpt":{"rendered":"<p>Colle flashing Description Colle de contact \u00e0 base d&rsquo;\u00e9lastom\u00e8res utilis\u00e9e pour l&rsquo;adh\u00e9sion des membranes Sintofoil ST, RG et RL sur b\u00e9ton, ma\u00e7onnerie, bois, m\u00e9tal et autres supports ad\u00e9quats. Conditionnement : Bidon de 20kg Mise en oeuvre : Entreposer dans un endroit sec et frais. Utiliser \u00e0 l&rsquo;ext\u00e9rieur ou en milieu ventil\u00e9. M\u00e9langer avant l&#8217;emploi. Appliquer [&hellip;]<\/p>\n","protected":false},"author":2,"featured_media":0,"parent":0,"menu_order":0,"comment_status":"closed","ping_status":"closed","template":"","meta":{"_monsterinsights_skip_tracking":false,"_monsterinsights_sitenote_active":false,"_monsterinsights_sitenote_note":"","_monsterinsights_sitenote_category":0,"ocean_post_layout":"","ocean_both_sidebars_style":"","ocean_both_sidebars_content_width":0,"ocean_both_sidebars_sidebars_width":0,"ocean_sidebar":"0","ocean_second_sidebar":"0","ocean_disable_margins":"enable","ocean_add_body_class":"","ocean_shortcode_before_top_bar":"","ocean_shortcode_after_top_bar":"","ocean_shortcode_before_header":"","ocean_shortcode_after_header":"","ocean_has_shortcode":"","ocean_shortcode_after_title":"","ocean_shortcode_before_footer_widgets":"","ocean_shortcode_after_footer_widgets":"","ocean_shortcode_before_footer_bottom":"","ocean_shortcode_after_footer_bottom":"","ocean_display_top_bar":"default","ocean_display_header":"default","ocean_header_style":"","ocean_center_header_left_menu":"0","ocean_custom_header_template":"0","ocean_custom_logo":0,"ocean_custom_retina_logo":0,"ocean_custom_logo_max_width":0,"ocean_custom_logo_tablet_max_width":0,"ocean_custom_logo_mobile_max_width":0,"ocean_custom_logo_max_height":0,"ocean_custom_logo_tablet_max_height":0,"ocean_custom_logo_mobile_max_height":0,"ocean_header_custom_menu":"0","ocean_menu_typo_font_family":"0","ocean_menu_typo_font_subset":"","ocean_menu_typo_font_size":0,"ocean_menu_typo_font_size_tablet":0,"ocean_menu_typo_font_size_mobile":0,"ocean_menu_typo_font_size_unit":"px","ocean_menu_typo_font_weight":"","ocean_menu_typo_font_weight_tablet":"","ocean_menu_typo_font_weight_mobile":"","ocean_menu_typo_transform":"","ocean_menu_typo_transform_tablet":"","ocean_menu_typo_transform_mobile":"","ocean_menu_typo_line_height":0,"ocean_menu_typo_line_height_tablet":0,"ocean_menu_typo_line_height_mobile":0,"ocean_menu_typo_line_height_unit":"","ocean_menu_typo_spacing":0,"ocean_menu_typo_spacing_tablet":0,"ocean_menu_typo_spacing_mobile":0,"ocean_menu_typo_spacing_unit":"","ocean_menu_link_color":"","ocean_menu_link_color_hover":"","ocean_menu_link_color_active":"","ocean_menu_link_background":"","ocean_menu_link_hover_background":"","ocean_menu_link_active_background":"","ocean_menu_social_links_bg":"","ocean_menu_social_hover_links_bg":"","ocean_menu_social_links_color":"","ocean_menu_social_hover_links_color":"","ocean_disable_title":"default","ocean_disable_heading":"default","ocean_post_title":"","ocean_post_subheading":"","ocean_post_title_style":"","ocean_post_title_background_color":"","ocean_post_title_background":0,"ocean_post_title_bg_image_position":"","ocean_post_title_bg_image_attachment":"","ocean_post_title_bg_image_repeat":"","ocean_post_title_bg_image_size":"","ocean_post_title_height":0,"ocean_post_title_bg_overlay":0.5,"ocean_post_title_bg_overlay_color":"","ocean_disable_breadcrumbs":"default","ocean_breadcrumbs_color":"","ocean_breadcrumbs_separator_color":"","ocean_breadcrumbs_links_color":"","ocean_breadcrumbs_links_hover_color":"","ocean_display_footer_widgets":"default","ocean_display_footer_bottom":"default","ocean_custom_footer_template":"0","footnotes":""},"class_list":["post-494","page","type-page","status-publish","hentry","entry"],"yoast_head":"<!-- This site is optimized with the Yoast SEO plugin v26.3 - https:\/\/yoast.com\/wordpress\/plugins\/seo\/ -->\n<title>Colle flashing - Rubberflex<\/title>\n<meta name=\"robots\" content=\"index, follow, max-snippet:-1, max-image-preview:large, max-video-preview:-1\" \/>\n<link rel=\"canonical\" href=\"https:\/\/rubberflex.fr\/?page_id=494\" \/>\n<meta property=\"og:locale\" content=\"fr_FR\" \/>\n<meta property=\"og:type\" content=\"article\" \/>\n<meta property=\"og:title\" content=\"Colle flashing - Rubberflex\" \/>\n<meta property=\"og:description\" content=\"Colle flashing Description Colle de contact \u00e0 base d&rsquo;\u00e9lastom\u00e8res utilis\u00e9e pour l&rsquo;adh\u00e9sion des membranes Sintofoil ST, RG et RL sur b\u00e9ton, ma\u00e7onnerie, bois, m\u00e9tal et autres supports ad\u00e9quats. Conditionnement : Bidon de 20kg Mise en oeuvre : Entreposer dans un endroit sec et frais. Utiliser \u00e0 l&rsquo;ext\u00e9rieur ou en milieu ventil\u00e9. M\u00e9langer avant l&#8217;emploi. Appliquer [&hellip;]\" \/>\n<meta property=\"og:url\" content=\"https:\/\/rubberflex.fr\/?page_id=494\" \/>\n<meta property=\"og:site_name\" content=\"Rubberflex\" \/>\n<meta property=\"article:modified_time\" content=\"2023-01-11T10:27:34+00:00\" \/>\n<meta property=\"og:image\" content=\"https:\/\/rubberflex.fr\/wp-content\/uploads\/2022\/12\/colle.png\" \/>\n<meta name=\"twitter:card\" content=\"summary_large_image\" \/>\n<meta name=\"twitter:label1\" content=\"Dur\u00e9e de lecture estim\u00e9e\" \/>\n\t<meta name=\"twitter:data1\" content=\"2 minutes\" \/>\n<script type=\"application\/ld+json\" class=\"yoast-schema-graph\">{\"@context\":\"https:\/\/schema.org\",\"@graph\":[{\"@type\":\"WebPage\",\"@id\":\"https:\/\/rubberflex.fr\/?page_id=494\",\"url\":\"https:\/\/rubberflex.fr\/?page_id=494\",\"name\":\"Colle flashing - Rubberflex\",\"isPartOf\":{\"@id\":\"https:\/\/rubberflex.fr\/#website\"},\"primaryImageOfPage\":{\"@id\":\"https:\/\/rubberflex.fr\/?page_id=494#primaryimage\"},\"image\":{\"@id\":\"https:\/\/rubberflex.fr\/?page_id=494#primaryimage\"},\"thumbnailUrl\":\"https:\/\/rubberflex.fr\/wp-content\/uploads\/2022\/12\/colle.png\",\"datePublished\":\"2022-12-09T09:11:02+00:00\",\"dateModified\":\"2023-01-11T10:27:34+00:00\",\"breadcrumb\":{\"@id\":\"https:\/\/rubberflex.fr\/?page_id=494#breadcrumb\"},\"inLanguage\":\"fr-FR\",\"potentialAction\":[{\"@type\":\"ReadAction\",\"target\":[\"https:\/\/rubberflex.fr\/?page_id=494\"]}]},{\"@type\":\"ImageObject\",\"inLanguage\":\"fr-FR\",\"@id\":\"https:\/\/rubberflex.fr\/?page_id=494#primaryimage\",\"url\":\"https:\/\/rubberflex.fr\/wp-content\/uploads\/2022\/12\/colle.png\",\"contentUrl\":\"https:\/\/rubberflex.fr\/wp-content\/uploads\/2022\/12\/colle.png\",\"width\":315,\"height\":457},{\"@type\":\"BreadcrumbList\",\"@id\":\"https:\/\/rubberflex.fr\/?page_id=494#breadcrumb\",\"itemListElement\":[{\"@type\":\"ListItem\",\"position\":1,\"name\":\"Accueil\",\"item\":\"https:\/\/rubberflex.fr\/\"},{\"@type\":\"ListItem\",\"position\":2,\"name\":\"Colle flashing\"}]},{\"@type\":\"WebSite\",\"@id\":\"https:\/\/rubberflex.fr\/#website\",\"url\":\"https:\/\/rubberflex.fr\/\",\"name\":\"Rubberflex\",\"description\":\"\",\"publisher\":{\"@id\":\"https:\/\/rubberflex.fr\/#organization\"},\"potentialAction\":[{\"@type\":\"SearchAction\",\"target\":{\"@type\":\"EntryPoint\",\"urlTemplate\":\"https:\/\/rubberflex.fr\/?s={search_term_string}\"},\"query-input\":{\"@type\":\"PropertyValueSpecification\",\"valueRequired\":true,\"valueName\":\"search_term_string\"}}],\"inLanguage\":\"fr-FR\"},{\"@type\":\"Organization\",\"@id\":\"https:\/\/rubberflex.fr\/#organization\",\"name\":\"Rubberflex\",\"url\":\"https:\/\/rubberflex.fr\/\",\"logo\":{\"@type\":\"ImageObject\",\"inLanguage\":\"fr-FR\",\"@id\":\"https:\/\/rubberflex.fr\/#\/schema\/logo\/image\/\",\"url\":\"https:\/\/rubberflex.fr\/wp-content\/uploads\/2022\/11\/cropped-logo-rubberflex-1.png\",\"contentUrl\":\"https:\/\/rubberflex.fr\/wp-content\/uploads\/2022\/11\/cropped-logo-rubberflex-1.png\",\"width\":582,\"height\":174,\"caption\":\"Rubberflex\"},\"image\":{\"@id\":\"https:\/\/rubberflex.fr\/#\/schema\/logo\/image\/\"}}]}<\/script>\n<!-- \/ Yoast SEO plugin. -->","yoast_head_json":{"title":"Colle flashing - Rubberflex","robots":{"index":"index","follow":"follow","max-snippet":"max-snippet:-1","max-image-preview":"max-image-preview:large","max-video-preview":"max-video-preview:-1"},"canonical":"https:\/\/rubberflex.fr\/?page_id=494","og_locale":"fr_FR","og_type":"article","og_title":"Colle flashing - Rubberflex","og_description":"Colle flashing Description Colle de contact \u00e0 base d&rsquo;\u00e9lastom\u00e8res utilis\u00e9e pour l&rsquo;adh\u00e9sion des membranes Sintofoil ST, RG et RL sur b\u00e9ton, ma\u00e7onnerie, bois, m\u00e9tal et autres supports ad\u00e9quats. Conditionnement : Bidon de 20kg Mise en oeuvre : Entreposer dans un endroit sec et frais. Utiliser \u00e0 l&rsquo;ext\u00e9rieur ou en milieu ventil\u00e9. M\u00e9langer avant l&#8217;emploi. Appliquer [&hellip;]","og_url":"https:\/\/rubberflex.fr\/?page_id=494","og_site_name":"Rubberflex","article_modified_time":"2023-01-11T10:27:34+00:00","og_image":[{"url":"https:\/\/rubberflex.fr\/wp-content\/uploads\/2022\/12\/colle.png","type":"","width":"","height":""}],"twitter_card":"summary_large_image","twitter_misc":{"Dur\u00e9e de lecture estim\u00e9e":"2 minutes"},"schema":{"@context":"https:\/\/schema.org","@graph":[{"@type":"WebPage","@id":"https:\/\/rubberflex.fr\/?page_id=494","url":"https:\/\/rubberflex.fr\/?page_id=494","name":"Colle flashing - Rubberflex","isPartOf":{"@id":"https:\/\/rubberflex.fr\/#website"},"primaryImageOfPage":{"@id":"https:\/\/rubberflex.fr\/?page_id=494#primaryimage"},"image":{"@id":"https:\/\/rubberflex.fr\/?page_id=494#primaryimage"},"thumbnailUrl":"https:\/\/rubberflex.fr\/wp-content\/uploads\/2022\/12\/colle.png","datePublished":"2022-12-09T09:11:02+00:00","dateModified":"2023-01-11T10:27:34+00:00","breadcrumb":{"@id":"https:\/\/rubberflex.fr\/?page_id=494#breadcrumb"},"inLanguage":"fr-FR","potentialAction":[{"@type":"ReadAction","target":["https:\/\/rubberflex.fr\/?page_id=494"]}]},{"@type":"ImageObject","inLanguage":"fr-FR","@id":"https:\/\/rubberflex.fr\/?page_id=494#primaryimage","url":"https:\/\/rubberflex.fr\/wp-content\/uploads\/2022\/12\/colle.png","contentUrl":"https:\/\/rubberflex.fr\/wp-content\/uploads\/2022\/12\/colle.png","width":315,"height":457},{"@type":"BreadcrumbList","@id":"https:\/\/rubberflex.fr\/?page_id=494#breadcrumb","itemListElement":[{"@type":"ListItem","position":1,"name":"Accueil","item":"https:\/\/rubberflex.fr\/"},{"@type":"ListItem","position":2,"name":"Colle flashing"}]},{"@type":"WebSite","@id":"https:\/\/rubberflex.fr\/#website","url":"https:\/\/rubberflex.fr\/","name":"Rubberflex","description":"","publisher":{"@id":"https:\/\/rubberflex.fr\/#organization"},"potentialAction":[{"@type":"SearchAction","target":{"@type":"EntryPoint","urlTemplate":"https:\/\/rubberflex.fr\/?s={search_term_string}"},"query-input":{"@type":"PropertyValueSpecification","valueRequired":true,"valueName":"search_term_string"}}],"inLanguage":"fr-FR"},{"@type":"Organization","@id":"https:\/\/rubberflex.fr\/#organization","name":"Rubberflex","url":"https:\/\/rubberflex.fr\/","logo":{"@type":"ImageObject","inLanguage":"fr-FR","@id":"https:\/\/rubberflex.fr\/#\/schema\/logo\/image\/","url":"https:\/\/rubberflex.fr\/wp-content\/uploads\/2022\/11\/cropped-logo-rubberflex-1.png","contentUrl":"https:\/\/rubberflex.fr\/wp-content\/uploads\/2022\/11\/cropped-logo-rubberflex-1.png","width":582,"height":174,"caption":"Rubberflex"},"image":{"@id":"https:\/\/rubberflex.fr\/#\/schema\/logo\/image\/"}}]}},"_links":{"self":[{"href":"https:\/\/rubberflex.fr\/index.php?rest_route=\/wp\/v2\/pages\/494","targetHints":{"allow":["GET"]}}],"collection":[{"href":"https:\/\/rubberflex.fr\/index.php?rest_route=\/wp\/v2\/pages"}],"about":[{"href":"https:\/\/rubberflex.fr\/index.php?rest_route=\/wp\/v2\/types\/page"}],"author":[{"embeddable":true,"href":"https:\/\/rubberflex.fr\/index.php?rest_route=\/wp\/v2\/users\/2"}],"replies":[{"embeddable":true,"href":"https:\/\/rubberflex.fr\/index.php?rest_route=%2Fwp%2Fv2%2Fcomments&post=494"}],"version-history":[{"count":22,"href":"https:\/\/rubberflex.fr\/index.php?rest_route=\/wp\/v2\/pages\/494\/revisions"}],"predecessor-version":[{"id":1001,"href":"https:\/\/rubberflex.fr\/index.php?rest_route=\/wp\/v2\/pages\/494\/revisions\/1001"}],"wp:attachment":[{"href":"https:\/\/rubberflex.fr\/index.php?rest_route=%2Fwp%2Fv2%2Fmedia&parent=494"}],"curies":[{"name":"wp","href":"https:\/\/api.w.org\/{rel}","templated":true}]}}