{"id":25,"date":"2022-11-03T08:22:32","date_gmt":"2022-11-03T08:22:32","guid":{"rendered":"https:\/\/rubberflex.fr\/?page_id=25"},"modified":"2023-06-01T10:02:31","modified_gmt":"2023-06-01T09:02:31","slug":"nos-references","status":"publish","type":"page","link":"https:\/\/rubberflex.fr\/?page_id=25","title":{"rendered":"Nos r\u00e9f\u00e9rences"},"content":{"rendered":"\t\t<div data-elementor-type=\"wp-page\" data-elementor-id=\"25\" class=\"elementor elementor-25\">\n\t\t\t\t\t\t<section class=\"elementor-section elementor-top-section elementor-element elementor-element-62afb39 elementor-section-boxed elementor-section-height-default elementor-section-height-default\" data-id=\"62afb39\" data-element_type=\"section\">\n\t\t\t\t\t\t<div class=\"elementor-container elementor-column-gap-default\">\n\t\t\t\t\t<div class=\"elementor-column elementor-col-100 elementor-top-column elementor-element elementor-element-5cca3c3\" data-id=\"5cca3c3\" data-element_type=\"column\">\n\t\t\t<div class=\"elementor-widget-wrap elementor-element-populated\">\n\t\t\t\t\t\t<div class=\"elementor-element elementor-element-a4902bc elementor-widget elementor-widget-image\" data-id=\"a4902bc\" data-element_type=\"widget\" data-widget_type=\"image.default\">\n\t\t\t\t<div class=\"elementor-widget-container\">\n\t\t\t\t\t\t\t\t\t\t\t\t\t\t\t<img fetchpriority=\"high\" decoding=\"async\" width=\"1560\" height=\"2000\" src=\"https:\/\/rubberflex.fr\/wp-content\/uploads\/2023\/06\/Copie-de-Colore-Gras-Communautes-Recto-Verso-Sweat-shirt.jpg\" class=\"attachment-full size-full wp-image-1241\" alt=\"\" srcset=\"https:\/\/rubberflex.fr\/wp-content\/uploads\/2023\/06\/Copie-de-Colore-Gras-Communautes-Recto-Verso-Sweat-shirt.jpg 1560w, https:\/\/rubberflex.fr\/wp-content\/uploads\/2023\/06\/Copie-de-Colore-Gras-Communautes-Recto-Verso-Sweat-shirt-234x300.jpg 234w, https:\/\/rubberflex.fr\/wp-content\/uploads\/2023\/06\/Copie-de-Colore-Gras-Communautes-Recto-Verso-Sweat-shirt-799x1024.jpg 799w, https:\/\/rubberflex.fr\/wp-content\/uploads\/2023\/06\/Copie-de-Colore-Gras-Communautes-Recto-Verso-Sweat-shirt-768x985.jpg 768w, https:\/\/rubberflex.fr\/wp-content\/uploads\/2023\/06\/Copie-de-Colore-Gras-Communautes-Recto-Verso-Sweat-shirt-1198x1536.jpg 1198w\" sizes=\"(max-width: 1560px) 100vw, 1560px\" \/>\t\t\t\t\t\t\t\t\t\t\t\t\t\t\t<\/div>\n\t\t\t\t<\/div>\n\t\t\t\t<div class=\"elementor-element elementor-element-adbc20c elementor-arrows-position-inside elementor-pagination-position-outside elementor-widget elementor-widget-image-carousel\" data-id=\"adbc20c\" data-element_type=\"widget\" data-settings=\"{&quot;slides_to_show&quot;:&quot;1&quot;,&quot;navigation&quot;:&quot;both&quot;,&quot;autoplay&quot;:&quot;yes&quot;,&quot;pause_on_hover&quot;:&quot;yes&quot;,&quot;pause_on_interaction&quot;:&quot;yes&quot;,&quot;autoplay_speed&quot;:5000,&quot;infinite&quot;:&quot;yes&quot;,&quot;effect&quot;:&quot;slide&quot;,&quot;speed&quot;:500}\" data-widget_type=\"image-carousel.default\">\n\t\t\t\t<div class=\"elementor-widget-container\">\n\t\t\t\t\t\t\t<div class=\"elementor-image-carousel-wrapper swiper\" role=\"region\" aria-roledescription=\"carousel\" aria-label=\"Carrousel d\u2019images\" dir=\"ltr\">\n\t\t\t<div class=\"elementor-image-carousel swiper-wrapper\" aria-live=\"off\">\n\t\t\t\t\t\t\t\t<div class=\"swiper-slide\" role=\"group\" aria-roledescription=\"slide\" aria-label=\"1 sur 11\"><figure class=\"swiper-slide-inner\"><img decoding=\"async\" class=\"swiper-slide-image\" src=\"https:\/\/rubberflex.fr\/wp-content\/uploads\/2023\/01\/Lidl-Pontcharra-768x432.jpg\" alt=\"DCIM104MEDIADJI_0016.JPG\" \/><\/figure><\/div><div class=\"swiper-slide\" role=\"group\" aria-roledescription=\"slide\" aria-label=\"2 sur 11\"><figure class=\"swiper-slide-inner\"><img decoding=\"async\" class=\"swiper-slide-image\" src=\"https:\/\/rubberflex.fr\/wp-content\/uploads\/2023\/01\/Lidl-Baziege-2-768x510.jpg\" alt=\"Lidl Baziege 2\" \/><\/figure><\/div><div class=\"swiper-slide\" role=\"group\" aria-roledescription=\"slide\" aria-label=\"3 sur 11\"><figure class=\"swiper-slide-inner\"><img decoding=\"async\" class=\"swiper-slide-image\" src=\"https:\/\/rubberflex.fr\/wp-content\/uploads\/2023\/01\/Sel-Vinci-27042016-22-768x436.png\" alt=\"Sel Vinci 27042016 (22)\" \/><\/figure><\/div><div class=\"swiper-slide\" role=\"group\" aria-roledescription=\"slide\" aria-label=\"4 sur 11\"><figure class=\"swiper-slide-inner\"><img decoding=\"async\" class=\"swiper-slide-image\" src=\"https:\/\/rubberflex.fr\/wp-content\/uploads\/2023\/01\/ext-768x576.jpg\" alt=\"ext\" \/><\/figure><\/div><div class=\"swiper-slide\" role=\"group\" aria-roledescription=\"slide\" aria-label=\"5 sur 11\"><figure class=\"swiper-slide-inner\"><img decoding=\"async\" class=\"swiper-slide-image\" src=\"https:\/\/rubberflex.fr\/wp-content\/uploads\/2023\/01\/image-1-1-768x436.png\" alt=\"image 1\" \/><\/figure><\/div><div class=\"swiper-slide\" role=\"group\" aria-roledescription=\"slide\" aria-label=\"6 sur 11\"><figure class=\"swiper-slide-inner\"><img decoding=\"async\" class=\"swiper-slide-image\" src=\"https:\/\/rubberflex.fr\/wp-content\/uploads\/2023\/01\/P6200074-768x576.jpg\" alt=\"OLYMPUS DIGITAL CAMERA\" \/><\/figure><\/div><div class=\"swiper-slide\" role=\"group\" aria-roledescription=\"slide\" aria-label=\"7 sur 11\"><figure class=\"swiper-slide-inner\"><img decoding=\"async\" class=\"swiper-slide-image\" src=\"https:\/\/rubberflex.fr\/wp-content\/uploads\/2023\/01\/Image1.jpg\" alt=\"Image1\" \/><\/figure><\/div><div class=\"swiper-slide\" role=\"group\" aria-roledescription=\"slide\" aria-label=\"8 sur 11\"><figure class=\"swiper-slide-inner\"><img decoding=\"async\" class=\"swiper-slide-image\" src=\"https:\/\/rubberflex.fr\/wp-content\/uploads\/2023\/01\/IMG_1026-768x576.jpg\" alt=\"IMG_1026\" \/><\/figure><\/div><div class=\"swiper-slide\" role=\"group\" aria-roledescription=\"slide\" aria-label=\"9 sur 11\"><figure class=\"swiper-slide-inner\"><img decoding=\"async\" class=\"swiper-slide-image\" src=\"https:\/\/rubberflex.fr\/wp-content\/uploads\/2023\/01\/Image2.png\" alt=\"Image2\" \/><\/figure><\/div><div class=\"swiper-slide\" role=\"group\" aria-roledescription=\"slide\" aria-label=\"10 sur 11\"><figure class=\"swiper-slide-inner\"><img decoding=\"async\" class=\"swiper-slide-image\" src=\"https:\/\/rubberflex.fr\/wp-content\/uploads\/2023\/01\/IMG_1068-768x576.jpg\" alt=\"IMG_1068\" \/><\/figure><\/div><div class=\"swiper-slide\" role=\"group\" aria-roledescription=\"slide\" aria-label=\"11 sur 11\"><figure class=\"swiper-slide-inner\"><img decoding=\"async\" class=\"swiper-slide-image\" src=\"https:\/\/rubberflex.fr\/wp-content\/uploads\/2023\/01\/IMG_1014-768x576.jpg\" alt=\"IMG_1014\" \/><\/figure><\/div>\t\t\t<\/div>\n\t\t\t\t\t\t\t\t\t\t\t\t<div class=\"elementor-swiper-button elementor-swiper-button-prev\" role=\"button\" tabindex=\"0\">\n\t\t\t\t\t\t<i aria-hidden=\"true\" class=\"eicon-chevron-left\"><\/i>\t\t\t\t\t<\/div>\n\t\t\t\t\t<div class=\"elementor-swiper-button elementor-swiper-button-next\" role=\"button\" tabindex=\"0\">\n\t\t\t\t\t\t<i aria-hidden=\"true\" class=\"eicon-chevron-right\"><\/i>\t\t\t\t\t<\/div>\n\t\t\t\t\n\t\t\t\t\t\t\t\t\t<div class=\"swiper-pagination\"><\/div>\n\t\t\t\t\t\t\t\t\t<\/div>\n\t\t\t\t\t\t<\/div>\n\t\t\t\t<\/div>\n\t\t\t\t\t<\/div>\n\t\t<\/div>\n\t\t\t\t\t<\/div>\n\t\t<\/section>\n\t\t\t\t<\/div>\n\t\t","protected":false},"excerpt":{"rendered":"<p>Pr\u00e9c\u00e9dent Suivant<\/p>\n","protected":false},"author":2,"featured_media":0,"parent":0,"menu_order":0,"comment_status":"closed","ping_status":"closed","template":"","meta":{"_monsterinsights_skip_tracking":false,"_monsterinsights_sitenote_active":false,"_monsterinsights_sitenote_note":"","_monsterinsights_sitenote_category":0,"ocean_post_layout":"","ocean_both_sidebars_style":"","ocean_both_sidebars_content_width":0,"ocean_both_sidebars_sidebars_width":0,"ocean_sidebar":"","ocean_second_sidebar":"","ocean_disable_margins":"enable","ocean_add_body_class":"","ocean_shortcode_before_top_bar":"","ocean_shortcode_after_top_bar":"","ocean_shortcode_before_header":"","ocean_shortcode_after_header":"","ocean_has_shortcode":"","ocean_shortcode_after_title":"","ocean_shortcode_before_footer_widgets":"","ocean_shortcode_after_footer_widgets":"","ocean_shortcode_before_footer_bottom":"","ocean_shortcode_after_footer_bottom":"","ocean_display_top_bar":"default","ocean_display_header":"default","ocean_header_style":"","ocean_center_header_left_menu":"","ocean_custom_header_template":"","ocean_custom_logo":0,"ocean_custom_retina_logo":0,"ocean_custom_logo_max_width":0,"ocean_custom_logo_tablet_max_width":0,"ocean_custom_logo_mobile_max_width":0,"ocean_custom_logo_max_height":0,"ocean_custom_logo_tablet_max_height":0,"ocean_custom_logo_mobile_max_height":0,"ocean_header_custom_menu":"","ocean_menu_typo_font_family":"","ocean_menu_typo_font_subset":"","ocean_menu_typo_font_size":0,"ocean_menu_typo_font_size_tablet":0,"ocean_menu_typo_font_size_mobile":0,"ocean_menu_typo_font_size_unit":"px","ocean_menu_typo_font_weight":"","ocean_menu_typo_font_weight_tablet":"","ocean_menu_typo_font_weight_mobile":"","ocean_menu_typo_transform":"","ocean_menu_typo_transform_tablet":"","ocean_menu_typo_transform_mobile":"","ocean_menu_typo_line_height":0,"ocean_menu_typo_line_height_tablet":0,"ocean_menu_typo_line_height_mobile":0,"ocean_menu_typo_line_height_unit":"","ocean_menu_typo_spacing":0,"ocean_menu_typo_spacing_tablet":0,"ocean_menu_typo_spacing_mobile":0,"ocean_menu_typo_spacing_unit":"","ocean_menu_link_color":"","ocean_menu_link_color_hover":"","ocean_menu_link_color_active":"","ocean_menu_link_background":"","ocean_menu_link_hover_background":"","ocean_menu_link_active_background":"","ocean_menu_social_links_bg":"","ocean_menu_social_hover_links_bg":"","ocean_menu_social_links_color":"","ocean_menu_social_hover_links_color":"","ocean_disable_title":"default","ocean_disable_heading":"default","ocean_post_title":"","ocean_post_subheading":"","ocean_post_title_style":"","ocean_post_title_background_color":"","ocean_post_title_background":0,"ocean_post_title_bg_image_position":"","ocean_post_title_bg_image_attachment":"","ocean_post_title_bg_image_repeat":"","ocean_post_title_bg_image_size":"","ocean_post_title_height":0,"ocean_post_title_bg_overlay":0.5,"ocean_post_title_bg_overlay_color":"","ocean_disable_breadcrumbs":"default","ocean_breadcrumbs_color":"","ocean_breadcrumbs_separator_color":"","ocean_breadcrumbs_links_color":"","ocean_breadcrumbs_links_hover_color":"","ocean_display_footer_widgets":"default","ocean_display_footer_bottom":"default","ocean_custom_footer_template":"","footnotes":""},"class_list":["post-25","page","type-page","status-publish","hentry","entry"],"yoast_head":"<!-- This site is optimized with the Yoast SEO plugin v26.3 - https:\/\/yoast.com\/wordpress\/plugins\/seo\/ -->\n<title>Nos r\u00e9f\u00e9rences - Rubberflex<\/title>\n<meta name=\"robots\" content=\"index, follow, max-snippet:-1, max-image-preview:large, max-video-preview:-1\" \/>\n<link rel=\"canonical\" href=\"https:\/\/rubberflex.fr\/?page_id=25\" \/>\n<meta property=\"og:locale\" content=\"fr_FR\" \/>\n<meta property=\"og:type\" content=\"article\" \/>\n<meta property=\"og:title\" content=\"Nos r\u00e9f\u00e9rences - Rubberflex\" \/>\n<meta property=\"og:description\" content=\"Pr\u00e9c\u00e9dent Suivant\" \/>\n<meta property=\"og:url\" content=\"https:\/\/rubberflex.fr\/?page_id=25\" \/>\n<meta property=\"og:site_name\" content=\"Rubberflex\" \/>\n<meta property=\"article:modified_time\" content=\"2023-06-01T09:02:31+00:00\" \/>\n<meta property=\"og:image\" content=\"https:\/\/rubberflex.fr\/wp-content\/uploads\/2023\/06\/Copie-de-Colore-Gras-Communautes-Recto-Verso-Sweat-shirt.jpg\" \/>\n<meta name=\"twitter:card\" content=\"summary_large_image\" \/>\n<meta name=\"twitter:label1\" content=\"Dur\u00e9e de lecture estim\u00e9e\" \/>\n\t<meta name=\"twitter:data1\" content=\"3 minutes\" \/>\n<script type=\"application\/ld+json\" class=\"yoast-schema-graph\">{\"@context\":\"https:\/\/schema.org\",\"@graph\":[{\"@type\":\"WebPage\",\"@id\":\"https:\/\/rubberflex.fr\/?page_id=25\",\"url\":\"https:\/\/rubberflex.fr\/?page_id=25\",\"name\":\"Nos r\u00e9f\u00e9rences - Rubberflex\",\"isPartOf\":{\"@id\":\"https:\/\/rubberflex.fr\/#website\"},\"primaryImageOfPage\":{\"@id\":\"https:\/\/rubberflex.fr\/?page_id=25#primaryimage\"},\"image\":{\"@id\":\"https:\/\/rubberflex.fr\/?page_id=25#primaryimage\"},\"thumbnailUrl\":\"https:\/\/rubberflex.fr\/wp-content\/uploads\/2023\/06\/Copie-de-Colore-Gras-Communautes-Recto-Verso-Sweat-shirt.jpg\",\"datePublished\":\"2022-11-03T08:22:32+00:00\",\"dateModified\":\"2023-06-01T09:02:31+00:00\",\"breadcrumb\":{\"@id\":\"https:\/\/rubberflex.fr\/?page_id=25#breadcrumb\"},\"inLanguage\":\"fr-FR\",\"potentialAction\":[{\"@type\":\"ReadAction\",\"target\":[\"https:\/\/rubberflex.fr\/?page_id=25\"]}]},{\"@type\":\"ImageObject\",\"inLanguage\":\"fr-FR\",\"@id\":\"https:\/\/rubberflex.fr\/?page_id=25#primaryimage\",\"url\":\"https:\/\/rubberflex.fr\/wp-content\/uploads\/2023\/06\/Copie-de-Colore-Gras-Communautes-Recto-Verso-Sweat-shirt.jpg\",\"contentUrl\":\"https:\/\/rubberflex.fr\/wp-content\/uploads\/2023\/06\/Copie-de-Colore-Gras-Communautes-Recto-Verso-Sweat-shirt.jpg\",\"width\":1560,\"height\":2000},{\"@type\":\"BreadcrumbList\",\"@id\":\"https:\/\/rubberflex.fr\/?page_id=25#breadcrumb\",\"itemListElement\":[{\"@type\":\"ListItem\",\"position\":1,\"name\":\"Accueil\",\"item\":\"https:\/\/rubberflex.fr\/\"},{\"@type\":\"ListItem\",\"position\":2,\"name\":\"Nos r\u00e9f\u00e9rences\"}]},{\"@type\":\"WebSite\",\"@id\":\"https:\/\/rubberflex.fr\/#website\",\"url\":\"https:\/\/rubberflex.fr\/\",\"name\":\"Rubberflex\",\"description\":\"\",\"publisher\":{\"@id\":\"https:\/\/rubberflex.fr\/#organization\"},\"potentialAction\":[{\"@type\":\"SearchAction\",\"target\":{\"@type\":\"EntryPoint\",\"urlTemplate\":\"https:\/\/rubberflex.fr\/?s={search_term_string}\"},\"query-input\":{\"@type\":\"PropertyValueSpecification\",\"valueRequired\":true,\"valueName\":\"search_term_string\"}}],\"inLanguage\":\"fr-FR\"},{\"@type\":\"Organization\",\"@id\":\"https:\/\/rubberflex.fr\/#organization\",\"name\":\"Rubberflex\",\"url\":\"https:\/\/rubberflex.fr\/\",\"logo\":{\"@type\":\"ImageObject\",\"inLanguage\":\"fr-FR\",\"@id\":\"https:\/\/rubberflex.fr\/#\/schema\/logo\/image\/\",\"url\":\"https:\/\/rubberflex.fr\/wp-content\/uploads\/2022\/11\/cropped-logo-rubberflex-1.png\",\"contentUrl\":\"https:\/\/rubberflex.fr\/wp-content\/uploads\/2022\/11\/cropped-logo-rubberflex-1.png\",\"width\":582,\"height\":174,\"caption\":\"Rubberflex\"},\"image\":{\"@id\":\"https:\/\/rubberflex.fr\/#\/schema\/logo\/image\/\"}}]}<\/script>\n<!-- \/ Yoast SEO plugin. -->","yoast_head_json":{"title":"Nos r\u00e9f\u00e9rences - Rubberflex","robots":{"index":"index","follow":"follow","max-snippet":"max-snippet:-1","max-image-preview":"max-image-preview:large","max-video-preview":"max-video-preview:-1"},"canonical":"https:\/\/rubberflex.fr\/?page_id=25","og_locale":"fr_FR","og_type":"article","og_title":"Nos r\u00e9f\u00e9rences - Rubberflex","og_description":"Pr\u00e9c\u00e9dent Suivant","og_url":"https:\/\/rubberflex.fr\/?page_id=25","og_site_name":"Rubberflex","article_modified_time":"2023-06-01T09:02:31+00:00","og_image":[{"url":"https:\/\/rubberflex.fr\/wp-content\/uploads\/2023\/06\/Copie-de-Colore-Gras-Communautes-Recto-Verso-Sweat-shirt.jpg","type":"","width":"","height":""}],"twitter_card":"summary_large_image","twitter_misc":{"Dur\u00e9e de lecture estim\u00e9e":"3 minutes"},"schema":{"@context":"https:\/\/schema.org","@graph":[{"@type":"WebPage","@id":"https:\/\/rubberflex.fr\/?page_id=25","url":"https:\/\/rubberflex.fr\/?page_id=25","name":"Nos r\u00e9f\u00e9rences - Rubberflex","isPartOf":{"@id":"https:\/\/rubberflex.fr\/#website"},"primaryImageOfPage":{"@id":"https:\/\/rubberflex.fr\/?page_id=25#primaryimage"},"image":{"@id":"https:\/\/rubberflex.fr\/?page_id=25#primaryimage"},"thumbnailUrl":"https:\/\/rubberflex.fr\/wp-content\/uploads\/2023\/06\/Copie-de-Colore-Gras-Communautes-Recto-Verso-Sweat-shirt.jpg","datePublished":"2022-11-03T08:22:32+00:00","dateModified":"2023-06-01T09:02:31+00:00","breadcrumb":{"@id":"https:\/\/rubberflex.fr\/?page_id=25#breadcrumb"},"inLanguage":"fr-FR","potentialAction":[{"@type":"ReadAction","target":["https:\/\/rubberflex.fr\/?page_id=25"]}]},{"@type":"ImageObject","inLanguage":"fr-FR","@id":"https:\/\/rubberflex.fr\/?page_id=25#primaryimage","url":"https:\/\/rubberflex.fr\/wp-content\/uploads\/2023\/06\/Copie-de-Colore-Gras-Communautes-Recto-Verso-Sweat-shirt.jpg","contentUrl":"https:\/\/rubberflex.fr\/wp-content\/uploads\/2023\/06\/Copie-de-Colore-Gras-Communautes-Recto-Verso-Sweat-shirt.jpg","width":1560,"height":2000},{"@type":"BreadcrumbList","@id":"https:\/\/rubberflex.fr\/?page_id=25#breadcrumb","itemListElement":[{"@type":"ListItem","position":1,"name":"Accueil","item":"https:\/\/rubberflex.fr\/"},{"@type":"ListItem","position":2,"name":"Nos r\u00e9f\u00e9rences"}]},{"@type":"WebSite","@id":"https:\/\/rubberflex.fr\/#website","url":"https:\/\/rubberflex.fr\/","name":"Rubberflex","description":"","publisher":{"@id":"https:\/\/rubberflex.fr\/#organization"},"potentialAction":[{"@type":"SearchAction","target":{"@type":"EntryPoint","urlTemplate":"https:\/\/rubberflex.fr\/?s={search_term_string}"},"query-input":{"@type":"PropertyValueSpecification","valueRequired":true,"valueName":"search_term_string"}}],"inLanguage":"fr-FR"},{"@type":"Organization","@id":"https:\/\/rubberflex.fr\/#organization","name":"Rubberflex","url":"https:\/\/rubberflex.fr\/","logo":{"@type":"ImageObject","inLanguage":"fr-FR","@id":"https:\/\/rubberflex.fr\/#\/schema\/logo\/image\/","url":"https:\/\/rubberflex.fr\/wp-content\/uploads\/2022\/11\/cropped-logo-rubberflex-1.png","contentUrl":"https:\/\/rubberflex.fr\/wp-content\/uploads\/2022\/11\/cropped-logo-rubberflex-1.png","width":582,"height":174,"caption":"Rubberflex"},"image":{"@id":"https:\/\/rubberflex.fr\/#\/schema\/logo\/image\/"}}]}},"_links":{"self":[{"href":"https:\/\/rubberflex.fr\/index.php?rest_route=\/wp\/v2\/pages\/25","targetHints":{"allow":["GET"]}}],"collection":[{"href":"https:\/\/rubberflex.fr\/index.php?rest_route=\/wp\/v2\/pages"}],"about":[{"href":"https:\/\/rubberflex.fr\/index.php?rest_route=\/wp\/v2\/types\/page"}],"author":[{"embeddable":true,"href":"https:\/\/rubberflex.fr\/index.php?rest_route=\/wp\/v2\/users\/2"}],"replies":[{"embeddable":true,"href":"https:\/\/rubberflex.fr\/index.php?rest_route=%2Fwp%2Fv2%2Fcomments&post=25"}],"version-history":[{"count":7,"href":"https:\/\/rubberflex.fr\/index.php?rest_route=\/wp\/v2\/pages\/25\/revisions"}],"predecessor-version":[{"id":1244,"href":"https:\/\/rubberflex.fr\/index.php?rest_route=\/wp\/v2\/pages\/25\/revisions\/1244"}],"wp:attachment":[{"href":"https:\/\/rubberflex.fr\/index.php?rest_route=%2Fwp%2Fv2%2Fmedia&parent=25"}],"curies":[{"name":"wp","href":"https:\/\/api.w.org\/{rel}","templated":true}]}}