{"id":23,"date":"2022-11-03T08:22:04","date_gmt":"2022-11-03T08:22:04","guid":{"rendered":"https:\/\/rubberflex.fr\/?page_id=23"},"modified":"2023-01-25T10:05:19","modified_gmt":"2023-01-25T09:05:19","slug":"nos-formations","status":"publish","type":"page","link":"https:\/\/rubberflex.fr\/?page_id=23","title":{"rendered":"Nos services"},"content":{"rendered":"\t\t<div data-elementor-type=\"wp-page\" data-elementor-id=\"23\" class=\"elementor elementor-23\">\n\t\t\t\t\t\t<section class=\"elementor-section elementor-top-section elementor-element elementor-element-a2b51d7 elementor-section-boxed elementor-section-height-default elementor-section-height-default\" data-id=\"a2b51d7\" data-element_type=\"section\">\n\t\t\t\t\t\t<div class=\"elementor-container elementor-column-gap-default\">\n\t\t\t\t\t<div class=\"elementor-column elementor-col-50 elementor-top-column elementor-element elementor-element-cee0fbb\" data-id=\"cee0fbb\" data-element_type=\"column\">\n\t\t\t<div class=\"elementor-widget-wrap elementor-element-populated\">\n\t\t\t\t\t\t<div class=\"elementor-element elementor-element-58c9ef6 elementor-widget elementor-widget-image\" data-id=\"58c9ef6\" data-element_type=\"widget\" data-widget_type=\"image.default\">\n\t\t\t\t<div class=\"elementor-widget-container\">\n\t\t\t\t\t\t\t\t\t\t\t\t\t\t\t<img fetchpriority=\"high\" decoding=\"async\" width=\"500\" height=\"500\" src=\"https:\/\/rubberflex.fr\/wp-content\/uploads\/2023\/01\/Blanc-et-Noir-Montagne-Net-et-Moderne-Eglise-Logo.png\" class=\"attachment-full size-full wp-image-1065\" alt=\"\" srcset=\"https:\/\/rubberflex.fr\/wp-content\/uploads\/2023\/01\/Blanc-et-Noir-Montagne-Net-et-Moderne-Eglise-Logo.png 500w, https:\/\/rubberflex.fr\/wp-content\/uploads\/2023\/01\/Blanc-et-Noir-Montagne-Net-et-Moderne-Eglise-Logo-300x300.png 300w, https:\/\/rubberflex.fr\/wp-content\/uploads\/2023\/01\/Blanc-et-Noir-Montagne-Net-et-Moderne-Eglise-Logo-150x150.png 150w\" sizes=\"(max-width: 500px) 100vw, 500px\" \/>\t\t\t\t\t\t\t\t\t\t\t\t\t\t\t<\/div>\n\t\t\t\t<\/div>\n\t\t\t\t\t<\/div>\n\t\t<\/div>\n\t\t\t\t<div class=\"elementor-column elementor-col-50 elementor-top-column elementor-element elementor-element-b368d2f\" data-id=\"b368d2f\" data-element_type=\"column\">\n\t\t\t<div class=\"elementor-widget-wrap elementor-element-populated\">\n\t\t\t\t\t\t<div class=\"elementor-element elementor-element-bb7585e elementor-widget elementor-widget-text-editor\" data-id=\"bb7585e\" data-element_type=\"widget\" data-widget_type=\"text-editor.default\">\n\t\t\t\t<div class=\"elementor-widget-container\">\n\t\t\t\t\t\t\t\t\t<h2><strong>Assistance technique :<\/strong><\/h2><p>L&rsquo;assistance avant et apr\u00e8s vente repr\u00e9sente pour <strong><span style=\"color: #008000;\">Rubberflex<\/span><\/strong> un moment fondamental du service client.<\/p><p>L&rsquo;analyse du projet et d&rsquo;identification des meilleures solutions pour r\u00e9soudre les probl\u00e8mes les plus complexes d&rsquo;\u00e9tanch\u00e9it\u00e9 et apr\u00e8s la r\u00e9alisation des travaux par des op\u00e9rateurs hautement sp\u00e9cialis\u00e9s sont importants pour l&rsquo;entreprise.<\/p><p>L&rsquo;assistance technique offerte par <span style=\"color: #008000;\"><strong>Rubberflex<\/strong><\/span> s&rsquo;exprime par :<\/p><ul><li><strong><span style=\"color: #008000;\">Une organisation de vente<\/span><\/strong> compos\u00e9e de personnel technico-commercial avec un profil professionnel \u00e9lev\u00e9 et une longue exp\u00e9rience dans le domaine.<\/li><li><strong><span style=\"color: #008000;\">Un bureau technique<\/span><\/strong> capable de fournir des d\u00e9tails ex\u00e9cutifs avec les normes et sp\u00e9cifications de conception les plus modernes.<\/li><li><strong><span style=\"color: #008000;\">Un centre de formation<\/span><\/strong> o\u00f9 chaque ann\u00e9e des milliers d&rsquo;op\u00e9rateurs, apr\u00e8s un cours th\u00e9orique et pratique approfondi, obtiennent la qualification d&rsquo;applicateurs agr\u00e9es avec un certificat sp\u00e9cial de participation.<\/li><li><strong><span style=\"color: #008000;\">Une assistance sur place <\/span><\/strong>: Nous vous accompagnons tout au long de votre chantier en tant que conseil pour la pose de nos syst\u00e8mes.<\/li><\/ul>\t\t\t\t\t\t\t\t<\/div>\n\t\t\t\t<\/div>\n\t\t\t\t\t<\/div>\n\t\t<\/div>\n\t\t\t\t\t<\/div>\n\t\t<\/section>\n\t\t\t\t<section class=\"elementor-section elementor-top-section elementor-element elementor-element-c042d57 elementor-section-boxed elementor-section-height-default elementor-section-height-default\" data-id=\"c042d57\" data-element_type=\"section\">\n\t\t\t\t\t\t<div class=\"elementor-container elementor-column-gap-default\">\n\t\t\t\t\t<div class=\"elementor-column elementor-col-50 elementor-top-column elementor-element elementor-element-0f3a27d\" data-id=\"0f3a27d\" data-element_type=\"column\">\n\t\t\t<div class=\"elementor-widget-wrap elementor-element-populated\">\n\t\t\t\t\t\t<div class=\"elementor-element elementor-element-252ca76 elementor-arrows-position-inside elementor-widget elementor-widget-image-carousel\" data-id=\"252ca76\" data-element_type=\"widget\" data-settings=\"{&quot;slides_to_show&quot;:&quot;1&quot;,&quot;navigation&quot;:&quot;arrows&quot;,&quot;autoplay&quot;:&quot;yes&quot;,&quot;pause_on_hover&quot;:&quot;yes&quot;,&quot;pause_on_interaction&quot;:&quot;yes&quot;,&quot;autoplay_speed&quot;:5000,&quot;infinite&quot;:&quot;yes&quot;,&quot;effect&quot;:&quot;slide&quot;,&quot;speed&quot;:500}\" data-widget_type=\"image-carousel.default\">\n\t\t\t\t<div class=\"elementor-widget-container\">\n\t\t\t\t\t\t\t<div class=\"elementor-image-carousel-wrapper swiper\" role=\"region\" aria-roledescription=\"carousel\" aria-label=\"Carrousel d\u2019images\" dir=\"ltr\">\n\t\t\t<div class=\"elementor-image-carousel swiper-wrapper\" aria-live=\"off\">\n\t\t\t\t\t\t\t\t<div class=\"swiper-slide\" role=\"group\" aria-roledescription=\"slide\" aria-label=\"1 sur 2\"><figure class=\"swiper-slide-inner\"><img decoding=\"async\" class=\"swiper-slide-image\" src=\"https:\/\/rubberflex.fr\/wp-content\/uploads\/elementor\/thumbs\/image00002-2-scaled-q0gn4hgrztapdp4b7wrdtn56qa6e2l8erx0h28jsso.jpeg\" alt=\"image00002 (2)\" \/><\/figure><\/div><div class=\"swiper-slide\" role=\"group\" aria-roledescription=\"slide\" aria-label=\"2 sur 2\"><figure class=\"swiper-slide-inner\"><img decoding=\"async\" class=\"swiper-slide-image\" src=\"https:\/\/rubberflex.fr\/wp-content\/uploads\/elementor\/thumbs\/image00001-2-pz6zfzm542m0e0gz19tzgm6h8zvlpwiyn96b4s76h4.jpeg\" alt=\"image00001 (2)\" \/><\/figure><\/div>\t\t\t<\/div>\n\t\t\t\t\t\t\t\t\t\t\t\t<div class=\"elementor-swiper-button elementor-swiper-button-prev\" role=\"button\" tabindex=\"0\">\n\t\t\t\t\t\t<i aria-hidden=\"true\" class=\"eicon-chevron-left\"><\/i>\t\t\t\t\t<\/div>\n\t\t\t\t\t<div class=\"elementor-swiper-button elementor-swiper-button-next\" role=\"button\" tabindex=\"0\">\n\t\t\t\t\t\t<i aria-hidden=\"true\" class=\"eicon-chevron-right\"><\/i>\t\t\t\t\t<\/div>\n\t\t\t\t\n\t\t\t\t\t\t\t\t\t<\/div>\n\t\t\t\t\t\t<\/div>\n\t\t\t\t<\/div>\n\t\t\t\t\t<\/div>\n\t\t<\/div>\n\t\t\t\t<div class=\"elementor-column elementor-col-50 elementor-top-column elementor-element elementor-element-6f0f952\" data-id=\"6f0f952\" data-element_type=\"column\">\n\t\t\t<div class=\"elementor-widget-wrap elementor-element-populated\">\n\t\t\t\t\t\t<div class=\"elementor-element elementor-element-4a8de63 elementor-widget elementor-widget-text-editor\" data-id=\"4a8de63\" data-element_type=\"widget\" data-widget_type=\"text-editor.default\">\n\t\t\t\t<div class=\"elementor-widget-container\">\n\t\t\t\t\t\t\t\t\t<h2><strong>Formation :<\/strong><\/h2>\n<ul>\n<li><strong><span style=\"color: #008000;\">Formation Gratuite<\/span><\/strong>.<\/li>\n<\/ul>\n<p>Au centre de formation chez notre fournisseur Imper Italia ou dans nos locaux, des cours sont organis\u00e9s pour sp\u00e9cialiser les op\u00e9rateurs dans l\u2019application de la grande gamme de produits IMPER ITALIA.<\/p>\n<p>Les cours comprennent une formation pratique et th\u00e9orique avec l&rsquo;utilisation des \u00e9quipements de pose et de soudure les plus modernes.<br><\/p>\t\t\t\t\t\t\t\t<\/div>\n\t\t\t\t<\/div>\n\t\t\t\t\t<\/div>\n\t\t<\/div>\n\t\t\t\t\t<\/div>\n\t\t<\/section>\n\t\t\t\t<\/div>\n\t\t","protected":false},"excerpt":{"rendered":"<p>Assistance technique : L&rsquo;assistance avant et apr\u00e8s vente repr\u00e9sente pour Rubberflex un moment fondamental du service client. L&rsquo;analyse du projet et d&rsquo;identification des meilleures solutions pour r\u00e9soudre les probl\u00e8mes les plus complexes d&rsquo;\u00e9tanch\u00e9it\u00e9 et apr\u00e8s la r\u00e9alisation des travaux par des op\u00e9rateurs hautement sp\u00e9cialis\u00e9s sont importants pour l&rsquo;entreprise. L&rsquo;assistance technique offerte par Rubberflex s&rsquo;exprime par [&hellip;]<\/p>\n","protected":false},"author":2,"featured_media":0,"parent":0,"menu_order":0,"comment_status":"closed","ping_status":"closed","template":"","meta":{"_monsterinsights_skip_tracking":false,"_monsterinsights_sitenote_active":false,"_monsterinsights_sitenote_note":"","_monsterinsights_sitenote_category":0,"ocean_post_layout":"","ocean_both_sidebars_style":"","ocean_both_sidebars_content_width":0,"ocean_both_sidebars_sidebars_width":0,"ocean_sidebar":"0","ocean_second_sidebar":"0","ocean_disable_margins":"enable","ocean_add_body_class":"","ocean_shortcode_before_top_bar":"","ocean_shortcode_after_top_bar":"","ocean_shortcode_before_header":"","ocean_shortcode_after_header":"","ocean_has_shortcode":"","ocean_shortcode_after_title":"","ocean_shortcode_before_footer_widgets":"","ocean_shortcode_after_footer_widgets":"","ocean_shortcode_before_footer_bottom":"","ocean_shortcode_after_footer_bottom":"","ocean_display_top_bar":"default","ocean_display_header":"default","ocean_header_style":"","ocean_center_header_left_menu":"0","ocean_custom_header_template":"0","ocean_custom_logo":0,"ocean_custom_retina_logo":0,"ocean_custom_logo_max_width":0,"ocean_custom_logo_tablet_max_width":0,"ocean_custom_logo_mobile_max_width":0,"ocean_custom_logo_max_height":0,"ocean_custom_logo_tablet_max_height":0,"ocean_custom_logo_mobile_max_height":0,"ocean_header_custom_menu":"0","ocean_menu_typo_font_family":"0","ocean_menu_typo_font_subset":"","ocean_menu_typo_font_size":0,"ocean_menu_typo_font_size_tablet":0,"ocean_menu_typo_font_size_mobile":0,"ocean_menu_typo_font_size_unit":"px","ocean_menu_typo_font_weight":"","ocean_menu_typo_font_weight_tablet":"","ocean_menu_typo_font_weight_mobile":"","ocean_menu_typo_transform":"","ocean_menu_typo_transform_tablet":"","ocean_menu_typo_transform_mobile":"","ocean_menu_typo_line_height":0,"ocean_menu_typo_line_height_tablet":0,"ocean_menu_typo_line_height_mobile":0,"ocean_menu_typo_line_height_unit":"","ocean_menu_typo_spacing":0,"ocean_menu_typo_spacing_tablet":0,"ocean_menu_typo_spacing_mobile":0,"ocean_menu_typo_spacing_unit":"","ocean_menu_link_color":"","ocean_menu_link_color_hover":"","ocean_menu_link_color_active":"","ocean_menu_link_background":"","ocean_menu_link_hover_background":"","ocean_menu_link_active_background":"","ocean_menu_social_links_bg":"","ocean_menu_social_hover_links_bg":"","ocean_menu_social_links_color":"","ocean_menu_social_hover_links_color":"","ocean_disable_title":"default","ocean_disable_heading":"default","ocean_post_title":"","ocean_post_subheading":"","ocean_post_title_style":"","ocean_post_title_background_color":"","ocean_post_title_background":0,"ocean_post_title_bg_image_position":"","ocean_post_title_bg_image_attachment":"","ocean_post_title_bg_image_repeat":"","ocean_post_title_bg_image_size":"","ocean_post_title_height":0,"ocean_post_title_bg_overlay":0.5,"ocean_post_title_bg_overlay_color":"","ocean_disable_breadcrumbs":"default","ocean_breadcrumbs_color":"","ocean_breadcrumbs_separator_color":"","ocean_breadcrumbs_links_color":"","ocean_breadcrumbs_links_hover_color":"","ocean_display_footer_widgets":"default","ocean_display_footer_bottom":"default","ocean_custom_footer_template":"0","footnotes":""},"class_list":["post-23","page","type-page","status-publish","hentry","entry"],"yoast_head":"<!-- This site is optimized with the Yoast SEO plugin v26.3 - https:\/\/yoast.com\/wordpress\/plugins\/seo\/ -->\n<title>Nos services - Rubberflex<\/title>\n<meta name=\"robots\" content=\"index, follow, max-snippet:-1, max-image-preview:large, max-video-preview:-1\" \/>\n<link rel=\"canonical\" href=\"https:\/\/rubberflex.fr\/?page_id=23\" \/>\n<meta property=\"og:locale\" content=\"fr_FR\" \/>\n<meta property=\"og:type\" content=\"article\" \/>\n<meta property=\"og:title\" content=\"Nos services - Rubberflex\" \/>\n<meta property=\"og:description\" content=\"Assistance technique : L&rsquo;assistance avant et apr\u00e8s vente repr\u00e9sente pour Rubberflex un moment fondamental du service client. L&rsquo;analyse du projet et d&rsquo;identification des meilleures solutions pour r\u00e9soudre les probl\u00e8mes les plus complexes d&rsquo;\u00e9tanch\u00e9it\u00e9 et apr\u00e8s la r\u00e9alisation des travaux par des op\u00e9rateurs hautement sp\u00e9cialis\u00e9s sont importants pour l&rsquo;entreprise. L&rsquo;assistance technique offerte par Rubberflex s&rsquo;exprime par [&hellip;]\" \/>\n<meta property=\"og:url\" content=\"https:\/\/rubberflex.fr\/?page_id=23\" \/>\n<meta property=\"og:site_name\" content=\"Rubberflex\" \/>\n<meta property=\"article:modified_time\" content=\"2023-01-25T09:05:19+00:00\" \/>\n<meta property=\"og:image\" content=\"https:\/\/rubberflex.fr\/wp-content\/uploads\/2023\/01\/Blanc-et-Noir-Montagne-Net-et-Moderne-Eglise-Logo.png\" \/>\n<meta name=\"twitter:card\" content=\"summary_large_image\" \/>\n<meta name=\"twitter:label1\" content=\"Dur\u00e9e de lecture estim\u00e9e\" \/>\n\t<meta name=\"twitter:data1\" content=\"3 minutes\" \/>\n<script type=\"application\/ld+json\" class=\"yoast-schema-graph\">{\"@context\":\"https:\/\/schema.org\",\"@graph\":[{\"@type\":\"WebPage\",\"@id\":\"https:\/\/rubberflex.fr\/?page_id=23\",\"url\":\"https:\/\/rubberflex.fr\/?page_id=23\",\"name\":\"Nos services - Rubberflex\",\"isPartOf\":{\"@id\":\"https:\/\/rubberflex.fr\/#website\"},\"primaryImageOfPage\":{\"@id\":\"https:\/\/rubberflex.fr\/?page_id=23#primaryimage\"},\"image\":{\"@id\":\"https:\/\/rubberflex.fr\/?page_id=23#primaryimage\"},\"thumbnailUrl\":\"https:\/\/rubberflex.fr\/wp-content\/uploads\/2023\/01\/Blanc-et-Noir-Montagne-Net-et-Moderne-Eglise-Logo.png\",\"datePublished\":\"2022-11-03T08:22:04+00:00\",\"dateModified\":\"2023-01-25T09:05:19+00:00\",\"breadcrumb\":{\"@id\":\"https:\/\/rubberflex.fr\/?page_id=23#breadcrumb\"},\"inLanguage\":\"fr-FR\",\"potentialAction\":[{\"@type\":\"ReadAction\",\"target\":[\"https:\/\/rubberflex.fr\/?page_id=23\"]}]},{\"@type\":\"ImageObject\",\"inLanguage\":\"fr-FR\",\"@id\":\"https:\/\/rubberflex.fr\/?page_id=23#primaryimage\",\"url\":\"https:\/\/rubberflex.fr\/wp-content\/uploads\/2023\/01\/Blanc-et-Noir-Montagne-Net-et-Moderne-Eglise-Logo.png\",\"contentUrl\":\"https:\/\/rubberflex.fr\/wp-content\/uploads\/2023\/01\/Blanc-et-Noir-Montagne-Net-et-Moderne-Eglise-Logo.png\",\"width\":500,\"height\":500},{\"@type\":\"BreadcrumbList\",\"@id\":\"https:\/\/rubberflex.fr\/?page_id=23#breadcrumb\",\"itemListElement\":[{\"@type\":\"ListItem\",\"position\":1,\"name\":\"Accueil\",\"item\":\"https:\/\/rubberflex.fr\/\"},{\"@type\":\"ListItem\",\"position\":2,\"name\":\"Nos services\"}]},{\"@type\":\"WebSite\",\"@id\":\"https:\/\/rubberflex.fr\/#website\",\"url\":\"https:\/\/rubberflex.fr\/\",\"name\":\"Rubberflex\",\"description\":\"\",\"publisher\":{\"@id\":\"https:\/\/rubberflex.fr\/#organization\"},\"potentialAction\":[{\"@type\":\"SearchAction\",\"target\":{\"@type\":\"EntryPoint\",\"urlTemplate\":\"https:\/\/rubberflex.fr\/?s={search_term_string}\"},\"query-input\":{\"@type\":\"PropertyValueSpecification\",\"valueRequired\":true,\"valueName\":\"search_term_string\"}}],\"inLanguage\":\"fr-FR\"},{\"@type\":\"Organization\",\"@id\":\"https:\/\/rubberflex.fr\/#organization\",\"name\":\"Rubberflex\",\"url\":\"https:\/\/rubberflex.fr\/\",\"logo\":{\"@type\":\"ImageObject\",\"inLanguage\":\"fr-FR\",\"@id\":\"https:\/\/rubberflex.fr\/#\/schema\/logo\/image\/\",\"url\":\"https:\/\/rubberflex.fr\/wp-content\/uploads\/2022\/11\/cropped-logo-rubberflex-1.png\",\"contentUrl\":\"https:\/\/rubberflex.fr\/wp-content\/uploads\/2022\/11\/cropped-logo-rubberflex-1.png\",\"width\":582,\"height\":174,\"caption\":\"Rubberflex\"},\"image\":{\"@id\":\"https:\/\/rubberflex.fr\/#\/schema\/logo\/image\/\"}}]}<\/script>\n<!-- \/ Yoast SEO plugin. -->","yoast_head_json":{"title":"Nos services - Rubberflex","robots":{"index":"index","follow":"follow","max-snippet":"max-snippet:-1","max-image-preview":"max-image-preview:large","max-video-preview":"max-video-preview:-1"},"canonical":"https:\/\/rubberflex.fr\/?page_id=23","og_locale":"fr_FR","og_type":"article","og_title":"Nos services - Rubberflex","og_description":"Assistance technique : L&rsquo;assistance avant et apr\u00e8s vente repr\u00e9sente pour Rubberflex un moment fondamental du service client. L&rsquo;analyse du projet et d&rsquo;identification des meilleures solutions pour r\u00e9soudre les probl\u00e8mes les plus complexes d&rsquo;\u00e9tanch\u00e9it\u00e9 et apr\u00e8s la r\u00e9alisation des travaux par des op\u00e9rateurs hautement sp\u00e9cialis\u00e9s sont importants pour l&rsquo;entreprise. L&rsquo;assistance technique offerte par Rubberflex s&rsquo;exprime par [&hellip;]","og_url":"https:\/\/rubberflex.fr\/?page_id=23","og_site_name":"Rubberflex","article_modified_time":"2023-01-25T09:05:19+00:00","og_image":[{"url":"https:\/\/rubberflex.fr\/wp-content\/uploads\/2023\/01\/Blanc-et-Noir-Montagne-Net-et-Moderne-Eglise-Logo.png","type":"","width":"","height":""}],"twitter_card":"summary_large_image","twitter_misc":{"Dur\u00e9e de lecture estim\u00e9e":"3 minutes"},"schema":{"@context":"https:\/\/schema.org","@graph":[{"@type":"WebPage","@id":"https:\/\/rubberflex.fr\/?page_id=23","url":"https:\/\/rubberflex.fr\/?page_id=23","name":"Nos services - Rubberflex","isPartOf":{"@id":"https:\/\/rubberflex.fr\/#website"},"primaryImageOfPage":{"@id":"https:\/\/rubberflex.fr\/?page_id=23#primaryimage"},"image":{"@id":"https:\/\/rubberflex.fr\/?page_id=23#primaryimage"},"thumbnailUrl":"https:\/\/rubberflex.fr\/wp-content\/uploads\/2023\/01\/Blanc-et-Noir-Montagne-Net-et-Moderne-Eglise-Logo.png","datePublished":"2022-11-03T08:22:04+00:00","dateModified":"2023-01-25T09:05:19+00:00","breadcrumb":{"@id":"https:\/\/rubberflex.fr\/?page_id=23#breadcrumb"},"inLanguage":"fr-FR","potentialAction":[{"@type":"ReadAction","target":["https:\/\/rubberflex.fr\/?page_id=23"]}]},{"@type":"ImageObject","inLanguage":"fr-FR","@id":"https:\/\/rubberflex.fr\/?page_id=23#primaryimage","url":"https:\/\/rubberflex.fr\/wp-content\/uploads\/2023\/01\/Blanc-et-Noir-Montagne-Net-et-Moderne-Eglise-Logo.png","contentUrl":"https:\/\/rubberflex.fr\/wp-content\/uploads\/2023\/01\/Blanc-et-Noir-Montagne-Net-et-Moderne-Eglise-Logo.png","width":500,"height":500},{"@type":"BreadcrumbList","@id":"https:\/\/rubberflex.fr\/?page_id=23#breadcrumb","itemListElement":[{"@type":"ListItem","position":1,"name":"Accueil","item":"https:\/\/rubberflex.fr\/"},{"@type":"ListItem","position":2,"name":"Nos services"}]},{"@type":"WebSite","@id":"https:\/\/rubberflex.fr\/#website","url":"https:\/\/rubberflex.fr\/","name":"Rubberflex","description":"","publisher":{"@id":"https:\/\/rubberflex.fr\/#organization"},"potentialAction":[{"@type":"SearchAction","target":{"@type":"EntryPoint","urlTemplate":"https:\/\/rubberflex.fr\/?s={search_term_string}"},"query-input":{"@type":"PropertyValueSpecification","valueRequired":true,"valueName":"search_term_string"}}],"inLanguage":"fr-FR"},{"@type":"Organization","@id":"https:\/\/rubberflex.fr\/#organization","name":"Rubberflex","url":"https:\/\/rubberflex.fr\/","logo":{"@type":"ImageObject","inLanguage":"fr-FR","@id":"https:\/\/rubberflex.fr\/#\/schema\/logo\/image\/","url":"https:\/\/rubberflex.fr\/wp-content\/uploads\/2022\/11\/cropped-logo-rubberflex-1.png","contentUrl":"https:\/\/rubberflex.fr\/wp-content\/uploads\/2022\/11\/cropped-logo-rubberflex-1.png","width":582,"height":174,"caption":"Rubberflex"},"image":{"@id":"https:\/\/rubberflex.fr\/#\/schema\/logo\/image\/"}}]}},"_links":{"self":[{"href":"https:\/\/rubberflex.fr\/index.php?rest_route=\/wp\/v2\/pages\/23","targetHints":{"allow":["GET"]}}],"collection":[{"href":"https:\/\/rubberflex.fr\/index.php?rest_route=\/wp\/v2\/pages"}],"about":[{"href":"https:\/\/rubberflex.fr\/index.php?rest_route=\/wp\/v2\/types\/page"}],"author":[{"embeddable":true,"href":"https:\/\/rubberflex.fr\/index.php?rest_route=\/wp\/v2\/users\/2"}],"replies":[{"embeddable":true,"href":"https:\/\/rubberflex.fr\/index.php?rest_route=%2Fwp%2Fv2%2Fcomments&post=23"}],"version-history":[{"count":35,"href":"https:\/\/rubberflex.fr\/index.php?rest_route=\/wp\/v2\/pages\/23\/revisions"}],"predecessor-version":[{"id":1159,"href":"https:\/\/rubberflex.fr\/index.php?rest_route=\/wp\/v2\/pages\/23\/revisions\/1159"}],"wp:attachment":[{"href":"https:\/\/rubberflex.fr\/index.php?rest_route=%2Fwp%2Fv2%2Fmedia&parent=23"}],"curies":[{"name":"wp","href":"https:\/\/api.w.org\/{rel}","templated":true}]}}