{"id":207,"date":"2022-12-01T09:00:11","date_gmt":"2022-12-01T09:00:11","guid":{"rendered":"https:\/\/rubberflex.fr\/?page_id=207"},"modified":"2022-12-15T09:49:03","modified_gmt":"2022-12-15T09:49:03","slug":"chemin-de-circulation","status":"publish","type":"page","link":"https:\/\/rubberflex.fr\/?page_id=207","title":{"rendered":"Chemin de circulation"},"content":{"rendered":"\t\t<div data-elementor-type=\"wp-page\" data-elementor-id=\"207\" class=\"elementor elementor-207\">\n\t\t\t\t\t\t<section class=\"elementor-section elementor-top-section elementor-element elementor-element-1406917 elementor-section-boxed elementor-section-height-default elementor-section-height-default\" data-id=\"1406917\" data-element_type=\"section\">\n\t\t\t\t\t\t<div class=\"elementor-container elementor-column-gap-default\">\n\t\t\t\t\t<div class=\"elementor-column elementor-col-50 elementor-top-column elementor-element elementor-element-dbef3c0\" data-id=\"dbef3c0\" data-element_type=\"column\" data-settings=\"{&quot;background_background&quot;:&quot;classic&quot;}\">\n\t\t\t<div class=\"elementor-widget-wrap elementor-element-populated\">\n\t\t\t\t\t\t<div class=\"elementor-element elementor-element-8001ead elementor-widget elementor-widget-image\" data-id=\"8001ead\" data-element_type=\"widget\" data-widget_type=\"image.default\">\n\t\t\t\t<div class=\"elementor-widget-container\">\n\t\t\t\t\t\t\t\t\t\t\t\t\t\t\t<img fetchpriority=\"high\" decoding=\"async\" width=\"652\" height=\"738\" src=\"https:\/\/rubberflex.fr\/wp-content\/uploads\/2022\/12\/Capture-decran-2022-12-02-095819.png\" class=\"attachment-large size-large wp-image-274\" alt=\"\" srcset=\"https:\/\/rubberflex.fr\/wp-content\/uploads\/2022\/12\/Capture-decran-2022-12-02-095819.png 652w, https:\/\/rubberflex.fr\/wp-content\/uploads\/2022\/12\/Capture-decran-2022-12-02-095819-265x300.png 265w\" sizes=\"(max-width: 652px) 100vw, 652px\" \/>\t\t\t\t\t\t\t\t\t\t\t\t\t\t\t<\/div>\n\t\t\t\t<\/div>\n\t\t\t\t\t<\/div>\n\t\t<\/div>\n\t\t\t\t<div class=\"elementor-column elementor-col-50 elementor-top-column elementor-element elementor-element-b469002\" data-id=\"b469002\" data-element_type=\"column\" data-settings=\"{&quot;background_background&quot;:&quot;classic&quot;}\">\n\t\t\t<div class=\"elementor-widget-wrap elementor-element-populated\">\n\t\t\t\t\t\t<div class=\"elementor-element elementor-element-bcde783 elementor-widget elementor-widget-text-editor\" data-id=\"bcde783\" data-element_type=\"widget\" data-widget_type=\"text-editor.default\">\n\t\t\t\t<div class=\"elementor-widget-container\">\n\t\t\t\t\t\t\t\t\t<h1>Chemin de circulation<\/h1>\t\t\t\t\t\t\t\t<\/div>\n\t\t\t\t<\/div>\n\t\t\t\t<div class=\"elementor-element elementor-element-a0c04ea elementor-widget elementor-widget-text-editor\" data-id=\"a0c04ea\" data-element_type=\"widget\" data-widget_type=\"text-editor.default\">\n\t\t\t\t<div class=\"elementor-widget-container\">\n\t\t\t\t\t\t\t\t\t<h2>Description<\/h2>\t\t\t\t\t\t\t\t<\/div>\n\t\t\t\t<\/div>\n\t\t\t\t<div class=\"elementor-element elementor-element-6c3caa5 elementor-widget elementor-widget-text-editor\" data-id=\"6c3caa5\" data-element_type=\"widget\" data-widget_type=\"text-editor.default\">\n\t\t\t\t<div class=\"elementor-widget-container\">\n\t\t\t\t\t\t\t\t\t<ul><li>Chemin de circulation en membrane \u00e0 base de TPO\/FPA<\/li><li>Les chemins de circulation Rubberflex sont destin\u00e9s \u00e0 couvrir les membranes d&rsquo;\u00e9tanch\u00e9it\u00e9 Sintofoil et permettent ainsi une circulation r\u00e9guli\u00e8re. Ils pr\u00e9sentent des caract\u00e9ristiques antid\u00e9rapantes, m\u00eames humides.<\/li><li>Leurs performances m\u00e9caniques \u00e9lev\u00e9es permettent de prot\u00e9ger efficacement les zones techniques et de circulation lors de l&rsquo;entretien des \u00e9quipements dispos\u00e9s en toiture.<\/li><\/ul><p>\u00a0<\/p>\t\t\t\t\t\t\t\t<\/div>\n\t\t\t\t<\/div>\n\t\t\t\t\t<\/div>\n\t\t<\/div>\n\t\t\t\t\t<\/div>\n\t\t<\/section>\n\t\t\t\t<section class=\"elementor-section elementor-top-section elementor-element elementor-element-c83a3fe elementor-section-boxed elementor-section-height-default elementor-section-height-default\" data-id=\"c83a3fe\" data-element_type=\"section\">\n\t\t\t\t\t\t<div class=\"elementor-container elementor-column-gap-default\">\n\t\t\t\t\t<div class=\"elementor-column elementor-col-100 elementor-top-column elementor-element elementor-element-7b46ad4\" data-id=\"7b46ad4\" data-element_type=\"column\" data-settings=\"{&quot;background_background&quot;:&quot;classic&quot;}\">\n\t\t\t<div class=\"elementor-widget-wrap elementor-element-populated\">\n\t\t\t\t\t\t<div class=\"elementor-element elementor-element-c331c97 elementor-widget elementor-widget-text-editor\" data-id=\"c331c97\" data-element_type=\"widget\" data-widget_type=\"text-editor.default\">\n\t\t\t\t<div class=\"elementor-widget-container\">\n\t\t\t\t\t\t\t\t\t<h2><strong>Caract\u00e9ristiques :<\/strong><\/h2>\t\t\t\t\t\t\t\t<\/div>\n\t\t\t\t<\/div>\n\t\t\t\t<div class=\"elementor-element elementor-element-dd231ab elementor-widget elementor-widget-image\" data-id=\"dd231ab\" data-element_type=\"widget\" data-widget_type=\"image.default\">\n\t\t\t\t<div class=\"elementor-widget-container\">\n\t\t\t\t\t\t\t\t\t\t\t\t\t\t\t<img decoding=\"async\" width=\"810\" height=\"231\" src=\"https:\/\/rubberflex.fr\/wp-content\/uploads\/2022\/12\/Capture-decran-2022-12-08-162114.png\" class=\"attachment-large size-large wp-image-415\" alt=\"\" srcset=\"https:\/\/rubberflex.fr\/wp-content\/uploads\/2022\/12\/Capture-decran-2022-12-08-162114.png 810w, https:\/\/rubberflex.fr\/wp-content\/uploads\/2022\/12\/Capture-decran-2022-12-08-162114-300x86.png 300w, https:\/\/rubberflex.fr\/wp-content\/uploads\/2022\/12\/Capture-decran-2022-12-08-162114-768x219.png 768w\" sizes=\"(max-width: 810px) 100vw, 810px\" \/>\t\t\t\t\t\t\t\t\t\t\t\t\t\t\t<\/div>\n\t\t\t\t<\/div>\n\t\t\t\t\t<\/div>\n\t\t<\/div>\n\t\t\t\t\t<\/div>\n\t\t<\/section>\n\t\t\t\t<\/div>\n\t\t","protected":false},"excerpt":{"rendered":"<p>Chemin de circulation Description Chemin de circulation en membrane \u00e0 base de TPO\/FPA Les chemins de circulation Rubberflex sont destin\u00e9s \u00e0 couvrir les membranes d&rsquo;\u00e9tanch\u00e9it\u00e9 Sintofoil et permettent ainsi une circulation r\u00e9guli\u00e8re. Ils pr\u00e9sentent des caract\u00e9ristiques antid\u00e9rapantes, m\u00eames humides. Leurs performances m\u00e9caniques \u00e9lev\u00e9es permettent de prot\u00e9ger efficacement les zones techniques et de circulation lors de [&hellip;]<\/p>\n","protected":false},"author":2,"featured_media":0,"parent":0,"menu_order":0,"comment_status":"closed","ping_status":"closed","template":"","meta":{"_monsterinsights_skip_tracking":false,"_monsterinsights_sitenote_active":false,"_monsterinsights_sitenote_note":"","_monsterinsights_sitenote_category":0,"ocean_post_layout":"","ocean_both_sidebars_style":"","ocean_both_sidebars_content_width":0,"ocean_both_sidebars_sidebars_width":0,"ocean_sidebar":"0","ocean_second_sidebar":"0","ocean_disable_margins":"enable","ocean_add_body_class":"","ocean_shortcode_before_top_bar":"","ocean_shortcode_after_top_bar":"","ocean_shortcode_before_header":"","ocean_shortcode_after_header":"","ocean_has_shortcode":"","ocean_shortcode_after_title":"","ocean_shortcode_before_footer_widgets":"","ocean_shortcode_after_footer_widgets":"","ocean_shortcode_before_footer_bottom":"","ocean_shortcode_after_footer_bottom":"","ocean_display_top_bar":"default","ocean_display_header":"default","ocean_header_style":"","ocean_center_header_left_menu":"0","ocean_custom_header_template":"0","ocean_custom_logo":0,"ocean_custom_retina_logo":0,"ocean_custom_logo_max_width":0,"ocean_custom_logo_tablet_max_width":0,"ocean_custom_logo_mobile_max_width":0,"ocean_custom_logo_max_height":0,"ocean_custom_logo_tablet_max_height":0,"ocean_custom_logo_mobile_max_height":0,"ocean_header_custom_menu":"0","ocean_menu_typo_font_family":"0","ocean_menu_typo_font_subset":"","ocean_menu_typo_font_size":0,"ocean_menu_typo_font_size_tablet":0,"ocean_menu_typo_font_size_mobile":0,"ocean_menu_typo_font_size_unit":"px","ocean_menu_typo_font_weight":"","ocean_menu_typo_font_weight_tablet":"","ocean_menu_typo_font_weight_mobile":"","ocean_menu_typo_transform":"","ocean_menu_typo_transform_tablet":"","ocean_menu_typo_transform_mobile":"","ocean_menu_typo_line_height":0,"ocean_menu_typo_line_height_tablet":0,"ocean_menu_typo_line_height_mobile":0,"ocean_menu_typo_line_height_unit":"","ocean_menu_typo_spacing":0,"ocean_menu_typo_spacing_tablet":0,"ocean_menu_typo_spacing_mobile":0,"ocean_menu_typo_spacing_unit":"","ocean_menu_link_color":"","ocean_menu_link_color_hover":"","ocean_menu_link_color_active":"","ocean_menu_link_background":"","ocean_menu_link_hover_background":"","ocean_menu_link_active_background":"","ocean_menu_social_links_bg":"","ocean_menu_social_hover_links_bg":"","ocean_menu_social_links_color":"","ocean_menu_social_hover_links_color":"","ocean_disable_title":"default","ocean_disable_heading":"default","ocean_post_title":"","ocean_post_subheading":"","ocean_post_title_style":"","ocean_post_title_background_color":"","ocean_post_title_background":0,"ocean_post_title_bg_image_position":"","ocean_post_title_bg_image_attachment":"","ocean_post_title_bg_image_repeat":"","ocean_post_title_bg_image_size":"","ocean_post_title_height":0,"ocean_post_title_bg_overlay":0.5,"ocean_post_title_bg_overlay_color":"","ocean_disable_breadcrumbs":"default","ocean_breadcrumbs_color":"","ocean_breadcrumbs_separator_color":"","ocean_breadcrumbs_links_color":"","ocean_breadcrumbs_links_hover_color":"","ocean_display_footer_widgets":"default","ocean_display_footer_bottom":"default","ocean_custom_footer_template":"0","footnotes":""},"class_list":["post-207","page","type-page","status-publish","hentry","entry"],"yoast_head":"<!-- This site is optimized with the Yoast SEO plugin v26.3 - https:\/\/yoast.com\/wordpress\/plugins\/seo\/ -->\n<title>Chemin de circulation - Rubberflex<\/title>\n<meta name=\"robots\" content=\"index, follow, max-snippet:-1, max-image-preview:large, max-video-preview:-1\" \/>\n<link rel=\"canonical\" href=\"https:\/\/rubberflex.fr\/?page_id=207\" \/>\n<meta property=\"og:locale\" content=\"fr_FR\" \/>\n<meta property=\"og:type\" content=\"article\" \/>\n<meta property=\"og:title\" content=\"Chemin de circulation - Rubberflex\" \/>\n<meta property=\"og:description\" content=\"Chemin de circulation Description Chemin de circulation en membrane \u00e0 base de TPO\/FPA Les chemins de circulation Rubberflex sont destin\u00e9s \u00e0 couvrir les membranes d&rsquo;\u00e9tanch\u00e9it\u00e9 Sintofoil et permettent ainsi une circulation r\u00e9guli\u00e8re. Ils pr\u00e9sentent des caract\u00e9ristiques antid\u00e9rapantes, m\u00eames humides. Leurs performances m\u00e9caniques \u00e9lev\u00e9es permettent de prot\u00e9ger efficacement les zones techniques et de circulation lors de [&hellip;]\" \/>\n<meta property=\"og:url\" content=\"https:\/\/rubberflex.fr\/?page_id=207\" \/>\n<meta property=\"og:site_name\" content=\"Rubberflex\" \/>\n<meta property=\"article:modified_time\" content=\"2022-12-15T09:49:03+00:00\" \/>\n<meta property=\"og:image\" content=\"https:\/\/rubberflex.fr\/wp-content\/uploads\/2022\/12\/Capture-decran-2022-12-02-095819.png\" \/>\n<meta name=\"twitter:card\" content=\"summary_large_image\" \/>\n<meta name=\"twitter:label1\" content=\"Dur\u00e9e de lecture estim\u00e9e\" \/>\n\t<meta name=\"twitter:data1\" content=\"1 minute\" \/>\n<script type=\"application\/ld+json\" class=\"yoast-schema-graph\">{\"@context\":\"https:\/\/schema.org\",\"@graph\":[{\"@type\":\"WebPage\",\"@id\":\"https:\/\/rubberflex.fr\/?page_id=207\",\"url\":\"https:\/\/rubberflex.fr\/?page_id=207\",\"name\":\"Chemin de circulation - Rubberflex\",\"isPartOf\":{\"@id\":\"https:\/\/rubberflex.fr\/#website\"},\"primaryImageOfPage\":{\"@id\":\"https:\/\/rubberflex.fr\/?page_id=207#primaryimage\"},\"image\":{\"@id\":\"https:\/\/rubberflex.fr\/?page_id=207#primaryimage\"},\"thumbnailUrl\":\"https:\/\/rubberflex.fr\/wp-content\/uploads\/2022\/12\/Capture-decran-2022-12-02-095819.png\",\"datePublished\":\"2022-12-01T09:00:11+00:00\",\"dateModified\":\"2022-12-15T09:49:03+00:00\",\"breadcrumb\":{\"@id\":\"https:\/\/rubberflex.fr\/?page_id=207#breadcrumb\"},\"inLanguage\":\"fr-FR\",\"potentialAction\":[{\"@type\":\"ReadAction\",\"target\":[\"https:\/\/rubberflex.fr\/?page_id=207\"]}]},{\"@type\":\"ImageObject\",\"inLanguage\":\"fr-FR\",\"@id\":\"https:\/\/rubberflex.fr\/?page_id=207#primaryimage\",\"url\":\"https:\/\/rubberflex.fr\/wp-content\/uploads\/2022\/12\/Capture-decran-2022-12-02-095819.png\",\"contentUrl\":\"https:\/\/rubberflex.fr\/wp-content\/uploads\/2022\/12\/Capture-decran-2022-12-02-095819.png\",\"width\":652,\"height\":738},{\"@type\":\"BreadcrumbList\",\"@id\":\"https:\/\/rubberflex.fr\/?page_id=207#breadcrumb\",\"itemListElement\":[{\"@type\":\"ListItem\",\"position\":1,\"name\":\"Accueil\",\"item\":\"https:\/\/rubberflex.fr\/\"},{\"@type\":\"ListItem\",\"position\":2,\"name\":\"Chemin de circulation\"}]},{\"@type\":\"WebSite\",\"@id\":\"https:\/\/rubberflex.fr\/#website\",\"url\":\"https:\/\/rubberflex.fr\/\",\"name\":\"Rubberflex\",\"description\":\"\",\"publisher\":{\"@id\":\"https:\/\/rubberflex.fr\/#organization\"},\"potentialAction\":[{\"@type\":\"SearchAction\",\"target\":{\"@type\":\"EntryPoint\",\"urlTemplate\":\"https:\/\/rubberflex.fr\/?s={search_term_string}\"},\"query-input\":{\"@type\":\"PropertyValueSpecification\",\"valueRequired\":true,\"valueName\":\"search_term_string\"}}],\"inLanguage\":\"fr-FR\"},{\"@type\":\"Organization\",\"@id\":\"https:\/\/rubberflex.fr\/#organization\",\"name\":\"Rubberflex\",\"url\":\"https:\/\/rubberflex.fr\/\",\"logo\":{\"@type\":\"ImageObject\",\"inLanguage\":\"fr-FR\",\"@id\":\"https:\/\/rubberflex.fr\/#\/schema\/logo\/image\/\",\"url\":\"https:\/\/rubberflex.fr\/wp-content\/uploads\/2022\/11\/cropped-logo-rubberflex-1.png\",\"contentUrl\":\"https:\/\/rubberflex.fr\/wp-content\/uploads\/2022\/11\/cropped-logo-rubberflex-1.png\",\"width\":582,\"height\":174,\"caption\":\"Rubberflex\"},\"image\":{\"@id\":\"https:\/\/rubberflex.fr\/#\/schema\/logo\/image\/\"}}]}<\/script>\n<!-- \/ Yoast SEO plugin. -->","yoast_head_json":{"title":"Chemin de circulation - Rubberflex","robots":{"index":"index","follow":"follow","max-snippet":"max-snippet:-1","max-image-preview":"max-image-preview:large","max-video-preview":"max-video-preview:-1"},"canonical":"https:\/\/rubberflex.fr\/?page_id=207","og_locale":"fr_FR","og_type":"article","og_title":"Chemin de circulation - Rubberflex","og_description":"Chemin de circulation Description Chemin de circulation en membrane \u00e0 base de TPO\/FPA Les chemins de circulation Rubberflex sont destin\u00e9s \u00e0 couvrir les membranes d&rsquo;\u00e9tanch\u00e9it\u00e9 Sintofoil et permettent ainsi une circulation r\u00e9guli\u00e8re. Ils pr\u00e9sentent des caract\u00e9ristiques antid\u00e9rapantes, m\u00eames humides. Leurs performances m\u00e9caniques \u00e9lev\u00e9es permettent de prot\u00e9ger efficacement les zones techniques et de circulation lors de [&hellip;]","og_url":"https:\/\/rubberflex.fr\/?page_id=207","og_site_name":"Rubberflex","article_modified_time":"2022-12-15T09:49:03+00:00","og_image":[{"url":"https:\/\/rubberflex.fr\/wp-content\/uploads\/2022\/12\/Capture-decran-2022-12-02-095819.png","type":"","width":"","height":""}],"twitter_card":"summary_large_image","twitter_misc":{"Dur\u00e9e de lecture estim\u00e9e":"1 minute"},"schema":{"@context":"https:\/\/schema.org","@graph":[{"@type":"WebPage","@id":"https:\/\/rubberflex.fr\/?page_id=207","url":"https:\/\/rubberflex.fr\/?page_id=207","name":"Chemin de circulation - Rubberflex","isPartOf":{"@id":"https:\/\/rubberflex.fr\/#website"},"primaryImageOfPage":{"@id":"https:\/\/rubberflex.fr\/?page_id=207#primaryimage"},"image":{"@id":"https:\/\/rubberflex.fr\/?page_id=207#primaryimage"},"thumbnailUrl":"https:\/\/rubberflex.fr\/wp-content\/uploads\/2022\/12\/Capture-decran-2022-12-02-095819.png","datePublished":"2022-12-01T09:00:11+00:00","dateModified":"2022-12-15T09:49:03+00:00","breadcrumb":{"@id":"https:\/\/rubberflex.fr\/?page_id=207#breadcrumb"},"inLanguage":"fr-FR","potentialAction":[{"@type":"ReadAction","target":["https:\/\/rubberflex.fr\/?page_id=207"]}]},{"@type":"ImageObject","inLanguage":"fr-FR","@id":"https:\/\/rubberflex.fr\/?page_id=207#primaryimage","url":"https:\/\/rubberflex.fr\/wp-content\/uploads\/2022\/12\/Capture-decran-2022-12-02-095819.png","contentUrl":"https:\/\/rubberflex.fr\/wp-content\/uploads\/2022\/12\/Capture-decran-2022-12-02-095819.png","width":652,"height":738},{"@type":"BreadcrumbList","@id":"https:\/\/rubberflex.fr\/?page_id=207#breadcrumb","itemListElement":[{"@type":"ListItem","position":1,"name":"Accueil","item":"https:\/\/rubberflex.fr\/"},{"@type":"ListItem","position":2,"name":"Chemin de circulation"}]},{"@type":"WebSite","@id":"https:\/\/rubberflex.fr\/#website","url":"https:\/\/rubberflex.fr\/","name":"Rubberflex","description":"","publisher":{"@id":"https:\/\/rubberflex.fr\/#organization"},"potentialAction":[{"@type":"SearchAction","target":{"@type":"EntryPoint","urlTemplate":"https:\/\/rubberflex.fr\/?s={search_term_string}"},"query-input":{"@type":"PropertyValueSpecification","valueRequired":true,"valueName":"search_term_string"}}],"inLanguage":"fr-FR"},{"@type":"Organization","@id":"https:\/\/rubberflex.fr\/#organization","name":"Rubberflex","url":"https:\/\/rubberflex.fr\/","logo":{"@type":"ImageObject","inLanguage":"fr-FR","@id":"https:\/\/rubberflex.fr\/#\/schema\/logo\/image\/","url":"https:\/\/rubberflex.fr\/wp-content\/uploads\/2022\/11\/cropped-logo-rubberflex-1.png","contentUrl":"https:\/\/rubberflex.fr\/wp-content\/uploads\/2022\/11\/cropped-logo-rubberflex-1.png","width":582,"height":174,"caption":"Rubberflex"},"image":{"@id":"https:\/\/rubberflex.fr\/#\/schema\/logo\/image\/"}}]}},"_links":{"self":[{"href":"https:\/\/rubberflex.fr\/index.php?rest_route=\/wp\/v2\/pages\/207","targetHints":{"allow":["GET"]}}],"collection":[{"href":"https:\/\/rubberflex.fr\/index.php?rest_route=\/wp\/v2\/pages"}],"about":[{"href":"https:\/\/rubberflex.fr\/index.php?rest_route=\/wp\/v2\/types\/page"}],"author":[{"embeddable":true,"href":"https:\/\/rubberflex.fr\/index.php?rest_route=\/wp\/v2\/users\/2"}],"replies":[{"embeddable":true,"href":"https:\/\/rubberflex.fr\/index.php?rest_route=%2Fwp%2Fv2%2Fcomments&post=207"}],"version-history":[{"count":22,"href":"https:\/\/rubberflex.fr\/index.php?rest_route=\/wp\/v2\/pages\/207\/revisions"}],"predecessor-version":[{"id":816,"href":"https:\/\/rubberflex.fr\/index.php?rest_route=\/wp\/v2\/pages\/207\/revisions\/816"}],"wp:attachment":[{"href":"https:\/\/rubberflex.fr\/index.php?rest_route=%2Fwp%2Fv2%2Fmedia&parent=207"}],"curies":[{"name":"wp","href":"https:\/\/api.w.org\/{rel}","templated":true}]}}