{"id":204,"date":"2022-12-01T08:57:11","date_gmt":"2022-12-01T08:57:11","guid":{"rendered":"https:\/\/rubberflex.fr\/?page_id=204"},"modified":"2023-01-11T10:27:20","modified_gmt":"2023-01-11T10:27:20","slug":"ep-troconique-alu-conforme-dtu","status":"publish","type":"page","link":"https:\/\/rubberflex.fr\/?page_id=204","title":{"rendered":"EP Tronconique Alu conforme DTU"},"content":{"rendered":"\t\t<div data-elementor-type=\"wp-page\" data-elementor-id=\"204\" class=\"elementor elementor-204\">\n\t\t\t\t\t\t<section class=\"elementor-section elementor-top-section elementor-element elementor-element-8d7d2d0 elementor-section-boxed elementor-section-height-default elementor-section-height-default\" data-id=\"8d7d2d0\" data-element_type=\"section\">\n\t\t\t\t\t\t<div class=\"elementor-container elementor-column-gap-default\">\n\t\t\t\t\t<div class=\"elementor-column elementor-col-50 elementor-top-column elementor-element elementor-element-4a03326\" data-id=\"4a03326\" data-element_type=\"column\" data-settings=\"{&quot;background_background&quot;:&quot;classic&quot;}\">\n\t\t\t<div class=\"elementor-widget-wrap elementor-element-populated\">\n\t\t\t\t\t\t<div class=\"elementor-element elementor-element-f2108cb elementor-widget elementor-widget-image\" data-id=\"f2108cb\" data-element_type=\"widget\" data-widget_type=\"image.default\">\n\t\t\t\t<div class=\"elementor-widget-container\">\n\t\t\t\t\t\t\t\t\t\t\t\t\t\t\t<img decoding=\"async\" width=\"158\" height=\"107\" src=\"https:\/\/rubberflex.fr\/wp-content\/uploads\/2022\/11\/Capture-decran-2022-11-25-114810.png\" class=\"attachment-large size-large wp-image-183\" alt=\"\" srcset=\"https:\/\/rubberflex.fr\/wp-content\/uploads\/2022\/11\/Capture-decran-2022-11-25-114810.png 158w, https:\/\/rubberflex.fr\/wp-content\/uploads\/2022\/11\/elementor\/thumbs\/Capture-decran-2022-11-25-114810-py8922t98nl50sok4tckekpoeck0hkoxjt7pd4bqtm.png 2w\" sizes=\"(max-width: 158px) 100vw, 158px\" \/>\t\t\t\t\t\t\t\t\t\t\t\t\t\t\t<\/div>\n\t\t\t\t<\/div>\n\t\t\t\t\t<\/div>\n\t\t<\/div>\n\t\t\t\t<div class=\"elementor-column elementor-col-50 elementor-top-column elementor-element elementor-element-5dc0bd3\" data-id=\"5dc0bd3\" data-element_type=\"column\" data-settings=\"{&quot;background_background&quot;:&quot;classic&quot;}\">\n\t\t\t<div class=\"elementor-widget-wrap elementor-element-populated\">\n\t\t\t\t\t\t<div class=\"elementor-element elementor-element-99eecdc elementor-widget elementor-widget-text-editor\" data-id=\"99eecdc\" data-element_type=\"widget\" data-widget_type=\"text-editor.default\">\n\t\t\t\t<div class=\"elementor-widget-container\">\n\t\t\t\t\t\t\t\t\t<h1>Evacuation d&rsquo;Eaux Pluviales Rubberflex tronconique avec platine TPO<\/h1>\t\t\t\t\t\t\t\t<\/div>\n\t\t\t\t<\/div>\n\t\t\t\t<div class=\"elementor-element elementor-element-c646ae2 elementor-widget elementor-widget-text-editor\" data-id=\"c646ae2\" data-element_type=\"widget\" data-widget_type=\"text-editor.default\">\n\t\t\t\t<div class=\"elementor-widget-container\">\n\t\t\t\t\t\t\t\t\t<h2>Description<\/h2>\t\t\t\t\t\t\t\t<\/div>\n\t\t\t\t<\/div>\n\t\t\t\t<div class=\"elementor-element elementor-element-4ca7c43 elementor-widget elementor-widget-text-editor\" data-id=\"4ca7c43\" data-element_type=\"widget\" data-widget_type=\"text-editor.default\">\n\t\t\t\t<div class=\"elementor-widget-container\">\n\t\t\t\t\t\t\t\t\t<ul><li>\u00a0EP alu conforme DTU, avec platine en t\u00f4le colamin\u00e9e TPO SINTOFOIL adh\u00e9rence polyur\u00e9thane<\/li><li>100 % fiable, esth\u00e9tique et facile \u00e0 poser, ce produit est garanti SMA BTP<\/li><li>Proc\u00e9d\u00e9 de fabrication RUBBERFLEX sous brevet n\u00b0FR1860502<\/li><\/ul>\t\t\t\t\t\t\t\t<\/div>\n\t\t\t\t<\/div>\n\t\t\t\t\t<\/div>\n\t\t<\/div>\n\t\t\t\t\t<\/div>\n\t\t<\/section>\n\t\t\t\t<section class=\"elementor-section elementor-top-section elementor-element elementor-element-65ac832 elementor-section-boxed elementor-section-height-default elementor-section-height-default\" data-id=\"65ac832\" data-element_type=\"section\">\n\t\t\t\t\t\t<div class=\"elementor-container elementor-column-gap-default\">\n\t\t\t\t\t<div class=\"elementor-column elementor-col-100 elementor-top-column elementor-element elementor-element-d85f580\" data-id=\"d85f580\" data-element_type=\"column\" data-settings=\"{&quot;background_background&quot;:&quot;classic&quot;}\">\n\t\t\t<div class=\"elementor-widget-wrap elementor-element-populated\">\n\t\t\t\t\t\t<div class=\"elementor-element elementor-element-bf6acde elementor-widget elementor-widget-text-editor\" data-id=\"bf6acde\" data-element_type=\"widget\" data-widget_type=\"text-editor.default\">\n\t\t\t\t<div class=\"elementor-widget-container\">\n\t\t\t\t\t\t\t\t\t<h2><strong>Dimensions :<\/strong><\/h2><ul><li>100\/200<\/li><li>125\/250<\/li><li>140\/280<\/li><li>160\/320<\/li><li>180\/360<\/li><li>200\/400<\/li><li>250\/500<\/li><\/ul><h2>Coloris :<\/h2><ul><li>Gris.<\/li><\/ul><h2>Emballage :<\/h2><ul><li>De 100\/200 \u00e0 140\/280 : lot de 20 unit\u00e9s ou en d\u00e9tail.<\/li><li>De 160\/320 \u00e0 250\/500 : lot de 10 unit\u00e9s ou au d\u00e9tail.<\/li><\/ul><h2>Mise en oeuvre :<\/h2><ul><li>Membrane de la partie couvrante \u00e0 souder manuellement sur la<br \/>platine colamin\u00e9e avec un retrait de +\/- 3 cm du c\u00f4ne pour<br \/>permettre un contr\u00f4le de soudure.<\/li><\/ul><h2>Option :<\/h2><ul><li>Pare-feuille solide au pas, galvanis\u00e9 \u00e0 chaud, fixations inox<\/li><li>Montage et d\u00e9montage simple, permettant l&rsquo;entretien des<br \/>\u00e9vacuations d&rsquo;eau pluviale.<\/li><\/ul>\t\t\t\t\t\t\t\t<\/div>\n\t\t\t\t<\/div>\n\t\t\t\t\t<\/div>\n\t\t<\/div>\n\t\t\t\t\t<\/div>\n\t\t<\/section>\n\t\t\t\t<section class=\"elementor-section elementor-top-section elementor-element elementor-element-cc507dd elementor-section-boxed elementor-section-height-default elementor-section-height-default\" data-id=\"cc507dd\" data-element_type=\"section\">\n\t\t\t\t\t\t<div class=\"elementor-container elementor-column-gap-default\">\n\t\t\t\t\t<div class=\"elementor-column elementor-col-100 elementor-top-column elementor-element elementor-element-647cb26\" data-id=\"647cb26\" data-element_type=\"column\" data-settings=\"{&quot;background_background&quot;:&quot;classic&quot;}\">\n\t\t\t<div class=\"elementor-widget-wrap elementor-element-populated\">\n\t\t\t\t\t\t<div class=\"elementor-element elementor-element-ca6e0f9 elementor-widget elementor-widget-image\" data-id=\"ca6e0f9\" data-element_type=\"widget\" data-widget_type=\"image.default\">\n\t\t\t\t<div class=\"elementor-widget-container\">\n\t\t\t\t\t\t\t\t\t\t\t\t\t\t\t<img fetchpriority=\"high\" decoding=\"async\" width=\"722\" height=\"510\" src=\"https:\/\/rubberflex.fr\/wp-content\/uploads\/2022\/12\/Capture-decran-2022-12-02-110259-1.png\" class=\"attachment-large size-large wp-image-283\" alt=\"\" srcset=\"https:\/\/rubberflex.fr\/wp-content\/uploads\/2022\/12\/Capture-decran-2022-12-02-110259-1.png 722w, https:\/\/rubberflex.fr\/wp-content\/uploads\/2022\/12\/Capture-decran-2022-12-02-110259-1-300x212.png 300w\" sizes=\"(max-width: 722px) 100vw, 722px\" \/>\t\t\t\t\t\t\t\t\t\t\t\t\t\t\t<\/div>\n\t\t\t\t<\/div>\n\t\t\t\t\t<\/div>\n\t\t<\/div>\n\t\t\t\t\t<\/div>\n\t\t<\/section>\n\t\t\t\t<\/div>\n\t\t","protected":false},"excerpt":{"rendered":"<p>Evacuation d&rsquo;Eaux Pluviales Rubberflex tronconique avec platine TPO Description \u00a0EP alu conforme DTU, avec platine en t\u00f4le colamin\u00e9e TPO SINTOFOIL adh\u00e9rence polyur\u00e9thane 100 % fiable, esth\u00e9tique et facile \u00e0 poser, ce produit est garanti SMA BTP Proc\u00e9d\u00e9 de fabrication RUBBERFLEX sous brevet n\u00b0FR1860502 Dimensions : 100\/200 125\/250 140\/280 160\/320 180\/360 200\/400 250\/500 Coloris : Gris. [&hellip;]<\/p>\n","protected":false},"author":2,"featured_media":0,"parent":0,"menu_order":0,"comment_status":"closed","ping_status":"closed","template":"","meta":{"_monsterinsights_skip_tracking":false,"_monsterinsights_sitenote_active":false,"_monsterinsights_sitenote_note":"","_monsterinsights_sitenote_category":0,"ocean_post_layout":"","ocean_both_sidebars_style":"","ocean_both_sidebars_content_width":0,"ocean_both_sidebars_sidebars_width":0,"ocean_sidebar":"0","ocean_second_sidebar":"0","ocean_disable_margins":"enable","ocean_add_body_class":"","ocean_shortcode_before_top_bar":"","ocean_shortcode_after_top_bar":"","ocean_shortcode_before_header":"","ocean_shortcode_after_header":"","ocean_has_shortcode":"","ocean_shortcode_after_title":"","ocean_shortcode_before_footer_widgets":"","ocean_shortcode_after_footer_widgets":"","ocean_shortcode_before_footer_bottom":"","ocean_shortcode_after_footer_bottom":"","ocean_display_top_bar":"default","ocean_display_header":"default","ocean_header_style":"","ocean_center_header_left_menu":"0","ocean_custom_header_template":"0","ocean_custom_logo":0,"ocean_custom_retina_logo":0,"ocean_custom_logo_max_width":0,"ocean_custom_logo_tablet_max_width":0,"ocean_custom_logo_mobile_max_width":0,"ocean_custom_logo_max_height":0,"ocean_custom_logo_tablet_max_height":0,"ocean_custom_logo_mobile_max_height":0,"ocean_header_custom_menu":"0","ocean_menu_typo_font_family":"0","ocean_menu_typo_font_subset":"","ocean_menu_typo_font_size":0,"ocean_menu_typo_font_size_tablet":0,"ocean_menu_typo_font_size_mobile":0,"ocean_menu_typo_font_size_unit":"px","ocean_menu_typo_font_weight":"","ocean_menu_typo_font_weight_tablet":"","ocean_menu_typo_font_weight_mobile":"","ocean_menu_typo_transform":"","ocean_menu_typo_transform_tablet":"","ocean_menu_typo_transform_mobile":"","ocean_menu_typo_line_height":0,"ocean_menu_typo_line_height_tablet":0,"ocean_menu_typo_line_height_mobile":0,"ocean_menu_typo_line_height_unit":"","ocean_menu_typo_spacing":0,"ocean_menu_typo_spacing_tablet":0,"ocean_menu_typo_spacing_mobile":0,"ocean_menu_typo_spacing_unit":"","ocean_menu_link_color":"","ocean_menu_link_color_hover":"","ocean_menu_link_color_active":"","ocean_menu_link_background":"","ocean_menu_link_hover_background":"","ocean_menu_link_active_background":"","ocean_menu_social_links_bg":"","ocean_menu_social_hover_links_bg":"","ocean_menu_social_links_color":"","ocean_menu_social_hover_links_color":"","ocean_disable_title":"default","ocean_disable_heading":"default","ocean_post_title":"","ocean_post_subheading":"","ocean_post_title_style":"","ocean_post_title_background_color":"","ocean_post_title_background":0,"ocean_post_title_bg_image_position":"","ocean_post_title_bg_image_attachment":"","ocean_post_title_bg_image_repeat":"","ocean_post_title_bg_image_size":"","ocean_post_title_height":0,"ocean_post_title_bg_overlay":0.5,"ocean_post_title_bg_overlay_color":"","ocean_disable_breadcrumbs":"default","ocean_breadcrumbs_color":"","ocean_breadcrumbs_separator_color":"","ocean_breadcrumbs_links_color":"","ocean_breadcrumbs_links_hover_color":"","ocean_display_footer_widgets":"default","ocean_display_footer_bottom":"default","ocean_custom_footer_template":"0","footnotes":""},"class_list":["post-204","page","type-page","status-publish","hentry","entry"],"yoast_head":"<!-- This site is optimized with the Yoast SEO plugin v26.3 - https:\/\/yoast.com\/wordpress\/plugins\/seo\/ -->\n<title>EP Tronconique Alu conforme DTU - Rubberflex<\/title>\n<meta name=\"robots\" content=\"index, follow, max-snippet:-1, max-image-preview:large, max-video-preview:-1\" \/>\n<link rel=\"canonical\" href=\"https:\/\/rubberflex.fr\/?page_id=204\" \/>\n<meta property=\"og:locale\" content=\"fr_FR\" \/>\n<meta property=\"og:type\" content=\"article\" \/>\n<meta property=\"og:title\" content=\"EP Tronconique Alu conforme DTU - Rubberflex\" \/>\n<meta property=\"og:description\" content=\"Evacuation d&rsquo;Eaux Pluviales Rubberflex tronconique avec platine TPO Description \u00a0EP alu conforme DTU, avec platine en t\u00f4le colamin\u00e9e TPO SINTOFOIL adh\u00e9rence polyur\u00e9thane 100 % fiable, esth\u00e9tique et facile \u00e0 poser, ce produit est garanti SMA BTP Proc\u00e9d\u00e9 de fabrication RUBBERFLEX sous brevet n\u00b0FR1860502 Dimensions : 100\/200 125\/250 140\/280 160\/320 180\/360 200\/400 250\/500 Coloris : Gris. [&hellip;]\" \/>\n<meta property=\"og:url\" content=\"https:\/\/rubberflex.fr\/?page_id=204\" \/>\n<meta property=\"og:site_name\" content=\"Rubberflex\" \/>\n<meta property=\"article:modified_time\" content=\"2023-01-11T10:27:20+00:00\" \/>\n<meta property=\"og:image\" content=\"https:\/\/rubberflex.fr\/wp-content\/uploads\/2022\/11\/Capture-decran-2022-11-25-114810.png\" \/>\n<meta name=\"twitter:card\" content=\"summary_large_image\" \/>\n<meta name=\"twitter:label1\" content=\"Dur\u00e9e de lecture estim\u00e9e\" \/>\n\t<meta name=\"twitter:data1\" content=\"2 minutes\" \/>\n<script type=\"application\/ld+json\" class=\"yoast-schema-graph\">{\"@context\":\"https:\/\/schema.org\",\"@graph\":[{\"@type\":\"WebPage\",\"@id\":\"https:\/\/rubberflex.fr\/?page_id=204\",\"url\":\"https:\/\/rubberflex.fr\/?page_id=204\",\"name\":\"EP Tronconique Alu conforme DTU - Rubberflex\",\"isPartOf\":{\"@id\":\"https:\/\/rubberflex.fr\/#website\"},\"primaryImageOfPage\":{\"@id\":\"https:\/\/rubberflex.fr\/?page_id=204#primaryimage\"},\"image\":{\"@id\":\"https:\/\/rubberflex.fr\/?page_id=204#primaryimage\"},\"thumbnailUrl\":\"https:\/\/rubberflex.fr\/wp-content\/uploads\/2022\/11\/Capture-decran-2022-11-25-114810.png\",\"datePublished\":\"2022-12-01T08:57:11+00:00\",\"dateModified\":\"2023-01-11T10:27:20+00:00\",\"breadcrumb\":{\"@id\":\"https:\/\/rubberflex.fr\/?page_id=204#breadcrumb\"},\"inLanguage\":\"fr-FR\",\"potentialAction\":[{\"@type\":\"ReadAction\",\"target\":[\"https:\/\/rubberflex.fr\/?page_id=204\"]}]},{\"@type\":\"ImageObject\",\"inLanguage\":\"fr-FR\",\"@id\":\"https:\/\/rubberflex.fr\/?page_id=204#primaryimage\",\"url\":\"https:\/\/rubberflex.fr\/wp-content\/uploads\/2022\/11\/Capture-decran-2022-11-25-114810.png\",\"contentUrl\":\"https:\/\/rubberflex.fr\/wp-content\/uploads\/2022\/11\/Capture-decran-2022-11-25-114810.png\",\"width\":158,\"height\":107},{\"@type\":\"BreadcrumbList\",\"@id\":\"https:\/\/rubberflex.fr\/?page_id=204#breadcrumb\",\"itemListElement\":[{\"@type\":\"ListItem\",\"position\":1,\"name\":\"Accueil\",\"item\":\"https:\/\/rubberflex.fr\/\"},{\"@type\":\"ListItem\",\"position\":2,\"name\":\"EP Tronconique Alu conforme DTU\"}]},{\"@type\":\"WebSite\",\"@id\":\"https:\/\/rubberflex.fr\/#website\",\"url\":\"https:\/\/rubberflex.fr\/\",\"name\":\"Rubberflex\",\"description\":\"\",\"publisher\":{\"@id\":\"https:\/\/rubberflex.fr\/#organization\"},\"potentialAction\":[{\"@type\":\"SearchAction\",\"target\":{\"@type\":\"EntryPoint\",\"urlTemplate\":\"https:\/\/rubberflex.fr\/?s={search_term_string}\"},\"query-input\":{\"@type\":\"PropertyValueSpecification\",\"valueRequired\":true,\"valueName\":\"search_term_string\"}}],\"inLanguage\":\"fr-FR\"},{\"@type\":\"Organization\",\"@id\":\"https:\/\/rubberflex.fr\/#organization\",\"name\":\"Rubberflex\",\"url\":\"https:\/\/rubberflex.fr\/\",\"logo\":{\"@type\":\"ImageObject\",\"inLanguage\":\"fr-FR\",\"@id\":\"https:\/\/rubberflex.fr\/#\/schema\/logo\/image\/\",\"url\":\"https:\/\/rubberflex.fr\/wp-content\/uploads\/2022\/11\/cropped-logo-rubberflex-1.png\",\"contentUrl\":\"https:\/\/rubberflex.fr\/wp-content\/uploads\/2022\/11\/cropped-logo-rubberflex-1.png\",\"width\":582,\"height\":174,\"caption\":\"Rubberflex\"},\"image\":{\"@id\":\"https:\/\/rubberflex.fr\/#\/schema\/logo\/image\/\"}}]}<\/script>\n<!-- \/ Yoast SEO plugin. -->","yoast_head_json":{"title":"EP Tronconique Alu conforme DTU - Rubberflex","robots":{"index":"index","follow":"follow","max-snippet":"max-snippet:-1","max-image-preview":"max-image-preview:large","max-video-preview":"max-video-preview:-1"},"canonical":"https:\/\/rubberflex.fr\/?page_id=204","og_locale":"fr_FR","og_type":"article","og_title":"EP Tronconique Alu conforme DTU - Rubberflex","og_description":"Evacuation d&rsquo;Eaux Pluviales Rubberflex tronconique avec platine TPO Description \u00a0EP alu conforme DTU, avec platine en t\u00f4le colamin\u00e9e TPO SINTOFOIL adh\u00e9rence polyur\u00e9thane 100 % fiable, esth\u00e9tique et facile \u00e0 poser, ce produit est garanti SMA BTP Proc\u00e9d\u00e9 de fabrication RUBBERFLEX sous brevet n\u00b0FR1860502 Dimensions : 100\/200 125\/250 140\/280 160\/320 180\/360 200\/400 250\/500 Coloris : Gris. [&hellip;]","og_url":"https:\/\/rubberflex.fr\/?page_id=204","og_site_name":"Rubberflex","article_modified_time":"2023-01-11T10:27:20+00:00","og_image":[{"url":"https:\/\/rubberflex.fr\/wp-content\/uploads\/2022\/11\/Capture-decran-2022-11-25-114810.png","type":"","width":"","height":""}],"twitter_card":"summary_large_image","twitter_misc":{"Dur\u00e9e de lecture estim\u00e9e":"2 minutes"},"schema":{"@context":"https:\/\/schema.org","@graph":[{"@type":"WebPage","@id":"https:\/\/rubberflex.fr\/?page_id=204","url":"https:\/\/rubberflex.fr\/?page_id=204","name":"EP Tronconique Alu conforme DTU - Rubberflex","isPartOf":{"@id":"https:\/\/rubberflex.fr\/#website"},"primaryImageOfPage":{"@id":"https:\/\/rubberflex.fr\/?page_id=204#primaryimage"},"image":{"@id":"https:\/\/rubberflex.fr\/?page_id=204#primaryimage"},"thumbnailUrl":"https:\/\/rubberflex.fr\/wp-content\/uploads\/2022\/11\/Capture-decran-2022-11-25-114810.png","datePublished":"2022-12-01T08:57:11+00:00","dateModified":"2023-01-11T10:27:20+00:00","breadcrumb":{"@id":"https:\/\/rubberflex.fr\/?page_id=204#breadcrumb"},"inLanguage":"fr-FR","potentialAction":[{"@type":"ReadAction","target":["https:\/\/rubberflex.fr\/?page_id=204"]}]},{"@type":"ImageObject","inLanguage":"fr-FR","@id":"https:\/\/rubberflex.fr\/?page_id=204#primaryimage","url":"https:\/\/rubberflex.fr\/wp-content\/uploads\/2022\/11\/Capture-decran-2022-11-25-114810.png","contentUrl":"https:\/\/rubberflex.fr\/wp-content\/uploads\/2022\/11\/Capture-decran-2022-11-25-114810.png","width":158,"height":107},{"@type":"BreadcrumbList","@id":"https:\/\/rubberflex.fr\/?page_id=204#breadcrumb","itemListElement":[{"@type":"ListItem","position":1,"name":"Accueil","item":"https:\/\/rubberflex.fr\/"},{"@type":"ListItem","position":2,"name":"EP Tronconique Alu conforme DTU"}]},{"@type":"WebSite","@id":"https:\/\/rubberflex.fr\/#website","url":"https:\/\/rubberflex.fr\/","name":"Rubberflex","description":"","publisher":{"@id":"https:\/\/rubberflex.fr\/#organization"},"potentialAction":[{"@type":"SearchAction","target":{"@type":"EntryPoint","urlTemplate":"https:\/\/rubberflex.fr\/?s={search_term_string}"},"query-input":{"@type":"PropertyValueSpecification","valueRequired":true,"valueName":"search_term_string"}}],"inLanguage":"fr-FR"},{"@type":"Organization","@id":"https:\/\/rubberflex.fr\/#organization","name":"Rubberflex","url":"https:\/\/rubberflex.fr\/","logo":{"@type":"ImageObject","inLanguage":"fr-FR","@id":"https:\/\/rubberflex.fr\/#\/schema\/logo\/image\/","url":"https:\/\/rubberflex.fr\/wp-content\/uploads\/2022\/11\/cropped-logo-rubberflex-1.png","contentUrl":"https:\/\/rubberflex.fr\/wp-content\/uploads\/2022\/11\/cropped-logo-rubberflex-1.png","width":582,"height":174,"caption":"Rubberflex"},"image":{"@id":"https:\/\/rubberflex.fr\/#\/schema\/logo\/image\/"}}]}},"_links":{"self":[{"href":"https:\/\/rubberflex.fr\/index.php?rest_route=\/wp\/v2\/pages\/204","targetHints":{"allow":["GET"]}}],"collection":[{"href":"https:\/\/rubberflex.fr\/index.php?rest_route=\/wp\/v2\/pages"}],"about":[{"href":"https:\/\/rubberflex.fr\/index.php?rest_route=\/wp\/v2\/types\/page"}],"author":[{"embeddable":true,"href":"https:\/\/rubberflex.fr\/index.php?rest_route=\/wp\/v2\/users\/2"}],"replies":[{"embeddable":true,"href":"https:\/\/rubberflex.fr\/index.php?rest_route=%2Fwp%2Fv2%2Fcomments&post=204"}],"version-history":[{"count":62,"href":"https:\/\/rubberflex.fr\/index.php?rest_route=\/wp\/v2\/pages\/204\/revisions"}],"predecessor-version":[{"id":998,"href":"https:\/\/rubberflex.fr\/index.php?rest_route=\/wp\/v2\/pages\/204\/revisions\/998"}],"wp:attachment":[{"href":"https:\/\/rubberflex.fr\/index.php?rest_route=%2Fwp%2Fv2%2Fmedia&parent=204"}],"curies":[{"name":"wp","href":"https:\/\/api.w.org\/{rel}","templated":true}]}}