{"id":17,"date":"2022-11-03T08:20:31","date_gmt":"2022-11-03T08:20:31","guid":{"rendered":"https:\/\/rubberflex.fr\/?page_id=17"},"modified":"2023-01-11T14:19:24","modified_gmt":"2023-01-11T14:19:24","slug":"a-propos-de-nous","status":"publish","type":"page","link":"https:\/\/rubberflex.fr\/?page_id=17","title":{"rendered":"A propos de nous"},"content":{"rendered":"\t\t<div data-elementor-type=\"wp-page\" data-elementor-id=\"17\" class=\"elementor elementor-17\">\n\t\t\t\t\t\t<section class=\"elementor-section elementor-top-section elementor-element elementor-element-af95c91 elementor-section-boxed elementor-section-height-default elementor-section-height-default\" data-id=\"af95c91\" data-element_type=\"section\">\n\t\t\t\t\t\t<div class=\"elementor-container elementor-column-gap-default\">\n\t\t\t\t\t<div class=\"elementor-column elementor-col-50 elementor-top-column elementor-element elementor-element-8b77a10\" data-id=\"8b77a10\" data-element_type=\"column\" data-settings=\"{&quot;background_background&quot;:&quot;classic&quot;}\">\n\t\t\t<div class=\"elementor-widget-wrap elementor-element-populated\">\n\t\t\t\t\t\t<div class=\"elementor-element elementor-element-469429b elementor-widget elementor-widget-image\" data-id=\"469429b\" data-element_type=\"widget\" data-widget_type=\"image.default\">\n\t\t\t\t<div class=\"elementor-widget-container\">\n\t\t\t\t\t\t\t\t\t\t\t\t\t\t\t<img fetchpriority=\"high\" decoding=\"async\" width=\"983\" height=\"737\" src=\"https:\/\/rubberflex.fr\/wp-content\/uploads\/2022\/11\/Capture-decran-2022-11-24-154326.png\" class=\"attachment-large size-large wp-image-128\" alt=\"\" srcset=\"https:\/\/rubberflex.fr\/wp-content\/uploads\/2022\/11\/Capture-decran-2022-11-24-154326.png 983w, https:\/\/rubberflex.fr\/wp-content\/uploads\/2022\/11\/Capture-decran-2022-11-24-154326-300x225.png 300w, https:\/\/rubberflex.fr\/wp-content\/uploads\/2022\/11\/Capture-decran-2022-11-24-154326-768x576.png 768w\" sizes=\"(max-width: 983px) 100vw, 983px\" \/>\t\t\t\t\t\t\t\t\t\t\t\t\t\t\t<\/div>\n\t\t\t\t<\/div>\n\t\t\t\t\t<\/div>\n\t\t<\/div>\n\t\t\t\t<div class=\"elementor-column elementor-col-50 elementor-top-column elementor-element elementor-element-5ba5350\" data-id=\"5ba5350\" data-element_type=\"column\">\n\t\t\t<div class=\"elementor-widget-wrap elementor-element-populated\">\n\t\t\t\t\t\t<div class=\"elementor-element elementor-element-bb9286c elementor-widget elementor-widget-image\" data-id=\"bb9286c\" data-element_type=\"widget\" data-widget_type=\"image.default\">\n\t\t\t\t<div class=\"elementor-widget-container\">\n\t\t\t\t\t\t\t\t\t\t\t\t\t\t\t<img decoding=\"async\" width=\"674\" height=\"236\" src=\"https:\/\/rubberflex.fr\/wp-content\/uploads\/2022\/11\/logo-rubberflex-1.png\" class=\"attachment-large size-large wp-image-130\" alt=\"\" srcset=\"https:\/\/rubberflex.fr\/wp-content\/uploads\/2022\/11\/logo-rubberflex-1.png 674w, https:\/\/rubberflex.fr\/wp-content\/uploads\/2022\/11\/logo-rubberflex-1-300x105.png 300w\" sizes=\"(max-width: 674px) 100vw, 674px\" \/>\t\t\t\t\t\t\t\t\t\t\t\t\t\t\t<\/div>\n\t\t\t\t<\/div>\n\t\t\t\t<div class=\"elementor-element elementor-element-c9d2372 elementor-widget elementor-widget-heading\" data-id=\"c9d2372\" data-element_type=\"widget\" data-widget_type=\"heading.default\">\n\t\t\t\t<div class=\"elementor-widget-container\">\n\t\t\t\t\t<h2 class=\"elementor-heading-title elementor-size-default\">Qui sommes-nous ? <\/h2>\t\t\t\t<\/div>\n\t\t\t\t<\/div>\n\t\t\t\t<div class=\"elementor-element elementor-element-1362d54 elementor-drop-cap-yes elementor-drop-cap-view-default elementor-widget elementor-widget-text-editor\" data-id=\"1362d54\" data-element_type=\"widget\" data-settings=\"{&quot;drop_cap&quot;:&quot;yes&quot;}\" data-widget_type=\"text-editor.default\">\n\t\t\t\t<div class=\"elementor-widget-container\">\n\t\t\t\t\t\t\t\t\t<p>Depuis 1998, <span style=\"color: #008000;\"><b>RUBBERFLEX<\/b><\/span> est le distributeur exclusif en France de la gamme d\u2019\u00e9tanch\u00e9it\u00e9 synth\u00e9tique TPO SINTOFOIL d\u2019IMPER ITALIA.<\/p><p>Le si\u00e8ge est bas\u00e9 au 56 rue de Milan 63370 LEMPDES.<\/p><p>Innovants, de haute performance et respectueux de l\u2019environnement, les membranes TPO SINTOFOIL et leurs accessoires font l\u2019objet de certification, avis technique CSTB fix\u00e9 m\u00e9caniquement et sous protection lourde.<\/p><p>Dans le respect du DTA et de son Plan d\u2019Assurance Qualit\u00e9, les principales missions de <span style=\"color: #008000;\"><b>RUBBERFLEX<\/b><\/span> sont la formation des applicateurs et le suivi de chantier.<\/p><p><span style=\"color: #008000;\"><strong>Notre plan d\u2019assurance qualit\u00e9 permet aux entreprises de b\u00e9n\u00e9ficier d\u2019une assistance technique tout au long du processus de mise en \u0153uvre de nos produits.<\/strong><\/span><\/p>\t\t\t\t\t\t\t\t<\/div>\n\t\t\t\t<\/div>\n\t\t\t\t\t<\/div>\n\t\t<\/div>\n\t\t\t\t\t<\/div>\n\t\t<\/section>\n\t\t\t\t<\/div>\n\t\t","protected":false},"excerpt":{"rendered":"<p>Qui sommes-nous ? Depuis 1998, RUBBERFLEX est le distributeur exclusif en France de la gamme d\u2019\u00e9tanch\u00e9it\u00e9 synth\u00e9tique TPO SINTOFOIL d\u2019IMPER ITALIA. Le si\u00e8ge est bas\u00e9 au 56 rue de Milan 63370 LEMPDES. Innovants, de haute performance et respectueux de l\u2019environnement, les membranes TPO SINTOFOIL et leurs accessoires font l\u2019objet de certification, avis technique CSTB fix\u00e9 [&hellip;]<\/p>\n","protected":false},"author":2,"featured_media":0,"parent":0,"menu_order":0,"comment_status":"closed","ping_status":"closed","template":"","meta":{"_monsterinsights_skip_tracking":false,"_monsterinsights_sitenote_active":false,"_monsterinsights_sitenote_note":"","_monsterinsights_sitenote_category":0,"ocean_post_layout":"","ocean_both_sidebars_style":"","ocean_both_sidebars_content_width":0,"ocean_both_sidebars_sidebars_width":0,"ocean_sidebar":"0","ocean_second_sidebar":"0","ocean_disable_margins":"enable","ocean_add_body_class":"","ocean_shortcode_before_top_bar":"","ocean_shortcode_after_top_bar":"","ocean_shortcode_before_header":"","ocean_shortcode_after_header":"","ocean_has_shortcode":"","ocean_shortcode_after_title":"","ocean_shortcode_before_footer_widgets":"","ocean_shortcode_after_footer_widgets":"","ocean_shortcode_before_footer_bottom":"","ocean_shortcode_after_footer_bottom":"","ocean_display_top_bar":"default","ocean_display_header":"default","ocean_header_style":"","ocean_center_header_left_menu":"0","ocean_custom_header_template":"0","ocean_custom_logo":0,"ocean_custom_retina_logo":0,"ocean_custom_logo_max_width":0,"ocean_custom_logo_tablet_max_width":0,"ocean_custom_logo_mobile_max_width":0,"ocean_custom_logo_max_height":0,"ocean_custom_logo_tablet_max_height":0,"ocean_custom_logo_mobile_max_height":0,"ocean_header_custom_menu":"0","ocean_menu_typo_font_family":"0","ocean_menu_typo_font_subset":"","ocean_menu_typo_font_size":0,"ocean_menu_typo_font_size_tablet":0,"ocean_menu_typo_font_size_mobile":0,"ocean_menu_typo_font_size_unit":"px","ocean_menu_typo_font_weight":"","ocean_menu_typo_font_weight_tablet":"","ocean_menu_typo_font_weight_mobile":"","ocean_menu_typo_transform":"","ocean_menu_typo_transform_tablet":"","ocean_menu_typo_transform_mobile":"","ocean_menu_typo_line_height":0,"ocean_menu_typo_line_height_tablet":0,"ocean_menu_typo_line_height_mobile":0,"ocean_menu_typo_line_height_unit":"","ocean_menu_typo_spacing":0,"ocean_menu_typo_spacing_tablet":0,"ocean_menu_typo_spacing_mobile":0,"ocean_menu_typo_spacing_unit":"","ocean_menu_link_color":"","ocean_menu_link_color_hover":"","ocean_menu_link_color_active":"","ocean_menu_link_background":"","ocean_menu_link_hover_background":"","ocean_menu_link_active_background":"","ocean_menu_social_links_bg":"","ocean_menu_social_hover_links_bg":"","ocean_menu_social_links_color":"","ocean_menu_social_hover_links_color":"","ocean_disable_title":"default","ocean_disable_heading":"default","ocean_post_title":"","ocean_post_subheading":"","ocean_post_title_style":"","ocean_post_title_background_color":"","ocean_post_title_background":0,"ocean_post_title_bg_image_position":"","ocean_post_title_bg_image_attachment":"","ocean_post_title_bg_image_repeat":"","ocean_post_title_bg_image_size":"","ocean_post_title_height":0,"ocean_post_title_bg_overlay":0.5,"ocean_post_title_bg_overlay_color":"","ocean_disable_breadcrumbs":"default","ocean_breadcrumbs_color":"","ocean_breadcrumbs_separator_color":"","ocean_breadcrumbs_links_color":"","ocean_breadcrumbs_links_hover_color":"","ocean_display_footer_widgets":"default","ocean_display_footer_bottom":"default","ocean_custom_footer_template":"0","footnotes":""},"class_list":["post-17","page","type-page","status-publish","hentry","entry"],"yoast_head":"<!-- This site is optimized with the Yoast SEO plugin v26.3 - https:\/\/yoast.com\/wordpress\/plugins\/seo\/ -->\n<title>A propos de nous - Rubberflex<\/title>\n<meta name=\"description\" content=\"RUBBERFLEX est sp\u00e9cialiste de l&#039;\u00e9tanch\u00e9it\u00e9 des toitures terrasses.\" \/>\n<meta name=\"robots\" content=\"index, follow, max-snippet:-1, max-image-preview:large, max-video-preview:-1\" \/>\n<link rel=\"canonical\" href=\"https:\/\/rubberflex.fr\/?page_id=17\" \/>\n<meta property=\"og:locale\" content=\"fr_FR\" \/>\n<meta property=\"og:type\" content=\"article\" \/>\n<meta property=\"og:title\" content=\"A propos de nous - Rubberflex\" \/>\n<meta property=\"og:description\" content=\"RUBBERFLEX est sp\u00e9cialiste de l&#039;\u00e9tanch\u00e9it\u00e9 des toitures terrasses.\" \/>\n<meta property=\"og:url\" content=\"https:\/\/rubberflex.fr\/?page_id=17\" \/>\n<meta property=\"og:site_name\" content=\"Rubberflex\" \/>\n<meta property=\"article:modified_time\" content=\"2023-01-11T14:19:24+00:00\" \/>\n<meta property=\"og:image\" content=\"https:\/\/rubberflex.fr\/wp-content\/uploads\/2022\/11\/Capture-decran-2022-11-24-154326.png\" \/>\n<meta name=\"twitter:card\" content=\"summary_large_image\" \/>\n<meta name=\"twitter:label1\" content=\"Dur\u00e9e de lecture estim\u00e9e\" \/>\n\t<meta name=\"twitter:data1\" content=\"1 minute\" \/>\n<script type=\"application\/ld+json\" class=\"yoast-schema-graph\">{\"@context\":\"https:\/\/schema.org\",\"@graph\":[{\"@type\":\"WebPage\",\"@id\":\"https:\/\/rubberflex.fr\/?page_id=17\",\"url\":\"https:\/\/rubberflex.fr\/?page_id=17\",\"name\":\"A propos de nous - Rubberflex\",\"isPartOf\":{\"@id\":\"https:\/\/rubberflex.fr\/#website\"},\"primaryImageOfPage\":{\"@id\":\"https:\/\/rubberflex.fr\/?page_id=17#primaryimage\"},\"image\":{\"@id\":\"https:\/\/rubberflex.fr\/?page_id=17#primaryimage\"},\"thumbnailUrl\":\"https:\/\/rubberflex.fr\/wp-content\/uploads\/2022\/11\/Capture-decran-2022-11-24-154326.png\",\"datePublished\":\"2022-11-03T08:20:31+00:00\",\"dateModified\":\"2023-01-11T14:19:24+00:00\",\"description\":\"RUBBERFLEX est sp\u00e9cialiste de l'\u00e9tanch\u00e9it\u00e9 des toitures terrasses.\",\"breadcrumb\":{\"@id\":\"https:\/\/rubberflex.fr\/?page_id=17#breadcrumb\"},\"inLanguage\":\"fr-FR\",\"potentialAction\":[{\"@type\":\"ReadAction\",\"target\":[\"https:\/\/rubberflex.fr\/?page_id=17\"]}]},{\"@type\":\"ImageObject\",\"inLanguage\":\"fr-FR\",\"@id\":\"https:\/\/rubberflex.fr\/?page_id=17#primaryimage\",\"url\":\"https:\/\/rubberflex.fr\/wp-content\/uploads\/2022\/11\/Capture-decran-2022-11-24-154326.png\",\"contentUrl\":\"https:\/\/rubberflex.fr\/wp-content\/uploads\/2022\/11\/Capture-decran-2022-11-24-154326.png\",\"width\":983,\"height\":737},{\"@type\":\"BreadcrumbList\",\"@id\":\"https:\/\/rubberflex.fr\/?page_id=17#breadcrumb\",\"itemListElement\":[{\"@type\":\"ListItem\",\"position\":1,\"name\":\"Accueil\",\"item\":\"https:\/\/rubberflex.fr\/\"},{\"@type\":\"ListItem\",\"position\":2,\"name\":\"A propos de nous\"}]},{\"@type\":\"WebSite\",\"@id\":\"https:\/\/rubberflex.fr\/#website\",\"url\":\"https:\/\/rubberflex.fr\/\",\"name\":\"Rubberflex\",\"description\":\"\",\"publisher\":{\"@id\":\"https:\/\/rubberflex.fr\/#organization\"},\"potentialAction\":[{\"@type\":\"SearchAction\",\"target\":{\"@type\":\"EntryPoint\",\"urlTemplate\":\"https:\/\/rubberflex.fr\/?s={search_term_string}\"},\"query-input\":{\"@type\":\"PropertyValueSpecification\",\"valueRequired\":true,\"valueName\":\"search_term_string\"}}],\"inLanguage\":\"fr-FR\"},{\"@type\":\"Organization\",\"@id\":\"https:\/\/rubberflex.fr\/#organization\",\"name\":\"Rubberflex\",\"url\":\"https:\/\/rubberflex.fr\/\",\"logo\":{\"@type\":\"ImageObject\",\"inLanguage\":\"fr-FR\",\"@id\":\"https:\/\/rubberflex.fr\/#\/schema\/logo\/image\/\",\"url\":\"https:\/\/rubberflex.fr\/wp-content\/uploads\/2022\/11\/cropped-logo-rubberflex-1.png\",\"contentUrl\":\"https:\/\/rubberflex.fr\/wp-content\/uploads\/2022\/11\/cropped-logo-rubberflex-1.png\",\"width\":582,\"height\":174,\"caption\":\"Rubberflex\"},\"image\":{\"@id\":\"https:\/\/rubberflex.fr\/#\/schema\/logo\/image\/\"}}]}<\/script>\n<!-- \/ Yoast SEO plugin. -->","yoast_head_json":{"title":"A propos de nous - Rubberflex","description":"RUBBERFLEX est sp\u00e9cialiste de l'\u00e9tanch\u00e9it\u00e9 des toitures terrasses.","robots":{"index":"index","follow":"follow","max-snippet":"max-snippet:-1","max-image-preview":"max-image-preview:large","max-video-preview":"max-video-preview:-1"},"canonical":"https:\/\/rubberflex.fr\/?page_id=17","og_locale":"fr_FR","og_type":"article","og_title":"A propos de nous - Rubberflex","og_description":"RUBBERFLEX est sp\u00e9cialiste de l'\u00e9tanch\u00e9it\u00e9 des toitures terrasses.","og_url":"https:\/\/rubberflex.fr\/?page_id=17","og_site_name":"Rubberflex","article_modified_time":"2023-01-11T14:19:24+00:00","og_image":[{"url":"https:\/\/rubberflex.fr\/wp-content\/uploads\/2022\/11\/Capture-decran-2022-11-24-154326.png","type":"","width":"","height":""}],"twitter_card":"summary_large_image","twitter_misc":{"Dur\u00e9e de lecture estim\u00e9e":"1 minute"},"schema":{"@context":"https:\/\/schema.org","@graph":[{"@type":"WebPage","@id":"https:\/\/rubberflex.fr\/?page_id=17","url":"https:\/\/rubberflex.fr\/?page_id=17","name":"A propos de nous - Rubberflex","isPartOf":{"@id":"https:\/\/rubberflex.fr\/#website"},"primaryImageOfPage":{"@id":"https:\/\/rubberflex.fr\/?page_id=17#primaryimage"},"image":{"@id":"https:\/\/rubberflex.fr\/?page_id=17#primaryimage"},"thumbnailUrl":"https:\/\/rubberflex.fr\/wp-content\/uploads\/2022\/11\/Capture-decran-2022-11-24-154326.png","datePublished":"2022-11-03T08:20:31+00:00","dateModified":"2023-01-11T14:19:24+00:00","description":"RUBBERFLEX est sp\u00e9cialiste de l'\u00e9tanch\u00e9it\u00e9 des toitures terrasses.","breadcrumb":{"@id":"https:\/\/rubberflex.fr\/?page_id=17#breadcrumb"},"inLanguage":"fr-FR","potentialAction":[{"@type":"ReadAction","target":["https:\/\/rubberflex.fr\/?page_id=17"]}]},{"@type":"ImageObject","inLanguage":"fr-FR","@id":"https:\/\/rubberflex.fr\/?page_id=17#primaryimage","url":"https:\/\/rubberflex.fr\/wp-content\/uploads\/2022\/11\/Capture-decran-2022-11-24-154326.png","contentUrl":"https:\/\/rubberflex.fr\/wp-content\/uploads\/2022\/11\/Capture-decran-2022-11-24-154326.png","width":983,"height":737},{"@type":"BreadcrumbList","@id":"https:\/\/rubberflex.fr\/?page_id=17#breadcrumb","itemListElement":[{"@type":"ListItem","position":1,"name":"Accueil","item":"https:\/\/rubberflex.fr\/"},{"@type":"ListItem","position":2,"name":"A propos de nous"}]},{"@type":"WebSite","@id":"https:\/\/rubberflex.fr\/#website","url":"https:\/\/rubberflex.fr\/","name":"Rubberflex","description":"","publisher":{"@id":"https:\/\/rubberflex.fr\/#organization"},"potentialAction":[{"@type":"SearchAction","target":{"@type":"EntryPoint","urlTemplate":"https:\/\/rubberflex.fr\/?s={search_term_string}"},"query-input":{"@type":"PropertyValueSpecification","valueRequired":true,"valueName":"search_term_string"}}],"inLanguage":"fr-FR"},{"@type":"Organization","@id":"https:\/\/rubberflex.fr\/#organization","name":"Rubberflex","url":"https:\/\/rubberflex.fr\/","logo":{"@type":"ImageObject","inLanguage":"fr-FR","@id":"https:\/\/rubberflex.fr\/#\/schema\/logo\/image\/","url":"https:\/\/rubberflex.fr\/wp-content\/uploads\/2022\/11\/cropped-logo-rubberflex-1.png","contentUrl":"https:\/\/rubberflex.fr\/wp-content\/uploads\/2022\/11\/cropped-logo-rubberflex-1.png","width":582,"height":174,"caption":"Rubberflex"},"image":{"@id":"https:\/\/rubberflex.fr\/#\/schema\/logo\/image\/"}}]}},"_links":{"self":[{"href":"https:\/\/rubberflex.fr\/index.php?rest_route=\/wp\/v2\/pages\/17","targetHints":{"allow":["GET"]}}],"collection":[{"href":"https:\/\/rubberflex.fr\/index.php?rest_route=\/wp\/v2\/pages"}],"about":[{"href":"https:\/\/rubberflex.fr\/index.php?rest_route=\/wp\/v2\/types\/page"}],"author":[{"embeddable":true,"href":"https:\/\/rubberflex.fr\/index.php?rest_route=\/wp\/v2\/users\/2"}],"replies":[{"embeddable":true,"href":"https:\/\/rubberflex.fr\/index.php?rest_route=%2Fwp%2Fv2%2Fcomments&post=17"}],"version-history":[{"count":14,"href":"https:\/\/rubberflex.fr\/index.php?rest_route=\/wp\/v2\/pages\/17\/revisions"}],"predecessor-version":[{"id":1034,"href":"https:\/\/rubberflex.fr\/index.php?rest_route=\/wp\/v2\/pages\/17\/revisions\/1034"}],"wp:attachment":[{"href":"https:\/\/rubberflex.fr\/index.php?rest_route=%2Fwp%2Fv2%2Fmedia&parent=17"}],"curies":[{"name":"wp","href":"https:\/\/api.w.org\/{rel}","templated":true}]}}