{"id":1216,"date":"2023-02-09T10:01:28","date_gmt":"2023-02-09T09:01:28","guid":{"rendered":"https:\/\/rubberflex.fr\/?page_id=1216"},"modified":"2023-02-09T10:44:54","modified_gmt":"2023-02-09T09:44:54","slug":"pourquoi-choisir-le-tpo","status":"publish","type":"page","link":"https:\/\/rubberflex.fr\/?page_id=1216","title":{"rendered":"Pourquoi choisir le TPO ?"},"content":{"rendered":"\t\t<div data-elementor-type=\"wp-page\" data-elementor-id=\"1216\" class=\"elementor elementor-1216\">\n\t\t\t\t\t\t<section class=\"elementor-section elementor-top-section elementor-element elementor-element-6f9f574 elementor-section-boxed elementor-section-height-default elementor-section-height-default\" data-id=\"6f9f574\" data-element_type=\"section\">\n\t\t\t\t\t\t<div class=\"elementor-container elementor-column-gap-default\">\n\t\t\t\t\t<div class=\"elementor-column elementor-col-100 elementor-top-column elementor-element elementor-element-9c7ea6c\" data-id=\"9c7ea6c\" data-element_type=\"column\">\n\t\t\t<div class=\"elementor-widget-wrap elementor-element-populated\">\n\t\t\t\t\t\t<div class=\"elementor-element elementor-element-95b802e elementor-widget elementor-widget-text-editor\" data-id=\"95b802e\" data-element_type=\"widget\" data-widget_type=\"text-editor.default\">\n\t\t\t\t<div class=\"elementor-widget-container\">\n\t\t\t\t\t\t\t\t\t<h1 style=\"text-align: left;\"><span style=\"color: #65be6e;\"><strong>Le TPO. Qu\u2019est-ce que c\u2019est\u00a0?<\/strong><\/span><\/h1><p style=\"text-align: left;\">Le <span style=\"color: #65be6e;\">TPO (Thermoplastique Polyol\u00e9fine)<\/span> est une membrane synth\u00e9tique utilis\u00e9e pour le rev\u00eatement de toiture.<\/p><p style=\"text-align: left;\">Les membranes <strong>TPO Sintofoil<\/strong> ne contiennent que de l\u2019\u00e9thyl\u00e8ne-propyl\u00e8ne, du polypropyl\u00e8ne, des stabilisants UV, des pigments et des retardants feu (ceux-ci uniquement dans le cas des membranes de type FR).<\/p><p style=\"text-align: left;\">L\u2019absence de latex ou de toute autre substance, souvent requise pour \u00e9viter une trop grande rigidit\u00e9 du produit permet l\u2019utilisation des membranes <strong>TPO Sintofoil<\/strong> sans le moindre risque sanitaire ou environnemental. Et la soudure ne provoque aucune \u00e9mission de fum\u00e9es toxiques.<\/p><h2 style=\"text-align: left;\"><span style=\"text-decoration: underline;\">Les avantages d\u2019une membrane TPO\u00a0:<\/span><\/h2><ul style=\"text-align: left;\"><li><h4><strong>Une membrane r\u00e9sistante\u00a0:<\/strong><\/h4><\/li><\/ul><p style=\"text-align: left;\">Gr\u00e2ce \u00e0 ses diff\u00e9rents syst\u00e8mes de mise en place ( fix\u00e9 m\u00e9caniquement, sous protection lourde ou coll\u00e9 en plein), la membrane dispose d\u2019une grande r\u00e9sistance \u00e0 toutes \u00e9preuves (pluie, neige, vent, d\u00e9bris, insecte etc\u2026). Notre membrane offre des performances exceptionnelles imperm\u00e9ables m\u00eame lorsqu\u2019elle est utilis\u00e9e pour des syst\u00e8mes expos\u00e9s.<\/p><p style=\"text-align: left;\">En 25 ans de r\u00e9f\u00e9rence, nos membranes n\u2019ont eu aucun sinistre constat\u00e9 \u00e0 ce jour.<\/p><ul style=\"text-align: left;\"><li><h4>Une membrane \u00e9cologique et recyclable\u00a0:<\/h4><\/li><\/ul><p style=\"text-align: left;\">Nos membranes TPO ne d\u00e9tiennent aucun composant toxiques pour l\u2019environnement ainsi qu\u2019aucune substance halog\u00e8ne, assurant ainsi la s\u00e9curit\u00e9 et la sant\u00e9 des utilisateurs de celle-ci.<\/p><p style=\"text-align: left;\">Elle ne contient pas de plastifiants migrants ou s\u2019\u00e9vaporant au contact d\u2019autres \u00e9l\u00e9ments lors de l\u2019exposition aux rayons UV.<\/p><p style=\"text-align: left;\">Cette membrane est enti\u00e8rement recyclable.<\/p><ul style=\"text-align: left;\"><li><h4>Une membrane Esth\u00e9tique\u00a0:<\/h4><\/li><\/ul><p style=\"text-align: left;\">Disponible en plusieurs coloris, notre membrane TPO conviendra parfaitement aux diff\u00e9rents besoins esth\u00e9tiques.<\/p><p style=\"text-align: left;\"><strong>Notre gamme de membrane blanche dispose de nombreux avantages\u00a0:<\/strong><\/p><p style=\"text-align: left;\">&#8211; Elle a un pouvoir hautement r\u00e9fl\u00e9chissant et att\u00e9nue \u00e9galement l\u2019effet d\u2019\u00eelot de chaleur en agissant ainsi comme refroidisseur passif.<\/p><p style=\"text-align: left;\">&#8211; De part son index de r\u00e9flexion solaire de 102% (SRI), la membrane Sintofoil RG Bianco Reflecta augmente \u00e9galement le rendement de tout champs photovolta\u00efques.<\/p><p style=\"text-align: left;\">&#8211; La membrane Sintofoil RG Bianco Reflecta est l\u2019une des meilleures membranes pr\u00e9sente sur le march\u00e9.<\/p><ul style=\"text-align: left;\"><li><h4>Une membrane Durable\u00a0:<\/h4><\/li><\/ul><p style=\"text-align: left;\">Nos membranes TPO sont produites depuis le d\u00e9but des ann\u00e9es 1990 et ce avec une formulation inchang\u00e9e.<\/p><p style=\"text-align: left;\">Des \u00e9tudes de vieillissement acc\u00e9l\u00e9r\u00e9 r\u00e9alis\u00e9es sur base de pr\u00e9l\u00e8vement effectu\u00e9s sur nos sites les plus anciens ont permis \u00e0 des instituts reconnus comme le CSTB et le BBA (Angleterre) de confirmer une durabilit\u00e9 attendue qui d\u00e9passe les 40 ans.<\/p>\t\t\t\t\t\t\t\t<\/div>\n\t\t\t\t<\/div>\n\t\t\t\t\t<\/div>\n\t\t<\/div>\n\t\t\t\t\t<\/div>\n\t\t<\/section>\n\t\t\t\t<\/div>\n\t\t","protected":false},"excerpt":{"rendered":"<p>Le TPO. Qu\u2019est-ce que c\u2019est\u00a0? Le TPO (Thermoplastique Polyol\u00e9fine) est une membrane synth\u00e9tique utilis\u00e9e pour le rev\u00eatement de toiture. Les membranes TPO Sintofoil ne contiennent que de l\u2019\u00e9thyl\u00e8ne-propyl\u00e8ne, du polypropyl\u00e8ne, des stabilisants UV, des pigments et des retardants feu (ceux-ci uniquement dans le cas des membranes de type FR). L\u2019absence de latex ou de toute [&hellip;]<\/p>\n","protected":false},"author":2,"featured_media":0,"parent":0,"menu_order":0,"comment_status":"closed","ping_status":"closed","template":"","meta":{"_monsterinsights_skip_tracking":false,"_monsterinsights_sitenote_active":false,"_monsterinsights_sitenote_note":"","_monsterinsights_sitenote_category":0,"ocean_post_layout":"","ocean_both_sidebars_style":"","ocean_both_sidebars_content_width":0,"ocean_both_sidebars_sidebars_width":0,"ocean_sidebar":"0","ocean_second_sidebar":"0","ocean_disable_margins":"enable","ocean_add_body_class":"","ocean_shortcode_before_top_bar":"","ocean_shortcode_after_top_bar":"","ocean_shortcode_before_header":"","ocean_shortcode_after_header":"","ocean_has_shortcode":"","ocean_shortcode_after_title":"","ocean_shortcode_before_footer_widgets":"","ocean_shortcode_after_footer_widgets":"","ocean_shortcode_before_footer_bottom":"","ocean_shortcode_after_footer_bottom":"","ocean_display_top_bar":"default","ocean_display_header":"default","ocean_header_style":"","ocean_center_header_left_menu":"0","ocean_custom_header_template":"0","ocean_custom_logo":0,"ocean_custom_retina_logo":0,"ocean_custom_logo_max_width":0,"ocean_custom_logo_tablet_max_width":0,"ocean_custom_logo_mobile_max_width":0,"ocean_custom_logo_max_height":0,"ocean_custom_logo_tablet_max_height":0,"ocean_custom_logo_mobile_max_height":0,"ocean_header_custom_menu":"0","ocean_menu_typo_font_family":"0","ocean_menu_typo_font_subset":"","ocean_menu_typo_font_size":0,"ocean_menu_typo_font_size_tablet":0,"ocean_menu_typo_font_size_mobile":0,"ocean_menu_typo_font_size_unit":"px","ocean_menu_typo_font_weight":"","ocean_menu_typo_font_weight_tablet":"","ocean_menu_typo_font_weight_mobile":"","ocean_menu_typo_transform":"","ocean_menu_typo_transform_tablet":"","ocean_menu_typo_transform_mobile":"","ocean_menu_typo_line_height":0,"ocean_menu_typo_line_height_tablet":0,"ocean_menu_typo_line_height_mobile":0,"ocean_menu_typo_line_height_unit":"","ocean_menu_typo_spacing":0,"ocean_menu_typo_spacing_tablet":0,"ocean_menu_typo_spacing_mobile":0,"ocean_menu_typo_spacing_unit":"","ocean_menu_link_color":"","ocean_menu_link_color_hover":"","ocean_menu_link_color_active":"","ocean_menu_link_background":"","ocean_menu_link_hover_background":"","ocean_menu_link_active_background":"","ocean_menu_social_links_bg":"","ocean_menu_social_hover_links_bg":"","ocean_menu_social_links_color":"","ocean_menu_social_hover_links_color":"","ocean_disable_title":"default","ocean_disable_heading":"default","ocean_post_title":"","ocean_post_subheading":"","ocean_post_title_style":"","ocean_post_title_background_color":"","ocean_post_title_background":0,"ocean_post_title_bg_image_position":"","ocean_post_title_bg_image_attachment":"","ocean_post_title_bg_image_repeat":"","ocean_post_title_bg_image_size":"","ocean_post_title_height":0,"ocean_post_title_bg_overlay":0.5,"ocean_post_title_bg_overlay_color":"","ocean_disable_breadcrumbs":"default","ocean_breadcrumbs_color":"","ocean_breadcrumbs_separator_color":"","ocean_breadcrumbs_links_color":"","ocean_breadcrumbs_links_hover_color":"","ocean_display_footer_widgets":"default","ocean_display_footer_bottom":"default","ocean_custom_footer_template":"0","footnotes":""},"class_list":["post-1216","page","type-page","status-publish","hentry","entry"],"yoast_head":"<!-- This site is optimized with the Yoast SEO plugin v26.3 - https:\/\/yoast.com\/wordpress\/plugins\/seo\/ -->\n<title>Pourquoi choisir le TPO ? - Rubberflex<\/title>\n<meta name=\"robots\" content=\"index, follow, max-snippet:-1, max-image-preview:large, max-video-preview:-1\" \/>\n<link rel=\"canonical\" href=\"https:\/\/rubberflex.fr\/?page_id=1216\" \/>\n<meta property=\"og:locale\" content=\"fr_FR\" \/>\n<meta property=\"og:type\" content=\"article\" \/>\n<meta property=\"og:title\" content=\"Pourquoi choisir le TPO ? - Rubberflex\" \/>\n<meta property=\"og:description\" content=\"Le TPO. Qu\u2019est-ce que c\u2019est\u00a0? Le TPO (Thermoplastique Polyol\u00e9fine) est une membrane synth\u00e9tique utilis\u00e9e pour le rev\u00eatement de toiture. Les membranes TPO Sintofoil ne contiennent que de l\u2019\u00e9thyl\u00e8ne-propyl\u00e8ne, du polypropyl\u00e8ne, des stabilisants UV, des pigments et des retardants feu (ceux-ci uniquement dans le cas des membranes de type FR). L\u2019absence de latex ou de toute [&hellip;]\" \/>\n<meta property=\"og:url\" content=\"https:\/\/rubberflex.fr\/?page_id=1216\" \/>\n<meta property=\"og:site_name\" content=\"Rubberflex\" \/>\n<meta property=\"article:modified_time\" content=\"2023-02-09T09:44:54+00:00\" \/>\n<meta name=\"twitter:card\" content=\"summary_large_image\" \/>\n<meta name=\"twitter:label1\" content=\"Dur\u00e9e de lecture estim\u00e9e\" \/>\n\t<meta name=\"twitter:data1\" content=\"2 minutes\" \/>\n<script type=\"application\/ld+json\" class=\"yoast-schema-graph\">{\"@context\":\"https:\/\/schema.org\",\"@graph\":[{\"@type\":\"WebPage\",\"@id\":\"https:\/\/rubberflex.fr\/?page_id=1216\",\"url\":\"https:\/\/rubberflex.fr\/?page_id=1216\",\"name\":\"Pourquoi choisir le TPO ? - Rubberflex\",\"isPartOf\":{\"@id\":\"https:\/\/rubberflex.fr\/#website\"},\"datePublished\":\"2023-02-09T09:01:28+00:00\",\"dateModified\":\"2023-02-09T09:44:54+00:00\",\"breadcrumb\":{\"@id\":\"https:\/\/rubberflex.fr\/?page_id=1216#breadcrumb\"},\"inLanguage\":\"fr-FR\",\"potentialAction\":[{\"@type\":\"ReadAction\",\"target\":[\"https:\/\/rubberflex.fr\/?page_id=1216\"]}]},{\"@type\":\"BreadcrumbList\",\"@id\":\"https:\/\/rubberflex.fr\/?page_id=1216#breadcrumb\",\"itemListElement\":[{\"@type\":\"ListItem\",\"position\":1,\"name\":\"Accueil\",\"item\":\"https:\/\/rubberflex.fr\/\"},{\"@type\":\"ListItem\",\"position\":2,\"name\":\"Pourquoi choisir le TPO ?\"}]},{\"@type\":\"WebSite\",\"@id\":\"https:\/\/rubberflex.fr\/#website\",\"url\":\"https:\/\/rubberflex.fr\/\",\"name\":\"Rubberflex\",\"description\":\"\",\"publisher\":{\"@id\":\"https:\/\/rubberflex.fr\/#organization\"},\"potentialAction\":[{\"@type\":\"SearchAction\",\"target\":{\"@type\":\"EntryPoint\",\"urlTemplate\":\"https:\/\/rubberflex.fr\/?s={search_term_string}\"},\"query-input\":{\"@type\":\"PropertyValueSpecification\",\"valueRequired\":true,\"valueName\":\"search_term_string\"}}],\"inLanguage\":\"fr-FR\"},{\"@type\":\"Organization\",\"@id\":\"https:\/\/rubberflex.fr\/#organization\",\"name\":\"Rubberflex\",\"url\":\"https:\/\/rubberflex.fr\/\",\"logo\":{\"@type\":\"ImageObject\",\"inLanguage\":\"fr-FR\",\"@id\":\"https:\/\/rubberflex.fr\/#\/schema\/logo\/image\/\",\"url\":\"https:\/\/rubberflex.fr\/wp-content\/uploads\/2022\/11\/cropped-logo-rubberflex-1.png\",\"contentUrl\":\"https:\/\/rubberflex.fr\/wp-content\/uploads\/2022\/11\/cropped-logo-rubberflex-1.png\",\"width\":582,\"height\":174,\"caption\":\"Rubberflex\"},\"image\":{\"@id\":\"https:\/\/rubberflex.fr\/#\/schema\/logo\/image\/\"}}]}<\/script>\n<!-- \/ Yoast SEO plugin. -->","yoast_head_json":{"title":"Pourquoi choisir le TPO ? - Rubberflex","robots":{"index":"index","follow":"follow","max-snippet":"max-snippet:-1","max-image-preview":"max-image-preview:large","max-video-preview":"max-video-preview:-1"},"canonical":"https:\/\/rubberflex.fr\/?page_id=1216","og_locale":"fr_FR","og_type":"article","og_title":"Pourquoi choisir le TPO ? - Rubberflex","og_description":"Le TPO. Qu\u2019est-ce que c\u2019est\u00a0? Le TPO (Thermoplastique Polyol\u00e9fine) est une membrane synth\u00e9tique utilis\u00e9e pour le rev\u00eatement de toiture. Les membranes TPO Sintofoil ne contiennent que de l\u2019\u00e9thyl\u00e8ne-propyl\u00e8ne, du polypropyl\u00e8ne, des stabilisants UV, des pigments et des retardants feu (ceux-ci uniquement dans le cas des membranes de type FR). L\u2019absence de latex ou de toute [&hellip;]","og_url":"https:\/\/rubberflex.fr\/?page_id=1216","og_site_name":"Rubberflex","article_modified_time":"2023-02-09T09:44:54+00:00","twitter_card":"summary_large_image","twitter_misc":{"Dur\u00e9e de lecture estim\u00e9e":"2 minutes"},"schema":{"@context":"https:\/\/schema.org","@graph":[{"@type":"WebPage","@id":"https:\/\/rubberflex.fr\/?page_id=1216","url":"https:\/\/rubberflex.fr\/?page_id=1216","name":"Pourquoi choisir le TPO ? - Rubberflex","isPartOf":{"@id":"https:\/\/rubberflex.fr\/#website"},"datePublished":"2023-02-09T09:01:28+00:00","dateModified":"2023-02-09T09:44:54+00:00","breadcrumb":{"@id":"https:\/\/rubberflex.fr\/?page_id=1216#breadcrumb"},"inLanguage":"fr-FR","potentialAction":[{"@type":"ReadAction","target":["https:\/\/rubberflex.fr\/?page_id=1216"]}]},{"@type":"BreadcrumbList","@id":"https:\/\/rubberflex.fr\/?page_id=1216#breadcrumb","itemListElement":[{"@type":"ListItem","position":1,"name":"Accueil","item":"https:\/\/rubberflex.fr\/"},{"@type":"ListItem","position":2,"name":"Pourquoi choisir le TPO ?"}]},{"@type":"WebSite","@id":"https:\/\/rubberflex.fr\/#website","url":"https:\/\/rubberflex.fr\/","name":"Rubberflex","description":"","publisher":{"@id":"https:\/\/rubberflex.fr\/#organization"},"potentialAction":[{"@type":"SearchAction","target":{"@type":"EntryPoint","urlTemplate":"https:\/\/rubberflex.fr\/?s={search_term_string}"},"query-input":{"@type":"PropertyValueSpecification","valueRequired":true,"valueName":"search_term_string"}}],"inLanguage":"fr-FR"},{"@type":"Organization","@id":"https:\/\/rubberflex.fr\/#organization","name":"Rubberflex","url":"https:\/\/rubberflex.fr\/","logo":{"@type":"ImageObject","inLanguage":"fr-FR","@id":"https:\/\/rubberflex.fr\/#\/schema\/logo\/image\/","url":"https:\/\/rubberflex.fr\/wp-content\/uploads\/2022\/11\/cropped-logo-rubberflex-1.png","contentUrl":"https:\/\/rubberflex.fr\/wp-content\/uploads\/2022\/11\/cropped-logo-rubberflex-1.png","width":582,"height":174,"caption":"Rubberflex"},"image":{"@id":"https:\/\/rubberflex.fr\/#\/schema\/logo\/image\/"}}]}},"_links":{"self":[{"href":"https:\/\/rubberflex.fr\/index.php?rest_route=\/wp\/v2\/pages\/1216","targetHints":{"allow":["GET"]}}],"collection":[{"href":"https:\/\/rubberflex.fr\/index.php?rest_route=\/wp\/v2\/pages"}],"about":[{"href":"https:\/\/rubberflex.fr\/index.php?rest_route=\/wp\/v2\/types\/page"}],"author":[{"embeddable":true,"href":"https:\/\/rubberflex.fr\/index.php?rest_route=\/wp\/v2\/users\/2"}],"replies":[{"embeddable":true,"href":"https:\/\/rubberflex.fr\/index.php?rest_route=%2Fwp%2Fv2%2Fcomments&post=1216"}],"version-history":[{"count":11,"href":"https:\/\/rubberflex.fr\/index.php?rest_route=\/wp\/v2\/pages\/1216\/revisions"}],"predecessor-version":[{"id":1229,"href":"https:\/\/rubberflex.fr\/index.php?rest_route=\/wp\/v2\/pages\/1216\/revisions\/1229"}],"wp:attachment":[{"href":"https:\/\/rubberflex.fr\/index.php?rest_route=%2Fwp%2Fv2%2Fmedia&parent=1216"}],"curies":[{"name":"wp","href":"https:\/\/api.w.org\/{rel}","templated":true}]}}